{"id":104265,"date":"2021-02-21T23:01:59","date_gmt":"2021-02-21T23:01:59","guid":{"rendered":"https:\/\/www.autonvaraosahaku.fi\/?product=delphi-tsp0159488-ilmastoinnin-kompressori"},"modified":"2021-02-21T23:02:03","modified_gmt":"2021-02-21T23:02:03","slug":"delphi-tsp0159488-ilmastoinnin-kompressori","status":"publish","type":"product","link":"https:\/\/www.autonvaraosahaku.fi\/?product=delphi-tsp0159488-ilmastoinnin-kompressori","title":{"rendered":"Delphi TSP0159488 Ilmastoinnin kompressori"},"content":{"rendered":"<p>Valmistaja rajaus: DELPI; Kompressori\u00f6ljy: PAG 46, PAG 46; Hihnapy\u00f6r\u00e4-\u00d8[mm]: 119; Laatu: Delphi Inside, Delphi Inside; Korvaava tuote\/korvaava tiedote 2: PAG-kompressori\u00f6ljyll\u00e4; Valmistusvuoteen: 10\/2010; PEUGEOT: 207 WA_, WC_,307 SW 3H,207 CC WD_,307 CC 3B,307 3A\/C,207 SW WK_,308 SW,208,308 4A_, 4C_,5008,307 Break 3E,508 SW,3008,PARTNER Tepee,308 CC,2008,508,PARTNER Kasten,207 Stufenheck,207 Van,PARTNER Pritsche\/Fahrgestell,208 Kasten; CITRO\u00cbN: BERLINGO B9,C5 III Break TD_,C4 Picasso I UD_,C4 Grand Picasso I UA_,C4 I LC_,DS3,C3 Picasso,C5 III RD_,C3 II,C4 Coupe LA_,C4 II B7,BERLINGO Kasten B9,DS4,C4 Stufenheck L,DS3 Cabriolet,BERLINGO Pritsche\/Fahrgestell B9; DS: DS 3,DS 3 Cabriolet; 1607424980, 1608473380, 6453QJ, 6453QK, 6453WK, 6453WL, 6453ZZ, 648701, 648708, 648709, 648735, 9651910980, 9659875780, 9678656080, 9819711680, 9822826880, 1607424980, 6453QJ, 6453QK, 6453WK, 6453ZZ, 648701, 648708, 648709, 9651910980, 9659875780, 9678656080, 9819711680, 9822826880, 1607424980, 1608473380, 6453QJ, 6453QK, 6453QX, 6453WK, 6453WL, 6453ZX, 6453ZY, 6453ZZ, 648701, 648708, 648709, 648735, 9651910980, 9659875780, 9678656080, 9819711680, 9822826880; AC Kompressori,Kompressori, Ilmastointilaite<\/p>\n","protected":false},"excerpt":{"rendered":"<p>DELPHI Ilmastoinnin Kompressori TSP0159488 AC Kompressori,Kompressori, Ilmastointilaite PEUGEOT,CITRO\u00cbN,DS,207 WA_, WC_,307 SW 3H,207 CC WD_,307 CC 3B<\/p>\n","protected":false},"featured_media":0,"template":"","meta":{"site-sidebar-layout":"default","site-content-layout":"default","ast-global-header-display":"","ast-main-header-display":"","ast-hfb-above-header-display":"","ast-hfb-below-header-display":"","ast-hfb-mobile-header-display":"","site-post-title":"","ast-breadcrumbs-content":"","ast-featured-img":"","footer-sml-layout":"","theme-transparent-header-meta":"","adv-header-id-meta":"","stick-header-meta":"","header-above-stick-meta":"","header-main-stick-meta":"","header-below-stick-meta":""},"pwb-brand":[538],"product_cat":[444],"product_tag":[],"class_list":{"0":"post-104265","1":"product","2":"type-product","3":"status-publish","5":"pwb-brand-delphi","6":"product_cat-ilmastoinnin-kompressori","7":"desktop-align-left","8":"tablet-align-left","9":"mobile-align-left","11":"first","12":"instock","13":"product-type-external"},"brands":[{"id":538,"name":"Delphi","slug":"delphi"}],"_links":{"self":[{"href":"https:\/\/www.autonvaraosahaku.fi\/index.php?rest_route=\/wp\/v2\/product\/104265","targetHints":{"allow":["GET"]}}],"collection":[{"href":"https:\/\/www.autonvaraosahaku.fi\/index.php?rest_route=\/wp\/v2\/product"}],"about":[{"href":"https:\/\/www.autonvaraosahaku.fi\/index.php?rest_route=\/wp\/v2\/types\/product"}],"wp:attachment":[{"href":"https:\/\/www.autonvaraosahaku.fi\/index.php?rest_route=%2Fwp%2Fv2%2Fmedia&parent=104265"}],"wp:term":[{"taxonomy":"pwb-brand","embeddable":true,"href":"https:\/\/www.autonvaraosahaku.fi\/index.php?rest_route=%2Fwp%2Fv2%2Fpwb-brand&post=104265"},{"taxonomy":"product_cat","embeddable":true,"href":"https:\/\/www.autonvaraosahaku.fi\/index.php?rest_route=%2Fwp%2Fv2%2Fproduct_cat&post=104265"},{"taxonomy":"product_tag","embeddable":true,"href":"https:\/\/www.autonvaraosahaku.fi\/index.php?rest_route=%2Fwp%2Fv2%2Fproduct_tag&post=104265"}],"curies":[{"name":"wp","href":"https:\/\/api.w.org\/{rel}","templated":true}]}}