{"id":104287,"date":"2021-02-21T23:02:05","date_gmt":"2021-02-21T23:02:05","guid":{"rendered":"https:\/\/www.autonvaraosahaku.fi\/?product=delphi-lp2167-jarrupalat"},"modified":"2021-02-21T23:02:10","modified_gmt":"2021-02-21T23:02:10","slug":"delphi-lp2167-jarrupalat","status":"publish","type":"product","link":"https:\/\/www.autonvaraosahaku.fi\/?product=delphi-lp2167-jarrupalat","title":{"rendered":"Delphi LP2167 Jarrupalat"},"content":{"rendered":"<p>WVA-numero: 25096 25097 25098; Jarruj\u00e4rjestelm\u00e4: Continental; Pituus (mm): 117; Pituus 2 (mm): 117; Korkeus (mm): 43; Korkeus 2 (mm): 43; Paksuus 1 [mm]: 17; Paksuus 2 [mm]: 17; M\u00e4\u00e4r\u00e4yksikk\u00f6: Akselisarja; Asennuspuoli: Hinterachse; OPEL: ASTRA J Sports Tourer,ASTRA J,ZAFIRA TOURER C P12,MOKKA,ASTRA GTC J,ASTRA J Stufenheck,CASCADA W13,AMPERA; CHEVROLET: ORLANDO J309,CRUZE J300,CRUZE Station Wagon J308,AVEO Schr\u00e4gheck T300,CRUZE Schr\u00e4gheck J305,TRAX,VOLT; VAUXHALL: ZAFIRA Mk III P12,ASTRA Mk VI J CC,ASTRA Mk VI J,AMPERA,ASTRA Mk VI J Sedan,ASTRA Mk VI J Estate,MOKKA; 133192294, 13319293, 13319294, 13404405, 13411380, 13411383, 13473427, 13473428, 95516192, 13300867, 13319293, 13319294, 13404405, 13411380, 13411383, 13417473, 13473427, 13473428, 13473429, 1605140, 1605168, 1605170, 1605176, 1605180, 1605262, 1605266, 1605294, 1605295, 1605296, 542039, 542040, 95516192, 95516196, 13300867, 13319293, 13319294, 13404405, 13411380, 13411383, 13417473, 13473427, 13473428, 13473429, 1605176, 95516192, 95516196; Jarrupalasarja,Jarrupala, Levyjarru<\/p>\n","protected":false},"excerpt":{"rendered":"<p>DELPHI Jarrupalat LP2167 Jarrupalasarja,Jarrupala, Levyjarru OPEL,CHEVROLET,VAUXHALL,ASTRA J Sports Tourer,ASTRA J,ZAFIRA TOURER C P12,MOKKA<\/p>\n","protected":false},"featured_media":0,"template":"","meta":{"site-sidebar-layout":"default","site-content-layout":"default","ast-global-header-display":"","ast-main-header-display":"","ast-hfb-above-header-display":"","ast-hfb-below-header-display":"","ast-hfb-mobile-header-display":"","site-post-title":"","ast-breadcrumbs-content":"","ast-featured-img":"","footer-sml-layout":"","theme-transparent-header-meta":"","adv-header-id-meta":"","stick-header-meta":"","header-above-stick-meta":"","header-main-stick-meta":"","header-below-stick-meta":""},"pwb-brand":[538],"product_cat":[100],"product_tag":[],"class_list":{"0":"post-104287","1":"product","2":"type-product","3":"status-publish","5":"pwb-brand-delphi","6":"product_cat-jarrupalat","7":"desktop-align-left","8":"tablet-align-left","9":"mobile-align-left","11":"first","12":"instock","13":"product-type-external"},"brands":[{"id":538,"name":"Delphi","slug":"delphi"}],"_links":{"self":[{"href":"https:\/\/www.autonvaraosahaku.fi\/index.php?rest_route=\/wp\/v2\/product\/104287","targetHints":{"allow":["GET"]}}],"collection":[{"href":"https:\/\/www.autonvaraosahaku.fi\/index.php?rest_route=\/wp\/v2\/product"}],"about":[{"href":"https:\/\/www.autonvaraosahaku.fi\/index.php?rest_route=\/wp\/v2\/types\/product"}],"wp:attachment":[{"href":"https:\/\/www.autonvaraosahaku.fi\/index.php?rest_route=%2Fwp%2Fv2%2Fmedia&parent=104287"}],"wp:term":[{"taxonomy":"pwb-brand","embeddable":true,"href":"https:\/\/www.autonvaraosahaku.fi\/index.php?rest_route=%2Fwp%2Fv2%2Fpwb-brand&post=104287"},{"taxonomy":"product_cat","embeddable":true,"href":"https:\/\/www.autonvaraosahaku.fi\/index.php?rest_route=%2Fwp%2Fv2%2Fproduct_cat&post=104287"},{"taxonomy":"product_tag","embeddable":true,"href":"https:\/\/www.autonvaraosahaku.fi\/index.php?rest_route=%2Fwp%2Fv2%2Fproduct_tag&post=104287"}],"curies":[{"name":"wp","href":"https:\/\/api.w.org\/{rel}","templated":true}]}}