{"id":104288,"date":"2021-02-21T23:02:05","date_gmt":"2021-02-21T23:02:05","guid":{"rendered":"https:\/\/www.autonvaraosahaku.fi\/?product=delphi-lp2036-jarrupalat"},"modified":"2021-02-21T23:02:10","modified_gmt":"2021-02-21T23:02:10","slug":"delphi-lp2036-jarrupalat","status":"publish","type":"product","link":"https:\/\/www.autonvaraosahaku.fi\/?product=delphi-lp2036-jarrupalat","title":{"rendered":"Delphi LP2036 Jarrupalat"},"content":{"rendered":"<p>WVA-numero: 24353 24354; Jarruj\u00e4rjestelm\u00e4: Tokico; Pituus (mm): 145; Pituus 2 (mm): 145; Korkeus (mm): 58; Korkeus 2 (mm): 58; Paksuus 1 [mm]: 16; Paksuus 2 [mm]: 16; M\u00e4\u00e4r\u00e4yksikk\u00f6: Akselisarja; Asennuspuoli: Vorderachse; FORD: RANGER ES, ET,RANGER ER, EQ; MAZDA: B-SERIE UN,BT-50 CD, UN; 1356600, 1360290, 2M342001AA, 2M342001CA, 2M342001FA, 2M352001BA, 3M352001AA, 3M352001BA, 4432201, 4432234, 4432514, 4509599, 1356600, 1360290, 1454544, 1891191, 2218086, 2M342001CB, 3M352001AA, 3M352001BA, ME2M3J2001CB, UMY13323ZA, UMY13328ZA, UMY43323Z, UMY43328Z, UMY43328Z9C, UMY43329ZA; Jarrupalasarja,Jarrupala, Levyjarru<\/p>\n","protected":false},"excerpt":{"rendered":"<p>DELPHI Jarrupalat LP2036 Jarrupalasarja,Jarrupala, Levyjarru FORD,MAZDA,RANGER ES, ET,RANGER ER, EQ,B-SERIE UN,BT-50 CD, UN<\/p>\n","protected":false},"featured_media":0,"template":"","meta":{"site-sidebar-layout":"default","site-content-layout":"default","ast-global-header-display":"","ast-main-header-display":"","ast-hfb-above-header-display":"","ast-hfb-below-header-display":"","ast-hfb-mobile-header-display":"","site-post-title":"","ast-breadcrumbs-content":"","ast-featured-img":"","footer-sml-layout":"","theme-transparent-header-meta":"","adv-header-id-meta":"","stick-header-meta":"","header-above-stick-meta":"","header-main-stick-meta":"","header-below-stick-meta":""},"pwb-brand":[538],"product_cat":[100],"product_tag":[],"class_list":{"0":"post-104288","1":"product","2":"type-product","3":"status-publish","5":"pwb-brand-delphi","6":"product_cat-jarrupalat","7":"desktop-align-left","8":"tablet-align-left","9":"mobile-align-left","11":"first","12":"instock","13":"product-type-external"},"brands":[{"id":538,"name":"Delphi","slug":"delphi"}],"_links":{"self":[{"href":"https:\/\/www.autonvaraosahaku.fi\/index.php?rest_route=\/wp\/v2\/product\/104288","targetHints":{"allow":["GET"]}}],"collection":[{"href":"https:\/\/www.autonvaraosahaku.fi\/index.php?rest_route=\/wp\/v2\/product"}],"about":[{"href":"https:\/\/www.autonvaraosahaku.fi\/index.php?rest_route=\/wp\/v2\/types\/product"}],"wp:attachment":[{"href":"https:\/\/www.autonvaraosahaku.fi\/index.php?rest_route=%2Fwp%2Fv2%2Fmedia&parent=104288"}],"wp:term":[{"taxonomy":"pwb-brand","embeddable":true,"href":"https:\/\/www.autonvaraosahaku.fi\/index.php?rest_route=%2Fwp%2Fv2%2Fpwb-brand&post=104288"},{"taxonomy":"product_cat","embeddable":true,"href":"https:\/\/www.autonvaraosahaku.fi\/index.php?rest_route=%2Fwp%2Fv2%2Fproduct_cat&post=104288"},{"taxonomy":"product_tag","embeddable":true,"href":"https:\/\/www.autonvaraosahaku.fi\/index.php?rest_route=%2Fwp%2Fv2%2Fproduct_tag&post=104288"}],"curies":[{"name":"wp","href":"https:\/\/api.w.org\/{rel}","templated":true}]}}