{"id":104289,"date":"2021-02-21T23:02:05","date_gmt":"2021-02-21T23:02:05","guid":{"rendered":"https:\/\/www.autonvaraosahaku.fi\/?product=delphi-lp2004-jarrupalat"},"modified":"2021-02-21T23:02:11","modified_gmt":"2021-02-21T23:02:11","slug":"delphi-lp2004-jarrupalat","status":"publish","type":"product","link":"https:\/\/www.autonvaraosahaku.fi\/?product=delphi-lp2004-jarrupalat","title":{"rendered":"Delphi LP2004 Jarrupalat"},"content":{"rendered":"<p>WVA-numero: 24338; Jarruj\u00e4rjestelm\u00e4: Akebono; Pituus (mm): 97; Pituus 2 (mm): 97; Korkeus (mm): 49; Korkeus 2 (mm): 49; Paksuus 1 [mm]: 15; Paksuus 2 [mm]: 15; M\u00e4\u00e4r\u00e4yksikk\u00f6: Akselisarja; Asennuspuoli: Hinterachse; TOYOTA: RAV 4 III ACA3_, ACE_, ALA3_, GSA3_, ZSA3_,RAV 4 IV ZSA4_, ALA4_,CAMRY Stufenheck _XV4_,CAMRY Stufenheck AVV5_, XV5_,MATRIX ZRE14_, AZE14_; LEXUS: ES AVV6_, GSV6_, ASV6_,ES GSV4_, ACV4_,HS ANF10; 0446633160, 0446633180, 0446633200, 0446642060, 0446675010, 04466YZZE8, 0446602220, 0446606070, 0446606090, 0446606100, 0446606200, 0446633160, 0446633180, 0446633200, 0446642060, 04466YZZE8; Jarrupalasarja,Jarrupala, Levyjarru<\/p>\n","protected":false},"excerpt":{"rendered":"<p>DELPHI Jarrupalat LP2004 Jarrupalasarja,Jarrupala, Levyjarru TOYOTA,LEXUS,RAV 4 III ACA3_, ACE_, ALA3_, GSA3_, ZSA3_,RAV 4 IV ZSA4_, ALA4_<\/p>\n","protected":false},"featured_media":0,"template":"","meta":{"site-sidebar-layout":"default","site-content-layout":"default","ast-global-header-display":"","ast-main-header-display":"","ast-hfb-above-header-display":"","ast-hfb-below-header-display":"","ast-hfb-mobile-header-display":"","site-post-title":"","ast-breadcrumbs-content":"","ast-featured-img":"","footer-sml-layout":"","theme-transparent-header-meta":"","adv-header-id-meta":"","stick-header-meta":"","header-above-stick-meta":"","header-main-stick-meta":"","header-below-stick-meta":""},"pwb-brand":[538],"product_cat":[100],"product_tag":[],"class_list":{"0":"post-104289","1":"product","2":"type-product","3":"status-publish","5":"pwb-brand-delphi","6":"product_cat-jarrupalat","7":"desktop-align-left","8":"tablet-align-left","9":"mobile-align-left","11":"first","12":"instock","13":"product-type-external"},"brands":[{"id":538,"name":"Delphi","slug":"delphi"}],"_links":{"self":[{"href":"https:\/\/www.autonvaraosahaku.fi\/index.php?rest_route=\/wp\/v2\/product\/104289","targetHints":{"allow":["GET"]}}],"collection":[{"href":"https:\/\/www.autonvaraosahaku.fi\/index.php?rest_route=\/wp\/v2\/product"}],"about":[{"href":"https:\/\/www.autonvaraosahaku.fi\/index.php?rest_route=\/wp\/v2\/types\/product"}],"wp:attachment":[{"href":"https:\/\/www.autonvaraosahaku.fi\/index.php?rest_route=%2Fwp%2Fv2%2Fmedia&parent=104289"}],"wp:term":[{"taxonomy":"pwb-brand","embeddable":true,"href":"https:\/\/www.autonvaraosahaku.fi\/index.php?rest_route=%2Fwp%2Fv2%2Fpwb-brand&post=104289"},{"taxonomy":"product_cat","embeddable":true,"href":"https:\/\/www.autonvaraosahaku.fi\/index.php?rest_route=%2Fwp%2Fv2%2Fproduct_cat&post=104289"},{"taxonomy":"product_tag","embeddable":true,"href":"https:\/\/www.autonvaraosahaku.fi\/index.php?rest_route=%2Fwp%2Fv2%2Fproduct_tag&post=104289"}],"curies":[{"name":"wp","href":"https:\/\/api.w.org\/{rel}","templated":true}]}}