{"id":104290,"date":"2021-02-21T23:02:12","date_gmt":"2021-02-21T23:02:12","guid":{"rendered":"https:\/\/www.autonvaraosahaku.fi\/?product=delphi-lp1983-jarrupalat"},"modified":"2021-02-21T23:02:12","modified_gmt":"2021-02-21T23:02:12","slug":"delphi-lp1983-jarrupalat","status":"publish","type":"product","link":"https:\/\/www.autonvaraosahaku.fi\/?product=delphi-lp1983-jarrupalat","title":{"rendered":"Delphi LP1983 Jarrupalat"},"content":{"rendered":"<p>WVA-numero: 29190; Jarruj\u00e4rjestelm\u00e4: Bosch; Pituus (mm): 137; Pituus 2 (mm): 137; Korkeus (mm): 63; Korkeus 2 (mm): 63; Paksuus 1 [mm]: 19; Paksuus 2 [mm]: 19; M\u00e4\u00e4r\u00e4yksikk\u00f6: Akselisarja; Asennuspuoli: Hinterachse; VW: CRAFTER 30-50 Kasten 2E_,CRAFTER 30-35 Bus 2E_,CRAFTER 30-50 Pritsche\/Fahrgestell 2F_; MERCEDES-BENZ: SPRINTER 3,5-t Kasten 906,SPRINTER 3,5-t Bus 906,SPRINTER 3-t Kasten 906,SPRINTER 3,5-t Pritsche\/Fahrgestell 906,SPRINTER 3-t Bus 906,SPRINTER 5-t Kasten 906,SPRINTER 5-t Pritsche\/Fahrgestell 906,SPRINTER 3-t Pritsche\/Fahrgestell 906,SPRINTER 4,6-t Pritsche\/Fahrgestell 906,SPRINTER 4,6-t Kasten 906; 0044206920, 0084205120, 9064230400, A0044206920, A0084205120, A9064230400, 2E0698451, 2E0698451H; Jarrupalasarja,Jarrupala, Levyjarru<\/p>\n","protected":false},"excerpt":{"rendered":"<p>DELPHI Jarrupalat LP1983 Jarrupalasarja,Jarrupala, Levyjarru VW,MERCEDES-BENZ,CRAFTER 30-50 Kasten 2E_,CRAFTER 30-35 Bus 2E_<\/p>\n","protected":false},"featured_media":0,"template":"","meta":{"site-sidebar-layout":"default","site-content-layout":"default","ast-global-header-display":"","ast-main-header-display":"","ast-hfb-above-header-display":"","ast-hfb-below-header-display":"","ast-hfb-mobile-header-display":"","site-post-title":"","ast-breadcrumbs-content":"","ast-featured-img":"","footer-sml-layout":"","theme-transparent-header-meta":"","adv-header-id-meta":"","stick-header-meta":"","header-above-stick-meta":"","header-main-stick-meta":"","header-below-stick-meta":""},"pwb-brand":[538],"product_cat":[100],"product_tag":[],"class_list":{"0":"post-104290","1":"product","2":"type-product","3":"status-publish","5":"pwb-brand-delphi","6":"product_cat-jarrupalat","7":"desktop-align-left","8":"tablet-align-left","9":"mobile-align-left","11":"first","12":"instock","13":"product-type-external"},"brands":[{"id":538,"name":"Delphi","slug":"delphi"}],"_links":{"self":[{"href":"https:\/\/www.autonvaraosahaku.fi\/index.php?rest_route=\/wp\/v2\/product\/104290","targetHints":{"allow":["GET"]}}],"collection":[{"href":"https:\/\/www.autonvaraosahaku.fi\/index.php?rest_route=\/wp\/v2\/product"}],"about":[{"href":"https:\/\/www.autonvaraosahaku.fi\/index.php?rest_route=\/wp\/v2\/types\/product"}],"wp:attachment":[{"href":"https:\/\/www.autonvaraosahaku.fi\/index.php?rest_route=%2Fwp%2Fv2%2Fmedia&parent=104290"}],"wp:term":[{"taxonomy":"pwb-brand","embeddable":true,"href":"https:\/\/www.autonvaraosahaku.fi\/index.php?rest_route=%2Fwp%2Fv2%2Fpwb-brand&post=104290"},{"taxonomy":"product_cat","embeddable":true,"href":"https:\/\/www.autonvaraosahaku.fi\/index.php?rest_route=%2Fwp%2Fv2%2Fproduct_cat&post=104290"},{"taxonomy":"product_tag","embeddable":true,"href":"https:\/\/www.autonvaraosahaku.fi\/index.php?rest_route=%2Fwp%2Fv2%2Fproduct_tag&post=104290"}],"curies":[{"name":"wp","href":"https:\/\/api.w.org\/{rel}","templated":true}]}}