{"id":104291,"date":"2021-02-21T23:02:12","date_gmt":"2021-02-21T23:02:12","guid":{"rendered":"https:\/\/www.autonvaraosahaku.fi\/?product=delphi-lp1616-jarrupalat"},"modified":"2021-02-21T23:02:12","modified_gmt":"2021-02-21T23:02:12","slug":"delphi-lp1616-jarrupalat","status":"publish","type":"product","link":"https:\/\/www.autonvaraosahaku.fi\/?product=delphi-lp1616-jarrupalat","title":{"rendered":"Delphi LP1616 Jarrupalat"},"content":{"rendered":"<p>WVA-numero: 29121; Jarruj\u00e4rjestelm\u00e4: Brembo; Pituus (mm): 164; Pituus 2 (mm): 164; Korkeus (mm): 66; Korkeus 2 (mm): 66; Paksuus 1 [mm]: 20; Paksuus 2 [mm]: 20; M\u00e4\u00e4r\u00e4yksikk\u00f6: Akselisarja; Asennuspuoli: Hinterachse; IVECO: DAILY IV Kasten\/Kombi,DAILY III Pritsche\/Fahrgestell,DAILY III Kasten\/Kombi,DAILY IV Pritsche\/Fahrgestell,DAILY II Pritsche\/Fahrgestell,DAILY V Kasten\/Kombi,DAILY II Kasten\/Kombi,DAILY V Pritsche\/Fahrgestell,DAILY IV Kipper,DAILY II Bus,DAILY II Kipper,DAILY VI Kasten\/Kombi,DAILY III Bus,DAILY VI Pritsche\/Fahrgestell,DAILY VI Bus,DAILY TOURYS Bus,DAILY CITYS; RENAULT TRUCKS: MASCOTT Pritsche\/Fahrgestell,MASCOTT Kasten\/Kombi; 1906401, 19092981, 2992339, 2995633, 2995693, 2996465, 2996535, 42470846, 42535791, 42548194, 503643886, 504093780, 504329186, 5001844747, 5001850859, 5001844747, 5001850859; Jarrupalasarja,Jarrupala, Levyjarru<\/p>\n","protected":false},"excerpt":{"rendered":"<p>DELPHI Jarrupalat LP1616 Jarrupalasarja,Jarrupala, Levyjarru IVECO,RENAULT TRUCKS,DAILY IV Kasten\/Kombi,DAILY III Pritsche\/Fahrgestell<\/p>\n","protected":false},"featured_media":0,"template":"","meta":{"site-sidebar-layout":"default","site-content-layout":"default","ast-global-header-display":"","ast-main-header-display":"","ast-hfb-above-header-display":"","ast-hfb-below-header-display":"","ast-hfb-mobile-header-display":"","site-post-title":"","ast-breadcrumbs-content":"","ast-featured-img":"","footer-sml-layout":"","theme-transparent-header-meta":"","adv-header-id-meta":"","stick-header-meta":"","header-above-stick-meta":"","header-main-stick-meta":"","header-below-stick-meta":""},"pwb-brand":[538],"product_cat":[100],"product_tag":[],"class_list":{"0":"post-104291","1":"product","2":"type-product","3":"status-publish","5":"pwb-brand-delphi","6":"product_cat-jarrupalat","7":"desktop-align-left","8":"tablet-align-left","9":"mobile-align-left","11":"first","12":"instock","13":"product-type-external"},"brands":[{"id":538,"name":"Delphi","slug":"delphi"}],"_links":{"self":[{"href":"https:\/\/www.autonvaraosahaku.fi\/index.php?rest_route=\/wp\/v2\/product\/104291","targetHints":{"allow":["GET"]}}],"collection":[{"href":"https:\/\/www.autonvaraosahaku.fi\/index.php?rest_route=\/wp\/v2\/product"}],"about":[{"href":"https:\/\/www.autonvaraosahaku.fi\/index.php?rest_route=\/wp\/v2\/types\/product"}],"wp:attachment":[{"href":"https:\/\/www.autonvaraosahaku.fi\/index.php?rest_route=%2Fwp%2Fv2%2Fmedia&parent=104291"}],"wp:term":[{"taxonomy":"pwb-brand","embeddable":true,"href":"https:\/\/www.autonvaraosahaku.fi\/index.php?rest_route=%2Fwp%2Fv2%2Fpwb-brand&post=104291"},{"taxonomy":"product_cat","embeddable":true,"href":"https:\/\/www.autonvaraosahaku.fi\/index.php?rest_route=%2Fwp%2Fv2%2Fproduct_cat&post=104291"},{"taxonomy":"product_tag","embeddable":true,"href":"https:\/\/www.autonvaraosahaku.fi\/index.php?rest_route=%2Fwp%2Fv2%2Fproduct_tag&post=104291"}],"curies":[{"name":"wp","href":"https:\/\/api.w.org\/{rel}","templated":true}]}}