{"id":104292,"date":"2021-02-21T23:02:12","date_gmt":"2021-02-21T23:02:12","guid":{"rendered":"https:\/\/www.autonvaraosahaku.fi\/?product=delphi-lm23823-jarrupaasylinteri"},"modified":"2021-02-21T23:02:12","modified_gmt":"2021-02-21T23:02:12","slug":"delphi-lm23823-jarrupaasylinteri","status":"publish","type":"product","link":"https:\/\/www.autonvaraosahaku.fi\/?product=delphi-lm23823-jarrupaasylinteri","title":{"rendered":"Delphi LM23823 Jarrup\u00e4\u00e4sylinteri"},"content":{"rendered":"<p>Sylinterim\u00e4nn\u00e4n halkaisija [mm]: 21; Jarruj\u00e4rjestelm\u00e4: ATE\/BEN; Valmistusvuosi alkaen: 01\/1991; RENAULT: MEGANE Scenic JA0\/1_,MEGANE I BA0\/1_,MEGANE I Cabriolet EA0\/1_,CLIO I B\/C57_, 5\/357_,MEGANE I Classic LA0\/1_,MEGANE I Coach DA0\/1_,19 II B\/C53_,19 II Cabriolet D53_, 853_,RAPID Kasten F40_, G40_,19 I B\/C53_,19 II Chamade L53_,ESPACE I J11_,19 I Chamade L53_,THALIA I LB0\/1\/2_,CLIO I Kasten S57_,19 I Cabriolet D53_,19 II Kasten S53_,19 I Kasten S53_,THALIA II LU1\/2_,EXPRESS Pick-up,EXPRESS Kasten\/Kombi; PEUGEOT: 106 I 1A, 1C,205 II 20A\/C,205 I Cabriolet 741B, 20D,309 II 3C, 3A,205 I 741A\/C,309 I 10C, 10A,205 Kasten; SEAT: IBIZA I 021A,TERRA Kasten 024A,MALAGA 023A,RONDA 022A; CITRO\u00cbN: AX ZA-_,ZX N2; 460185, 4601H4, 91510533, 91619534, 460185, 4601A3, 7701204608, 7701349871, 91510533<\/p>\n","protected":false},"excerpt":{"rendered":"<p>DELPHI Jarrup\u00e4\u00e4sylinteri LM23823  RENAULT,PEUGEOT,SEAT,MEGANE Scenic JA0\/1_,MEGANE I BA0\/1_,MEGANE I Cabriolet EA0\/1_,CLIO I B\/C57_, 5\/357_<\/p>\n","protected":false},"featured_media":0,"template":"","meta":{"site-sidebar-layout":"default","site-content-layout":"default","ast-global-header-display":"","ast-main-header-display":"","ast-hfb-above-header-display":"","ast-hfb-below-header-display":"","ast-hfb-mobile-header-display":"","site-post-title":"","ast-breadcrumbs-content":"","ast-featured-img":"","footer-sml-layout":"","theme-transparent-header-meta":"","adv-header-id-meta":"","stick-header-meta":"","header-above-stick-meta":"","header-main-stick-meta":"","header-below-stick-meta":""},"pwb-brand":[538],"product_cat":[276],"product_tag":[],"class_list":{"0":"post-104292","1":"product","2":"type-product","3":"status-publish","5":"pwb-brand-delphi","6":"product_cat-jarrupaasylinteri","7":"desktop-align-left","8":"tablet-align-left","9":"mobile-align-left","11":"first","12":"instock","13":"product-type-external"},"brands":[{"id":538,"name":"Delphi","slug":"delphi"}],"_links":{"self":[{"href":"https:\/\/www.autonvaraosahaku.fi\/index.php?rest_route=\/wp\/v2\/product\/104292","targetHints":{"allow":["GET"]}}],"collection":[{"href":"https:\/\/www.autonvaraosahaku.fi\/index.php?rest_route=\/wp\/v2\/product"}],"about":[{"href":"https:\/\/www.autonvaraosahaku.fi\/index.php?rest_route=\/wp\/v2\/types\/product"}],"wp:attachment":[{"href":"https:\/\/www.autonvaraosahaku.fi\/index.php?rest_route=%2Fwp%2Fv2%2Fmedia&parent=104292"}],"wp:term":[{"taxonomy":"pwb-brand","embeddable":true,"href":"https:\/\/www.autonvaraosahaku.fi\/index.php?rest_route=%2Fwp%2Fv2%2Fpwb-brand&post=104292"},{"taxonomy":"product_cat","embeddable":true,"href":"https:\/\/www.autonvaraosahaku.fi\/index.php?rest_route=%2Fwp%2Fv2%2Fproduct_cat&post=104292"},{"taxonomy":"product_tag","embeddable":true,"href":"https:\/\/www.autonvaraosahaku.fi\/index.php?rest_route=%2Fwp%2Fv2%2Fproduct_tag&post=104292"}],"curies":[{"name":"wp","href":"https:\/\/api.w.org\/{rel}","templated":true}]}}