{"id":104293,"date":"2021-02-21T23:02:12","date_gmt":"2021-02-21T23:02:12","guid":{"rendered":"https:\/\/www.autonvaraosahaku.fi\/?product=delphi-fe0450-12b1-polttoainepumppu"},"modified":"2021-02-21T23:02:13","modified_gmt":"2021-02-21T23:02:13","slug":"delphi-fe0450-12b1-polttoainepumppu","status":"publish","type":"product","link":"https:\/\/www.autonvaraosahaku.fi\/?product=delphi-fe0450-12b1-polttoainepumppu","title":{"rendered":"Delphi FE0450-12B1 Polttoainepumppu"},"content":{"rendered":"<p>K\u00e4ytt\u00f6: S\u00e4hk\u00f6inen; Pituus (mm): 197; Leveys (mm): 52; Korkeus (mm): 54; Paine (bar): 3; Uusi osa: ; MERCEDES-BENZ: C-CLASS W202,190 W201,SLK R170,E-CLASS W210,Stufenheck W124,E-CLASS Kombi S210,SL R129,SL R107,S-CLASS W126,KOMBI Kombi S124,E-CLASS W124,G-CLASS W463,COUPE C124,S-CLASS W140,E-CLASS Kombi S124,S-CLASS Coupe C126,E-CLASS Cabriolet A124,E-CLASS Coupe C124,S-CLASS Coupe C140,G-CLASS Cabrio W463; FORD: SIERRA GBG, GB4,SIERRA Schr\u00e4gheck GBC, GBG,SCORPIO I GAE, GGE,SIERRA Schr\u00e4gheck GBC,SCORPIO I Stufenheck GGE,SIERRA Kombi BNG,SIERRA Kombi BNC; RENAULT: TWINGO I C06_,CLIO I B\/C57_, 5\/357_,ESPACE II J\/S63_,RAPID Kasten F40_, G40_,TRAFIC Bus TXW,SAFRANE I B54_,ESPACE I J11_,21 Stufenheck L48_,25 B29_,FUEGO 136_; FIAT: UNO 146A\/E; SKODA: FABIA 6Y2; CITRO\u00cbN: 2 CV,CX II; VOLVO: 940 II Kombi 945,940 Kombi 945,740 Kombi 745,740 744,960 II 964,940 944,760 704, 764,340-360 343, 345,960 Kombi 965,940 II 944,960 964,340-360 Stufenheck 344,780; ALFA ROMEO: 75 162B; PORSCHE: 944,924,911,968,911 Cabriolet,944 Cabriolet,968 Cabriolet; SAAB: 9000 Schr\u00e4gheck,900 I Combi Coupe,900 I AC4, AM4,9000; 113540402100, 116460402100, 605183220, 91538807, 60518322, 7554136, CBC5656, DBC2482, 145070, 92860810401, 92860810402, 94460810200, 7700260678, 7700267774, 9142044, 9142045<\/p>\n","protected":false},"excerpt":{"rendered":"<p>DELPHI Polttoainepumppu FE0450-12B1  MERCEDES-BENZ,FORD,RENAULT,C-CLASS W202,190 W201,SLK R170,E-CLASS W210,Stufenheck W124,E-CLASS Kombi S210,SL R129<\/p>\n","protected":false},"featured_media":0,"template":"","meta":{"site-sidebar-layout":"default","site-content-layout":"default","ast-global-header-display":"","ast-main-header-display":"","ast-hfb-above-header-display":"","ast-hfb-below-header-display":"","ast-hfb-mobile-header-display":"","site-post-title":"","ast-breadcrumbs-content":"","ast-featured-img":"","footer-sml-layout":"","theme-transparent-header-meta":"","adv-header-id-meta":"","stick-header-meta":"","header-above-stick-meta":"","header-main-stick-meta":"","header-below-stick-meta":""},"pwb-brand":[538],"product_cat":[73],"product_tag":[],"class_list":{"0":"post-104293","1":"product","2":"type-product","3":"status-publish","5":"pwb-brand-delphi","6":"product_cat-polttoainepumppu","7":"desktop-align-left","8":"tablet-align-left","9":"mobile-align-left","11":"first","12":"instock","13":"product-type-external"},"brands":[{"id":538,"name":"Delphi","slug":"delphi"}],"_links":{"self":[{"href":"https:\/\/www.autonvaraosahaku.fi\/index.php?rest_route=\/wp\/v2\/product\/104293","targetHints":{"allow":["GET"]}}],"collection":[{"href":"https:\/\/www.autonvaraosahaku.fi\/index.php?rest_route=\/wp\/v2\/product"}],"about":[{"href":"https:\/\/www.autonvaraosahaku.fi\/index.php?rest_route=\/wp\/v2\/types\/product"}],"wp:attachment":[{"href":"https:\/\/www.autonvaraosahaku.fi\/index.php?rest_route=%2Fwp%2Fv2%2Fmedia&parent=104293"}],"wp:term":[{"taxonomy":"pwb-brand","embeddable":true,"href":"https:\/\/www.autonvaraosahaku.fi\/index.php?rest_route=%2Fwp%2Fv2%2Fpwb-brand&post=104293"},{"taxonomy":"product_cat","embeddable":true,"href":"https:\/\/www.autonvaraosahaku.fi\/index.php?rest_route=%2Fwp%2Fv2%2Fproduct_cat&post=104293"},{"taxonomy":"product_tag","embeddable":true,"href":"https:\/\/www.autonvaraosahaku.fi\/index.php?rest_route=%2Fwp%2Fv2%2Fproduct_tag&post=104293"}],"curies":[{"name":"wp","href":"https:\/\/api.w.org\/{rel}","templated":true}]}}