{"id":104297,"date":"2021-02-21T23:02:12","date_gmt":"2021-02-21T23:02:12","guid":{"rendered":"https:\/\/www.autonvaraosahaku.fi\/?product=delphi-tsp0155897-ilmastoinnin-kompressori"},"modified":"2021-02-21T23:02:14","modified_gmt":"2021-02-21T23:02:14","slug":"delphi-tsp0155897-ilmastoinnin-kompressori","status":"publish","type":"product","link":"https:\/\/www.autonvaraosahaku.fi\/?product=delphi-tsp0155897-ilmastoinnin-kompressori","title":{"rendered":"Delphi TSP0155897 Ilmastoinnin kompressori"},"content":{"rendered":"<p>Valmistaja rajaus: Delphi; Kompressori\u00f6ljy: PAG 150, PAG 150; Hihnapy\u00f6r\u00e4-\u00d8[mm]: 119; Kompressorin tunnus: V5; Korvaava tuote\/korvaava tiedote 2: PAG-kompressori\u00f6ljyll\u00e4; TECDOC-moottorinumero: 19713; NISSAN: PRIMASTAR Bus X83,PRIMASTAR Kasten X83,INTERSTAR Kasten X70,INTERSTAR Bus X70,INTERSTAR Pritsche\/Fahrgestell,PRIMASTAR Pritsche\/Fahrgestell; OPEL: VIVARO Kasten F7,VIVARO Combi J7,MOVANO Kasten F9,MOVANO Combi J9,VIVARO Pritsche\/Fahrgestell E7,MOVANO Pritsche\/Fahrgestell U9, E9,MOVANO Kipper H9; RENAULT: TRAFIC II Bus JL,MASTER II Kasten FD,TRAFIC II Kasten FL,MASTER II Pritsche\/Fahrgestell ED\/HD\/UD,MASTER II Bus JD,TRAFIC II Pritsche\/Fahrgestell EL; VAUXHALL: VIVARO Kasten F7,MOVANO Mk I A Van FD,MOVANO Mk I A Combi JD,VIVARO Combi J7,VIVARO Pritsche\/Fahrgestell E7; 4405239, 4417713, 4418575, 4418826, 4434678, 4435072, 4449435, 4452609, 9121072, 93191202, 93194183, 93196454, 93198404, 93198462, 93198627, 93198853, 8200200671, 8200678510, 8200763772, 8200795534, 8200832990, 8200895038, 8200979500, 8201250900, 4405239, 4417713, 9121072, 93191202, 93194183, 93196454, 93198404, 93198462, 93198627, 93198853; AC Kompressori,Kompressori, Ilmastointilaite<\/p>\n","protected":false},"excerpt":{"rendered":"<p>DELPHI Ilmastoinnin Kompressori TSP0155897 AC Kompressori,Kompressori, Ilmastointilaite NISSAN,OPEL,RENAULT,PRIMASTAR Bus X83,PRIMASTAR Kasten X83<\/p>\n","protected":false},"featured_media":0,"template":"","meta":{"site-sidebar-layout":"default","site-content-layout":"default","ast-global-header-display":"","ast-main-header-display":"","ast-hfb-above-header-display":"","ast-hfb-below-header-display":"","ast-hfb-mobile-header-display":"","site-post-title":"","ast-breadcrumbs-content":"","ast-featured-img":"","footer-sml-layout":"","theme-transparent-header-meta":"","adv-header-id-meta":"","stick-header-meta":"","header-above-stick-meta":"","header-main-stick-meta":"","header-below-stick-meta":""},"pwb-brand":[538],"product_cat":[444],"product_tag":[],"class_list":{"0":"post-104297","1":"product","2":"type-product","3":"status-publish","5":"pwb-brand-delphi","6":"product_cat-ilmastoinnin-kompressori","7":"desktop-align-left","8":"tablet-align-left","9":"mobile-align-left","11":"first","12":"instock","13":"product-type-external"},"brands":[{"id":538,"name":"Delphi","slug":"delphi"}],"_links":{"self":[{"href":"https:\/\/www.autonvaraosahaku.fi\/index.php?rest_route=\/wp\/v2\/product\/104297","targetHints":{"allow":["GET"]}}],"collection":[{"href":"https:\/\/www.autonvaraosahaku.fi\/index.php?rest_route=\/wp\/v2\/product"}],"about":[{"href":"https:\/\/www.autonvaraosahaku.fi\/index.php?rest_route=\/wp\/v2\/types\/product"}],"wp:attachment":[{"href":"https:\/\/www.autonvaraosahaku.fi\/index.php?rest_route=%2Fwp%2Fv2%2Fmedia&parent=104297"}],"wp:term":[{"taxonomy":"pwb-brand","embeddable":true,"href":"https:\/\/www.autonvaraosahaku.fi\/index.php?rest_route=%2Fwp%2Fv2%2Fpwb-brand&post=104297"},{"taxonomy":"product_cat","embeddable":true,"href":"https:\/\/www.autonvaraosahaku.fi\/index.php?rest_route=%2Fwp%2Fv2%2Fproduct_cat&post=104297"},{"taxonomy":"product_tag","embeddable":true,"href":"https:\/\/www.autonvaraosahaku.fi\/index.php?rest_route=%2Fwp%2Fv2%2Fproduct_tag&post=104297"}],"curies":[{"name":"wp","href":"https:\/\/api.w.org\/{rel}","templated":true}]}}