{"id":104334,"date":"2021-02-21T23:02:24","date_gmt":"2021-02-21T23:02:24","guid":{"rendered":"https:\/\/www.autonvaraosahaku.fi\/?product=delphi-ts10301-jaahdytysnesteen-lampotila-anturi"},"modified":"2021-02-21T23:02:26","modified_gmt":"2021-02-21T23:02:26","slug":"delphi-ts10301-jaahdytysnesteen-lampotila-anturi","status":"publish","type":"product","link":"https:\/\/www.autonvaraosahaku.fi\/?product=delphi-ts10301-jaahdytysnesteen-lampotila-anturi","title":{"rendered":"Delphi TS10301 J\u00e4\u00e4hdytysnesteen l\u00e4mp\u00f6tila anturi"},"content":{"rendered":"<p>K\u00e4yt\u00f6ss\u00e4 koskettimia: 3; V\u00e4ri: Sininen; Valmistusvuosi alkaen: 03\/2000; FIAT: DUCATO Pritsche\/Fahrgestell 230,DUCATO Bus 230,DUCATO Kasten 244,DUCATO Pritsche\/Fahrgestell 244,DUCATO Kasten 230L,DUCATO Bus 244, Z_; PEUGEOT: 206 Schr\u00e4gheck 2A\/C,206 SW 2E\/K,306 Schr\u00e4gheck 7A, 7C, N3, N5,PARTNER Combispace 5F,PARTNER Kasten 5,306 Break 7E, N3, N5,BOXER Kasten 230L,BOXER Kasten 244,306 7B, N3, N5,BOXER Bus 244, Z_,BOXER Pritsche\/Fahrgestell 244; CITRO\u00cbN: BERLINGO MF,BERLINGO Kasten M_,XSARA N1,XSARA Break N2,JUMPER Kasten 244,XSARA Coupe N0,JUMPER Kasten 230L,JUMPER Bus 244, Z_,JUMPER Pritsche\/Fahrgestell 244,XSARA Kasten; 1338C0, 1338C0; J\u00e4\u00e4hdytysnestel\u00e4mp\u00f6tilan Sensori<\/p>\n","protected":false},"excerpt":{"rendered":"<p>DELPHI J\u00e4\u00e4hdytysnesteen L\u00e4mp\u00f6tila Anturi TS10301 J\u00e4\u00e4hdytysnestel\u00e4mp\u00f6tilan Sensori FIAT,PEUGEOT,CITRO\u00cbN,DUCATO Pritsche\/Fahrgestell 230,DUCATO Bus 230<\/p>\n","protected":false},"featured_media":0,"template":"","meta":{"site-sidebar-layout":"default","site-content-layout":"default","ast-global-header-display":"","ast-main-header-display":"","ast-hfb-above-header-display":"","ast-hfb-below-header-display":"","ast-hfb-mobile-header-display":"","site-post-title":"","ast-breadcrumbs-content":"","ast-featured-img":"","footer-sml-layout":"","theme-transparent-header-meta":"","adv-header-id-meta":"","stick-header-meta":"","header-above-stick-meta":"","header-main-stick-meta":"","header-below-stick-meta":""},"pwb-brand":[538],"product_cat":[200],"product_tag":[],"class_list":{"0":"post-104334","1":"product","2":"type-product","3":"status-publish","5":"pwb-brand-delphi","6":"product_cat-jaahdytysnesteen-lampotila-anturi","7":"desktop-align-left","8":"tablet-align-left","9":"mobile-align-left","11":"first","12":"instock","13":"product-type-external"},"brands":[{"id":538,"name":"Delphi","slug":"delphi"}],"_links":{"self":[{"href":"https:\/\/www.autonvaraosahaku.fi\/index.php?rest_route=\/wp\/v2\/product\/104334","targetHints":{"allow":["GET"]}}],"collection":[{"href":"https:\/\/www.autonvaraosahaku.fi\/index.php?rest_route=\/wp\/v2\/product"}],"about":[{"href":"https:\/\/www.autonvaraosahaku.fi\/index.php?rest_route=\/wp\/v2\/types\/product"}],"wp:attachment":[{"href":"https:\/\/www.autonvaraosahaku.fi\/index.php?rest_route=%2Fwp%2Fv2%2Fmedia&parent=104334"}],"wp:term":[{"taxonomy":"pwb-brand","embeddable":true,"href":"https:\/\/www.autonvaraosahaku.fi\/index.php?rest_route=%2Fwp%2Fv2%2Fpwb-brand&post=104334"},{"taxonomy":"product_cat","embeddable":true,"href":"https:\/\/www.autonvaraosahaku.fi\/index.php?rest_route=%2Fwp%2Fv2%2Fproduct_cat&post=104334"},{"taxonomy":"product_tag","embeddable":true,"href":"https:\/\/www.autonvaraosahaku.fi\/index.php?rest_route=%2Fwp%2Fv2%2Fproduct_tag&post=104334"}],"curies":[{"name":"wp","href":"https:\/\/api.w.org\/{rel}","templated":true}]}}