{"id":104349,"date":"2021-02-21T23:02:24","date_gmt":"2021-02-21T23:02:24","guid":{"rendered":"https:\/\/www.autonvaraosahaku.fi\/?product=delphi-tsp0325123-raitisilmasuodatin"},"modified":"2021-02-21T23:02:30","modified_gmt":"2021-02-21T23:02:30","slug":"delphi-tsp0325123-raitisilmasuodatin","status":"publish","type":"product","link":"https:\/\/www.autonvaraosahaku.fi\/?product=delphi-tsp0325123-raitisilmasuodatin","title":{"rendered":"Delphi TSP0325123 Raitisilmasuodatin"},"content":{"rendered":"<p>M\u00e4\u00e4r\u00e4: 1; Leveys (mm): 180; Pituus (mm): 285; Korkeus (mm): 30; Valmistusvuoteen: 12\/2014; CITRO\u00cbN: C2 JM_,C3 I FC_,C4 Picasso I UD_,C4 Grand Picasso I UA_,C4 I LC_,BERLINGO Kasten M_,C3 Picasso,C4 Coupe LA_,C3 Pluriel HB_,C4 II B7,BERLINGO Kasten B9,DS4,C4 Stufenheck L,C2 ENTERPRISE,XSARA Kasten,C4 Stufenheck N,XSARA Kasten\/Schr\u00e4gheck; PEUGEOT: 307 SW 3H,307 CC 3B,307 3A\/C,308 SW,308 4A_, 4C_,307 Break 3E,RCZ,308 CC,1007 KM_,PARTNER Combispace 5F,PARTNER Kasten 5,PARTNER Pritsche\/Fahrgestell; DS: DS 4 \/ DS 4 CROSSBACK; 6447KK, 6447KR, 6447NT, 6447TL, 6479A1, 6479C2, 6447KK, 6447KR, 6447NT, 6479C2, 6447KK, 6447KR, 6447NT, 6447TJ, 6447TL, 6479A1, 6479C2; Sis\u00e4ilmansuodatin,Suodatin, Sis\u00e4ilma<\/p>\n","protected":false},"excerpt":{"rendered":"<p>DELPHI Raitisilmasuodatin TSP0325123 Sis\u00e4ilmansuodatin,Suodatin, Sis\u00e4ilma CITRO\u00cbN,PEUGEOT,DS,C2 JM_,C3 I FC_,C4 Picasso I UD_,C4 Grand Picasso I UA_<\/p>\n","protected":false},"featured_media":0,"template":"","meta":{"site-sidebar-layout":"default","site-content-layout":"default","ast-global-header-display":"","ast-main-header-display":"","ast-hfb-above-header-display":"","ast-hfb-below-header-display":"","ast-hfb-mobile-header-display":"","site-post-title":"","ast-breadcrumbs-content":"","ast-featured-img":"","footer-sml-layout":"","theme-transparent-header-meta":"","adv-header-id-meta":"","stick-header-meta":"","header-above-stick-meta":"","header-main-stick-meta":"","header-below-stick-meta":""},"pwb-brand":[538],"product_cat":[19],"product_tag":[],"class_list":{"0":"post-104349","1":"product","2":"type-product","3":"status-publish","5":"pwb-brand-delphi","6":"product_cat-raitisilmasuodatin","7":"desktop-align-left","8":"tablet-align-left","9":"mobile-align-left","11":"first","12":"instock","13":"product-type-external"},"brands":[{"id":538,"name":"Delphi","slug":"delphi"}],"_links":{"self":[{"href":"https:\/\/www.autonvaraosahaku.fi\/index.php?rest_route=\/wp\/v2\/product\/104349","targetHints":{"allow":["GET"]}}],"collection":[{"href":"https:\/\/www.autonvaraosahaku.fi\/index.php?rest_route=\/wp\/v2\/product"}],"about":[{"href":"https:\/\/www.autonvaraosahaku.fi\/index.php?rest_route=\/wp\/v2\/types\/product"}],"wp:attachment":[{"href":"https:\/\/www.autonvaraosahaku.fi\/index.php?rest_route=%2Fwp%2Fv2%2Fmedia&parent=104349"}],"wp:term":[{"taxonomy":"pwb-brand","embeddable":true,"href":"https:\/\/www.autonvaraosahaku.fi\/index.php?rest_route=%2Fwp%2Fv2%2Fpwb-brand&post=104349"},{"taxonomy":"product_cat","embeddable":true,"href":"https:\/\/www.autonvaraosahaku.fi\/index.php?rest_route=%2Fwp%2Fv2%2Fproduct_cat&post=104349"},{"taxonomy":"product_tag","embeddable":true,"href":"https:\/\/www.autonvaraosahaku.fi\/index.php?rest_route=%2Fwp%2Fv2%2Fproduct_tag&post=104349"}],"curies":[{"name":"wp","href":"https:\/\/api.w.org\/{rel}","templated":true}]}}