{"id":104359,"date":"2021-02-21T23:02:30","date_gmt":"2021-02-21T23:02:30","guid":{"rendered":"https:\/\/www.autonvaraosahaku.fi\/?product=delphi-bf596-jarrurumpu"},"modified":"2021-02-21T23:02:33","modified_gmt":"2021-02-21T23:02:33","slug":"delphi-bf596-jarrurumpu","status":"publish","type":"product","link":"https:\/\/www.autonvaraosahaku.fi\/?product=delphi-bf596-jarrurumpu","title":{"rendered":"Delphi BF596 Jarrurumpu"},"content":{"rendered":"<p>Korvaava tuote\/korvaava tiedote 2: ilman laakeria; Reik\u00e4ympyr\u00e4-\u00d8 [mm]: 100; Korkeus (mm): 209; Rumpul\u00e4pimitta: 242; Reikien m\u00e4\u00e4r\u00e4: 4; Asennuspuoli: Hinterachse; SUZUKI: SWIFT IV FZ, NZ; 4351168L00<\/p>\n","protected":false},"excerpt":{"rendered":"<p>DELPHI Jarrurumpu BF596  SUZUKI,SWIFT IV FZ, NZ<\/p>\n","protected":false},"featured_media":0,"template":"","meta":{"site-sidebar-layout":"default","site-content-layout":"default","ast-global-header-display":"","ast-main-header-display":"","ast-hfb-above-header-display":"","ast-hfb-below-header-display":"","ast-hfb-mobile-header-display":"","site-post-title":"","ast-breadcrumbs-content":"","ast-featured-img":"","footer-sml-layout":"","theme-transparent-header-meta":"","adv-header-id-meta":"","stick-header-meta":"","header-above-stick-meta":"","header-main-stick-meta":"","header-below-stick-meta":""},"pwb-brand":[538],"product_cat":[304],"product_tag":[],"class_list":{"0":"post-104359","1":"product","2":"type-product","3":"status-publish","5":"pwb-brand-delphi","6":"product_cat-jarrurumpu","7":"desktop-align-left","8":"tablet-align-left","9":"mobile-align-left","11":"first","12":"instock","13":"product-type-external"},"brands":[{"id":538,"name":"Delphi","slug":"delphi"}],"_links":{"self":[{"href":"https:\/\/www.autonvaraosahaku.fi\/index.php?rest_route=\/wp\/v2\/product\/104359","targetHints":{"allow":["GET"]}}],"collection":[{"href":"https:\/\/www.autonvaraosahaku.fi\/index.php?rest_route=\/wp\/v2\/product"}],"about":[{"href":"https:\/\/www.autonvaraosahaku.fi\/index.php?rest_route=\/wp\/v2\/types\/product"}],"wp:attachment":[{"href":"https:\/\/www.autonvaraosahaku.fi\/index.php?rest_route=%2Fwp%2Fv2%2Fmedia&parent=104359"}],"wp:term":[{"taxonomy":"pwb-brand","embeddable":true,"href":"https:\/\/www.autonvaraosahaku.fi\/index.php?rest_route=%2Fwp%2Fv2%2Fpwb-brand&post=104359"},{"taxonomy":"product_cat","embeddable":true,"href":"https:\/\/www.autonvaraosahaku.fi\/index.php?rest_route=%2Fwp%2Fv2%2Fproduct_cat&post=104359"},{"taxonomy":"product_tag","embeddable":true,"href":"https:\/\/www.autonvaraosahaku.fi\/index.php?rest_route=%2Fwp%2Fv2%2Fproduct_tag&post=104359"}],"curies":[{"name":"wp","href":"https:\/\/api.w.org\/{rel}","templated":true}]}}