{"id":104365,"date":"2021-02-21T23:02:30","date_gmt":"2021-02-21T23:02:30","guid":{"rendered":"https:\/\/www.autonvaraosahaku.fi\/?product=delphi-lp1721-jarrupalat"},"modified":"2021-02-21T23:02:35","modified_gmt":"2021-02-21T23:02:35","slug":"delphi-lp1721-jarrupalat","status":"publish","type":"product","link":"https:\/\/www.autonvaraosahaku.fi\/?product=delphi-lp1721-jarrupalat","title":{"rendered":"Delphi LP1721 Jarrupalat"},"content":{"rendered":"<p>WVA-numero: 23708 23709 23710 23; Jarruj\u00e4rjestelm\u00e4: Bosch; Pituus (mm): 137; Pituus 2 (mm): 137; Korkeus (mm): 57; Korkeus 2 (mm): 57; Paksuus 1 [mm]: 19; Paksuus 2 [mm]: 19; M\u00e4\u00e4r\u00e4yksikk\u00f6: Akselisarja; Asennuspuoli: Vorderachse; OPEL: COMBO Kasten\/Kombi X12; FIAT: GRANDE PUNTO 199,STILO 192,BRAVO II 198,DUCATO Bus 250,DOBLO Cargo 223,STILO Multi Wagon 192,DOBLO 119,DOBLO Kasten\/Kombi 263,IDEA,MULTIPLA 186,DOBLO Gro\u00dfraumlimousine 152, 263,LINEA 323,DOBLO Pritsche\/Fahrgestell 263; CITRO\u00cbN: C4 I LC_,C4 Coupe LA_; LANCIA: DELTA III 844,MUSA 350; ABARTH: 500 \/ 595 312_; VAUXHALL: COMBO Mk III D Kasten\/Kombi; 71770086, 77363958, 77365026, 77365113, 0006001073156, 51928528, 6001073136, 71752990, 71754803, 71770012, 71770122, 71770981, 71772222, 71772521, 71773152, 77362092, 77362195, 77362710, 77362712, 77362743, 77363420, 77363958, 77364473, 77364599, 77364875, 77365026, 77365113, 77365379, 77365623, 77365716, 77365810, 77365865, 9949276, 77362743, 77364473, 77364599, 77365623, 77365810, 1605181, 95515027, 95515027; Jarrupalasarja,Jarrupala, Levyjarru<\/p>\n","protected":false},"excerpt":{"rendered":"<p>DELPHI Jarrupalat LP1721 Jarrupalasarja,Jarrupala, Levyjarru OPEL,FIAT,CITRO\u00cbN,COMBO Kasten\/Kombi X12,GRANDE PUNTO 199,STILO 192,BRAVO II 198<\/p>\n","protected":false},"featured_media":0,"template":"","meta":{"site-sidebar-layout":"default","site-content-layout":"default","ast-global-header-display":"","ast-main-header-display":"","ast-hfb-above-header-display":"","ast-hfb-below-header-display":"","ast-hfb-mobile-header-display":"","site-post-title":"","ast-breadcrumbs-content":"","ast-featured-img":"","footer-sml-layout":"","theme-transparent-header-meta":"","adv-header-id-meta":"","stick-header-meta":"","header-above-stick-meta":"","header-main-stick-meta":"","header-below-stick-meta":""},"pwb-brand":[538],"product_cat":[100],"product_tag":[],"class_list":{"0":"post-104365","1":"product","2":"type-product","3":"status-publish","5":"pwb-brand-delphi","6":"product_cat-jarrupalat","7":"desktop-align-left","8":"tablet-align-left","9":"mobile-align-left","11":"first","12":"instock","13":"product-type-external"},"brands":[{"id":538,"name":"Delphi","slug":"delphi"}],"_links":{"self":[{"href":"https:\/\/www.autonvaraosahaku.fi\/index.php?rest_route=\/wp\/v2\/product\/104365","targetHints":{"allow":["GET"]}}],"collection":[{"href":"https:\/\/www.autonvaraosahaku.fi\/index.php?rest_route=\/wp\/v2\/product"}],"about":[{"href":"https:\/\/www.autonvaraosahaku.fi\/index.php?rest_route=\/wp\/v2\/types\/product"}],"wp:attachment":[{"href":"https:\/\/www.autonvaraosahaku.fi\/index.php?rest_route=%2Fwp%2Fv2%2Fmedia&parent=104365"}],"wp:term":[{"taxonomy":"pwb-brand","embeddable":true,"href":"https:\/\/www.autonvaraosahaku.fi\/index.php?rest_route=%2Fwp%2Fv2%2Fpwb-brand&post=104365"},{"taxonomy":"product_cat","embeddable":true,"href":"https:\/\/www.autonvaraosahaku.fi\/index.php?rest_route=%2Fwp%2Fv2%2Fproduct_cat&post=104365"},{"taxonomy":"product_tag","embeddable":true,"href":"https:\/\/www.autonvaraosahaku.fi\/index.php?rest_route=%2Fwp%2Fv2%2Fproduct_tag&post=104365"}],"curies":[{"name":"wp","href":"https:\/\/api.w.org\/{rel}","templated":true}]}}