{"id":104366,"date":"2021-02-21T23:02:30","date_gmt":"2021-02-21T23:02:30","guid":{"rendered":"https:\/\/www.autonvaraosahaku.fi\/?product=delphi-lp1699-jarrupalat"},"modified":"2021-02-21T23:02:35","modified_gmt":"2021-02-21T23:02:35","slug":"delphi-lp1699-jarrupalat","status":"publish","type":"product","link":"https:\/\/www.autonvaraosahaku.fi\/?product=delphi-lp1699-jarrupalat","title":{"rendered":"Delphi LP1699 Jarrupalat"},"content":{"rendered":"<p>WVA-numero: 23597 23598; Jarruj\u00e4rjestelm\u00e4: Bosch; Pituus (mm): 131; Pituus 2 (mm): 131; Korkeus (mm): 47; Korkeus 2 (mm): 47; Paksuus 1 [mm]: 17; Paksuus 2 [mm]: 17; M\u00e4\u00e4r\u00e4yksikk\u00f6: Akselisarja; Asennuspuoli: Vorderachse; PEUGEOT: 206 Schr\u00e4gheck 2A\/C,206 SW 2E\/K,206+ T3E,306 Break 7E, N3, N5,306 7B, N3, N5,206 Stufenheck,206 Van,306 Van N_, 7_,306 Kasten\/Schr\u00e4gheck; CITRO\u00cbN: XSARA N1,XSARA Kasten\/Schr\u00e4gheck; 172082, 425305, 1609252980, 1617254880, 425166, 425191, 425204, 425212, 425228, 425230, 425302, 425303, 425305, 425320, 425494, E172131, E172562; Jarrupalasarja,Jarrupala, Levyjarru<\/p>\n","protected":false},"excerpt":{"rendered":"<p>DELPHI Jarrupalat LP1699 Jarrupalasarja,Jarrupala, Levyjarru PEUGEOT,CITRO\u00cbN,206 Schr\u00e4gheck 2A\/C,206 SW 2E\/K,206+ T3E,306 Break 7E, N3, N5<\/p>\n","protected":false},"featured_media":0,"template":"","meta":{"site-sidebar-layout":"default","site-content-layout":"default","ast-global-header-display":"","ast-main-header-display":"","ast-hfb-above-header-display":"","ast-hfb-below-header-display":"","ast-hfb-mobile-header-display":"","site-post-title":"","ast-breadcrumbs-content":"","ast-featured-img":"","footer-sml-layout":"","theme-transparent-header-meta":"","adv-header-id-meta":"","stick-header-meta":"","header-above-stick-meta":"","header-main-stick-meta":"","header-below-stick-meta":""},"pwb-brand":[538],"product_cat":[100],"product_tag":[],"class_list":{"0":"post-104366","1":"product","2":"type-product","3":"status-publish","5":"pwb-brand-delphi","6":"product_cat-jarrupalat","7":"desktop-align-left","8":"tablet-align-left","9":"mobile-align-left","11":"first","12":"instock","13":"product-type-external"},"brands":[{"id":538,"name":"Delphi","slug":"delphi"}],"_links":{"self":[{"href":"https:\/\/www.autonvaraosahaku.fi\/index.php?rest_route=\/wp\/v2\/product\/104366","targetHints":{"allow":["GET"]}}],"collection":[{"href":"https:\/\/www.autonvaraosahaku.fi\/index.php?rest_route=\/wp\/v2\/product"}],"about":[{"href":"https:\/\/www.autonvaraosahaku.fi\/index.php?rest_route=\/wp\/v2\/types\/product"}],"wp:attachment":[{"href":"https:\/\/www.autonvaraosahaku.fi\/index.php?rest_route=%2Fwp%2Fv2%2Fmedia&parent=104366"}],"wp:term":[{"taxonomy":"pwb-brand","embeddable":true,"href":"https:\/\/www.autonvaraosahaku.fi\/index.php?rest_route=%2Fwp%2Fv2%2Fpwb-brand&post=104366"},{"taxonomy":"product_cat","embeddable":true,"href":"https:\/\/www.autonvaraosahaku.fi\/index.php?rest_route=%2Fwp%2Fv2%2Fproduct_cat&post=104366"},{"taxonomy":"product_tag","embeddable":true,"href":"https:\/\/www.autonvaraosahaku.fi\/index.php?rest_route=%2Fwp%2Fv2%2Fproduct_tag&post=104366"}],"curies":[{"name":"wp","href":"https:\/\/api.w.org\/{rel}","templated":true}]}}