{"id":104367,"date":"2021-02-21T23:02:30","date_gmt":"2021-02-21T23:02:30","guid":{"rendered":"https:\/\/www.autonvaraosahaku.fi\/?product=delphi-lm23822-jarrupaasylinteri"},"modified":"2021-02-21T23:02:35","modified_gmt":"2021-02-21T23:02:35","slug":"delphi-lm23822-jarrupaasylinteri","status":"publish","type":"product","link":"https:\/\/www.autonvaraosahaku.fi\/?product=delphi-lm23822-jarrupaasylinteri","title":{"rendered":"Delphi LM23822 Jarrup\u00e4\u00e4sylinteri"},"content":{"rendered":"<p>Sylinterim\u00e4nn\u00e4n halkaisija [mm]: 19; Jarruj\u00e4rjestelm\u00e4: ATE\/BEN; Vasen \/ oikea liikenne: f\u00fcr Links-\/Rechtslenker; RENAULT: CLIO I B\/C57_, 5\/357_,19 II B\/C53_,19 II Cabriolet D53_, 853_,SUPER 5 B\/C40_,RAPID Kasten F40_, G40_,19 I B\/C53_,9 L42_,19 II Chamade L53_,11 B\/C37_,21 Stufenheck L48_,19 I Chamade L53_,CLIO I Kasten S57_,19 I Cabriolet D53_,21 Kombi K48_,21 B48_,19 I Kasten S53_,21 Kasten S48_,SUPER 5 Kasten S40_; PEUGEOT: 106 I 1A, 1C,205 II 20A\/C,205 I Cabriolet 741B, 20D,309 II 3C, 3A,309 I 10C, 10A,305 II 581M,305 II Break 581E,205 Kasten; CITRO\u00cbN: AX ZA-_; 460182, 460197, 4601A2, 95644348, 460189, 460192, 460197, 4601A2, 7700724411, 7700787634, 7701349762<\/p>\n","protected":false},"excerpt":{"rendered":"<p>DELPHI Jarrup\u00e4\u00e4sylinteri LM23822  RENAULT,PEUGEOT,CITRO\u00cbN,CLIO I B\/C57_, 5\/357_,19 II B\/C53_,19 II Cabriolet D53_, 853_,SUPER 5 B\/C40_<\/p>\n","protected":false},"featured_media":0,"template":"","meta":{"site-sidebar-layout":"default","site-content-layout":"default","ast-global-header-display":"","ast-main-header-display":"","ast-hfb-above-header-display":"","ast-hfb-below-header-display":"","ast-hfb-mobile-header-display":"","site-post-title":"","ast-breadcrumbs-content":"","ast-featured-img":"","footer-sml-layout":"","theme-transparent-header-meta":"","adv-header-id-meta":"","stick-header-meta":"","header-above-stick-meta":"","header-main-stick-meta":"","header-below-stick-meta":""},"pwb-brand":[538],"product_cat":[276],"product_tag":[],"class_list":{"0":"post-104367","1":"product","2":"type-product","3":"status-publish","5":"pwb-brand-delphi","6":"product_cat-jarrupaasylinteri","7":"desktop-align-left","8":"tablet-align-left","9":"mobile-align-left","11":"first","12":"instock","13":"product-type-external"},"brands":[{"id":538,"name":"Delphi","slug":"delphi"}],"_links":{"self":[{"href":"https:\/\/www.autonvaraosahaku.fi\/index.php?rest_route=\/wp\/v2\/product\/104367","targetHints":{"allow":["GET"]}}],"collection":[{"href":"https:\/\/www.autonvaraosahaku.fi\/index.php?rest_route=\/wp\/v2\/product"}],"about":[{"href":"https:\/\/www.autonvaraosahaku.fi\/index.php?rest_route=\/wp\/v2\/types\/product"}],"wp:attachment":[{"href":"https:\/\/www.autonvaraosahaku.fi\/index.php?rest_route=%2Fwp%2Fv2%2Fmedia&parent=104367"}],"wp:term":[{"taxonomy":"pwb-brand","embeddable":true,"href":"https:\/\/www.autonvaraosahaku.fi\/index.php?rest_route=%2Fwp%2Fv2%2Fpwb-brand&post=104367"},{"taxonomy":"product_cat","embeddable":true,"href":"https:\/\/www.autonvaraosahaku.fi\/index.php?rest_route=%2Fwp%2Fv2%2Fproduct_cat&post=104367"},{"taxonomy":"product_tag","embeddable":true,"href":"https:\/\/www.autonvaraosahaku.fi\/index.php?rest_route=%2Fwp%2Fv2%2Fproduct_tag&post=104367"}],"curies":[{"name":"wp","href":"https:\/\/api.w.org\/{rel}","templated":true}]}}