{"id":104376,"date":"2021-02-21T23:02:37","date_gmt":"2021-02-21T23:02:37","guid":{"rendered":"https:\/\/www.autonvaraosahaku.fi\/?product=delphi-lp1676-jarrupalat"},"modified":"2021-02-21T23:02:38","modified_gmt":"2021-02-21T23:02:38","slug":"delphi-lp1676-jarrupalat","status":"publish","type":"product","link":"https:\/\/www.autonvaraosahaku.fi\/?product=delphi-lp1676-jarrupalat","title":{"rendered":"Delphi LP1676 Jarrupalat"},"content":{"rendered":"<p>WVA-numero: 23225 23226; Jarruj\u00e4rjestelm\u00e4: TRW; Pituus (mm): 132; Pituus 2 (mm): 132; Korkeus (mm): 55; Korkeus 2 (mm): 52; Paksuus 1 [mm]: 16; Paksuus 2 [mm]: 16; M\u00e4\u00e4r\u00e4yksikk\u00f6: Akselisarja; Asennuspuoli: Vorderachse; OPEL: CORSA C F08, F68,MERIVA,TIGRA TwinTop,COMBO Kasten\/Kombi,COMBO Tour,CORSA C Kasten F08, W5L,CORSA B Kombi F35; VAUXHALL: CORSA Mk II C W5L, F08,MERIVA Mk I A,CORSAVAN Mk II C,TIGRA Convertible,COMBO TOUR Mk II C F25,COMBO Mk II C Kasten\/Kombi F25; 09200108, 1605081, 1605092, 1605316, 1605964, 1605974, 9200108, 93172261, 93176114, 93184269, 95519746, 1605964, 1605974, 9200108, 93172261, 93176114, 93184269, 95519746; Jarrupalasarja,Jarrupala, Levyjarru<\/p>\n","protected":false},"excerpt":{"rendered":"<p>DELPHI Jarrupalat LP1676 Jarrupalasarja,Jarrupala, Levyjarru OPEL,VAUXHALL,CORSA C F08, F68,MERIVA,TIGRA TwinTop,COMBO Kasten\/Kombi,COMBO Tour<\/p>\n","protected":false},"featured_media":0,"template":"","meta":{"site-sidebar-layout":"default","site-content-layout":"default","ast-global-header-display":"","ast-main-header-display":"","ast-hfb-above-header-display":"","ast-hfb-below-header-display":"","ast-hfb-mobile-header-display":"","site-post-title":"","ast-breadcrumbs-content":"","ast-featured-img":"","footer-sml-layout":"","theme-transparent-header-meta":"","adv-header-id-meta":"","stick-header-meta":"","header-above-stick-meta":"","header-main-stick-meta":"","header-below-stick-meta":""},"pwb-brand":[538],"product_cat":[100],"product_tag":[],"class_list":{"0":"post-104376","1":"product","2":"type-product","3":"status-publish","5":"pwb-brand-delphi","6":"product_cat-jarrupalat","7":"desktop-align-left","8":"tablet-align-left","9":"mobile-align-left","11":"first","12":"instock","13":"product-type-external"},"brands":[{"id":538,"name":"Delphi","slug":"delphi"}],"_links":{"self":[{"href":"https:\/\/www.autonvaraosahaku.fi\/index.php?rest_route=\/wp\/v2\/product\/104376","targetHints":{"allow":["GET"]}}],"collection":[{"href":"https:\/\/www.autonvaraosahaku.fi\/index.php?rest_route=\/wp\/v2\/product"}],"about":[{"href":"https:\/\/www.autonvaraosahaku.fi\/index.php?rest_route=\/wp\/v2\/types\/product"}],"wp:attachment":[{"href":"https:\/\/www.autonvaraosahaku.fi\/index.php?rest_route=%2Fwp%2Fv2%2Fmedia&parent=104376"}],"wp:term":[{"taxonomy":"pwb-brand","embeddable":true,"href":"https:\/\/www.autonvaraosahaku.fi\/index.php?rest_route=%2Fwp%2Fv2%2Fpwb-brand&post=104376"},{"taxonomy":"product_cat","embeddable":true,"href":"https:\/\/www.autonvaraosahaku.fi\/index.php?rest_route=%2Fwp%2Fv2%2Fproduct_cat&post=104376"},{"taxonomy":"product_tag","embeddable":true,"href":"https:\/\/www.autonvaraosahaku.fi\/index.php?rest_route=%2Fwp%2Fv2%2Fproduct_tag&post=104376"}],"curies":[{"name":"wp","href":"https:\/\/api.w.org\/{rel}","templated":true}]}}