{"id":104377,"date":"2021-02-21T23:02:37","date_gmt":"2021-02-21T23:02:37","guid":{"rendered":"https:\/\/www.autonvaraosahaku.fi\/?product=delphi-lp1672-jarrupalat"},"modified":"2021-02-21T23:02:39","modified_gmt":"2021-02-21T23:02:39","slug":"delphi-lp1672-jarrupalat","status":"publish","type":"product","link":"https:\/\/www.autonvaraosahaku.fi\/?product=delphi-lp1672-jarrupalat","title":{"rendered":"Delphi LP1672 Jarrupalat"},"content":{"rendered":"<p>WVA-numero: 21938; Jarruj\u00e4rjestelm\u00e4: Continental; Pituus (mm): 156; Pituus 2 (mm): 156; Korkeus (mm): 74; Korkeus 2 (mm): 74; Paksuus 1 [mm]: 20; Paksuus 2 [mm]: 20; Jarrupalojen m\u00e4\u00e4r\u00e4: 8; M\u00e4\u00e4r\u00e4yksikk\u00f6: Akselisarja; Asennuspuoli: Vorderachse; VW: PASSAT Variant 3B6,PASSAT Variant 3B5,PASSAT Variant 3A5, 35I,PASSAT 3B2,PASSAT 3B3; AUDI: A4 Avant 8K5, B8,A6 Avant 4F5, C6,A4 8D2, B5,A4 Avant 8ED, B7,A4 Avant 8E5, B6,A6 Avant 4B5, C5,A4 Avant 8D5, B5,A4 8E2, B6,A6 4F2, C6,A6 4B2, C5,A4 Cabriolet 8H7, B6, 8HE, B7,A4 8EC, B7,A6 Avant 4A, C4,A6 4A, C4; SKODA: SUPERB 3U4; SEAT: EXEO ST 3R5,EXEO 3R2; 4B0615116A, 4B0615116F, 4B0615116G, 4B0698151, 4B0698151A, 4B0698151AB, 4B0698151AF, 4B0698151B, 4B0698151E, 4B0698151H, 4B0698151J, 4B0698151K, 4B0698151M, 4B0698151N, 4F0698151, 8E0698151F, 8E0698151K, 8E0698151K, 4B0698151J, 4B0698151N, 4B0615116, 4B0615116A, 4B0615116F, 4B0615116G, 4B0698116A, 4B0698151, 4B0698151A, 4B0698151AB, 4B0698151AF, 4B0698151B, 4B0698151E, 4B0698151H, 4B0698151J, 4B0698151K, 4B0698151M, 4B0698151N, 4F0698151, 8E0698151F, JZW698151N; Jarrupalasarja,Jarrupala, Levyjarru<\/p>\n","protected":false},"excerpt":{"rendered":"<p>DELPHI Jarrupalat LP1672 Jarrupalasarja,Jarrupala, Levyjarru VW,AUDI,SKODA,PASSAT Variant 3B6,PASSAT Variant 3B5,PASSAT Variant 3A5, 35I,PASSAT 3B2<\/p>\n","protected":false},"featured_media":0,"template":"","meta":{"site-sidebar-layout":"default","site-content-layout":"default","ast-global-header-display":"","ast-main-header-display":"","ast-hfb-above-header-display":"","ast-hfb-below-header-display":"","ast-hfb-mobile-header-display":"","site-post-title":"","ast-breadcrumbs-content":"","ast-featured-img":"","footer-sml-layout":"","theme-transparent-header-meta":"","adv-header-id-meta":"","stick-header-meta":"","header-above-stick-meta":"","header-main-stick-meta":"","header-below-stick-meta":""},"pwb-brand":[538],"product_cat":[100],"product_tag":[],"class_list":{"0":"post-104377","1":"product","2":"type-product","3":"status-publish","5":"pwb-brand-delphi","6":"product_cat-jarrupalat","7":"desktop-align-left","8":"tablet-align-left","9":"mobile-align-left","11":"first","12":"instock","13":"product-type-external"},"brands":[{"id":538,"name":"Delphi","slug":"delphi"}],"_links":{"self":[{"href":"https:\/\/www.autonvaraosahaku.fi\/index.php?rest_route=\/wp\/v2\/product\/104377","targetHints":{"allow":["GET"]}}],"collection":[{"href":"https:\/\/www.autonvaraosahaku.fi\/index.php?rest_route=\/wp\/v2\/product"}],"about":[{"href":"https:\/\/www.autonvaraosahaku.fi\/index.php?rest_route=\/wp\/v2\/types\/product"}],"wp:attachment":[{"href":"https:\/\/www.autonvaraosahaku.fi\/index.php?rest_route=%2Fwp%2Fv2%2Fmedia&parent=104377"}],"wp:term":[{"taxonomy":"pwb-brand","embeddable":true,"href":"https:\/\/www.autonvaraosahaku.fi\/index.php?rest_route=%2Fwp%2Fv2%2Fpwb-brand&post=104377"},{"taxonomy":"product_cat","embeddable":true,"href":"https:\/\/www.autonvaraosahaku.fi\/index.php?rest_route=%2Fwp%2Fv2%2Fproduct_cat&post=104377"},{"taxonomy":"product_tag","embeddable":true,"href":"https:\/\/www.autonvaraosahaku.fi\/index.php?rest_route=%2Fwp%2Fv2%2Fproduct_tag&post=104377"}],"curies":[{"name":"wp","href":"https:\/\/api.w.org\/{rel}","templated":true}]}}