{"id":104378,"date":"2021-02-21T23:02:37","date_gmt":"2021-02-21T23:02:37","guid":{"rendered":"https:\/\/www.autonvaraosahaku.fi\/?product=delphi-ll70224-kytkimen-tyosylinteri"},"modified":"2021-02-21T23:02:39","modified_gmt":"2021-02-21T23:02:39","slug":"delphi-ll70224-kytkimen-tyosylinteri","status":"publish","type":"product","link":"https:\/\/www.autonvaraosahaku.fi\/?product=delphi-ll70224-kytkimen-tyosylinteri","title":{"rendered":"Delphi LL70224 Kytkimen ty\u00f6sylinteri"},"content":{"rendered":"<p>Reik\u00e4-\u00d8 [mm]: 25; Vaihteistonumerosta: 0067034; FIAT: COUPE FA\/175,BRAVO I 182,BRAVA 182,MAREA Weekend 185,TIPO 160,CROMA 154,MAREA 185,TEMPRA 159,TEMPRA S.W. 159; ALFA ROMEO: SPIDER 916S_,166 936,GTV 916C_,145 930,155 167,146 930; LANCIA: LYBRA SW 839BX,KAPPA 838A,LYBRA 839AX,DELTA II 836,KAPPA SW 838B,KAPPA Coupe 838,DEDRA 835,DEDRA SW 835; 0046421942, 46421937, 46421942, 60811771, 60814217, 71739541, 7736538, 46421937, 46421942, 46531635, 60809329, 60811771, 71738467, 71739541, 46421937, 46421942, 46531635, 60809329, 60811771, 60814217, 71738467; Ty\u00f6sylinteri, Kytkin<\/p>\n","protected":false},"excerpt":{"rendered":"<p>DELPHI Kytkimen Ty\u00f6sylinteri LL70224 Ty\u00f6sylinteri, Kytkin FIAT,ALFA ROMEO,LANCIA,COUPE FA\/175,BRAVO I 182,BRAVA 182,MAREA Weekend 185,TIPO 160<\/p>\n","protected":false},"featured_media":0,"template":"","meta":{"site-sidebar-layout":"default","site-content-layout":"default","ast-global-header-display":"","ast-main-header-display":"","ast-hfb-above-header-display":"","ast-hfb-below-header-display":"","ast-hfb-mobile-header-display":"","site-post-title":"","ast-breadcrumbs-content":"","ast-featured-img":"","footer-sml-layout":"","theme-transparent-header-meta":"","adv-header-id-meta":"","stick-header-meta":"","header-above-stick-meta":"","header-main-stick-meta":"","header-below-stick-meta":""},"pwb-brand":[538],"product_cat":[310],"product_tag":[],"class_list":{"0":"post-104378","1":"product","2":"type-product","3":"status-publish","5":"pwb-brand-delphi","6":"product_cat-kytkimen-tyosylinteri","7":"desktop-align-left","8":"tablet-align-left","9":"mobile-align-left","11":"first","12":"instock","13":"product-type-external"},"brands":[{"id":538,"name":"Delphi","slug":"delphi"}],"_links":{"self":[{"href":"https:\/\/www.autonvaraosahaku.fi\/index.php?rest_route=\/wp\/v2\/product\/104378","targetHints":{"allow":["GET"]}}],"collection":[{"href":"https:\/\/www.autonvaraosahaku.fi\/index.php?rest_route=\/wp\/v2\/product"}],"about":[{"href":"https:\/\/www.autonvaraosahaku.fi\/index.php?rest_route=\/wp\/v2\/types\/product"}],"wp:attachment":[{"href":"https:\/\/www.autonvaraosahaku.fi\/index.php?rest_route=%2Fwp%2Fv2%2Fmedia&parent=104378"}],"wp:term":[{"taxonomy":"pwb-brand","embeddable":true,"href":"https:\/\/www.autonvaraosahaku.fi\/index.php?rest_route=%2Fwp%2Fv2%2Fpwb-brand&post=104378"},{"taxonomy":"product_cat","embeddable":true,"href":"https:\/\/www.autonvaraosahaku.fi\/index.php?rest_route=%2Fwp%2Fv2%2Fproduct_cat&post=104378"},{"taxonomy":"product_tag","embeddable":true,"href":"https:\/\/www.autonvaraosahaku.fi\/index.php?rest_route=%2Fwp%2Fv2%2Fproduct_tag&post=104378"}],"curies":[{"name":"wp","href":"https:\/\/api.w.org\/{rel}","templated":true}]}}