{"id":104386,"date":"2021-02-21T23:02:37","date_gmt":"2021-02-21T23:02:37","guid":{"rendered":"https:\/\/www.autonvaraosahaku.fi\/?product=delphi-ta1197-raidetangon-paa"},"modified":"2021-02-21T23:02:41","modified_gmt":"2021-02-21T23:02:41","slug":"delphi-ta1197-raidetangon-paa","status":"publish","type":"product","link":"https:\/\/www.autonvaraosahaku.fi\/?product=delphi-ta1197-raidetangon-paa","title":{"rendered":"Delphi TA1197 Raidetangon p\u00e4\u00e4"},"content":{"rendered":"<p>Pituus (mm): 193; Leveys (mm): 44; Korkeus (mm): 77; Kierremalli: ulkokierteell\u00e4, Oikealla kierteell\u00e4, Oikealla kierteell\u00e4; Valmistusvuoteen: 05\/1989; MITSUBISHI: L 200 K7_T, K6_T,PAJERO SPORT K90,PAJERO I L04_G, L14_G,PAJERO SPORT VAN K90,PAJERO I Canvas Top L04_G,L 200 K3_T, K2_T, K1_T, K0_T; MB241206, MB315776, MR296274<\/p>\n","protected":false},"excerpt":{"rendered":"<p>DELPHI Raidetangon P\u00e4\u00e4 TA1197  MITSUBISHI,L 200 K7_T, K6_T,PAJERO SPORT K90,PAJERO I L04_G, L14_G,PAJERO SPORT VAN K90,PAJERO I Canvas Top L04_G<\/p>\n","protected":false},"featured_media":0,"template":"","meta":{"site-sidebar-layout":"default","site-content-layout":"default","ast-global-header-display":"","ast-main-header-display":"","ast-hfb-above-header-display":"","ast-hfb-below-header-display":"","ast-hfb-mobile-header-display":"","site-post-title":"","ast-breadcrumbs-content":"","ast-featured-img":"","footer-sml-layout":"","theme-transparent-header-meta":"","adv-header-id-meta":"","stick-header-meta":"","header-above-stick-meta":"","header-main-stick-meta":"","header-below-stick-meta":""},"pwb-brand":[538],"product_cat":[96],"product_tag":[],"class_list":{"0":"post-104386","1":"product","2":"type-product","3":"status-publish","5":"pwb-brand-delphi","6":"product_cat-raidetangon-paa","7":"desktop-align-left","8":"tablet-align-left","9":"mobile-align-left","11":"first","12":"instock","13":"product-type-external"},"brands":[{"id":538,"name":"Delphi","slug":"delphi"}],"_links":{"self":[{"href":"https:\/\/www.autonvaraosahaku.fi\/index.php?rest_route=\/wp\/v2\/product\/104386","targetHints":{"allow":["GET"]}}],"collection":[{"href":"https:\/\/www.autonvaraosahaku.fi\/index.php?rest_route=\/wp\/v2\/product"}],"about":[{"href":"https:\/\/www.autonvaraosahaku.fi\/index.php?rest_route=\/wp\/v2\/types\/product"}],"wp:attachment":[{"href":"https:\/\/www.autonvaraosahaku.fi\/index.php?rest_route=%2Fwp%2Fv2%2Fmedia&parent=104386"}],"wp:term":[{"taxonomy":"pwb-brand","embeddable":true,"href":"https:\/\/www.autonvaraosahaku.fi\/index.php?rest_route=%2Fwp%2Fv2%2Fpwb-brand&post=104386"},{"taxonomy":"product_cat","embeddable":true,"href":"https:\/\/www.autonvaraosahaku.fi\/index.php?rest_route=%2Fwp%2Fv2%2Fproduct_cat&post=104386"},{"taxonomy":"product_tag","embeddable":true,"href":"https:\/\/www.autonvaraosahaku.fi\/index.php?rest_route=%2Fwp%2Fv2%2Fproduct_tag&post=104386"}],"curies":[{"name":"wp","href":"https:\/\/api.w.org\/{rel}","templated":true}]}}