{"id":104392,"date":"2021-02-21T23:02:43","date_gmt":"2021-02-21T23:02:43","guid":{"rendered":"https:\/\/www.autonvaraosahaku.fi\/?product=delphi-lp1653-jarrupalat"},"modified":"2021-02-21T23:02:43","modified_gmt":"2021-02-21T23:02:43","slug":"delphi-lp1653-jarrupalat","status":"publish","type":"product","link":"https:\/\/www.autonvaraosahaku.fi\/?product=delphi-lp1653-jarrupalat","title":{"rendered":"Delphi LP1653 Jarrupalat"},"content":{"rendered":"<p>WVA-numero: 23600; Jarruj\u00e4rjestelm\u00e4: Bosch; Pituus (mm): 137; Pituus 2 (mm): 137; Korkeus (mm): 57; Korkeus 2 (mm): 57; Paksuus 1 [mm]: 18; Paksuus 2 [mm]: 18; M\u00e4\u00e4r\u00e4yksikk\u00f6: Akselisarja; Asennuspuoli: Vorderachse; FIAT: DOBLO Cargo 223,DOBLO 119; PEUGEOT: 206 Schr\u00e4gheck 2A\/C,207 WA_, WC_,307 SW 3H,207 CC WD_,307 CC 3B,307 3A\/C,207 SW WK_,307 Break 3E,PARTNER Combispace 5F,PARTNER Kasten 5,207 Van; CITRO\u00cbN: XSARA PICASSO N68,C3 I FC_,C4 I LC_,XSARA N1,C4 Coupe LA_,XSARA Break N2,XSARA Coupe N0; 1611140780, 1611140980, 1611838880, 1617256680, 1636413880, 425222, 425235, 425250, 425252, 425253, 425331, 425339, 425370, 425385, 425418, 425427, 425471, 425489, 425492, E172125, E172284, E172315, E172559, 71770080, 71770965, 77362743, 77364281, 77364897, 77362743, 1611140780, 1611140980, 1611838880, 1617256680, 1636413880, 425222, 425235, 425250, 425252, 425253, 425331, 425339, 425385, 425418, 425427, 425471, 425489, 425492, E172125, E172284, E172315, E172559; Jarrupalasarja,Jarrupala, Levyjarru<\/p>\n","protected":false},"excerpt":{"rendered":"<p>DELPHI Jarrupalat LP1653 Jarrupalasarja,Jarrupala, Levyjarru FIAT,PEUGEOT,CITRO\u00cbN,DOBLO Cargo 223,DOBLO 119,206 Schr\u00e4gheck 2A\/C,207 WA_, WC_,307 SW 3H<\/p>\n","protected":false},"featured_media":0,"template":"","meta":{"site-sidebar-layout":"default","site-content-layout":"default","ast-global-header-display":"","ast-main-header-display":"","ast-hfb-above-header-display":"","ast-hfb-below-header-display":"","ast-hfb-mobile-header-display":"","site-post-title":"","ast-breadcrumbs-content":"","ast-featured-img":"","footer-sml-layout":"","theme-transparent-header-meta":"","adv-header-id-meta":"","stick-header-meta":"","header-above-stick-meta":"","header-main-stick-meta":"","header-below-stick-meta":""},"pwb-brand":[538],"product_cat":[100],"product_tag":[],"class_list":{"0":"post-104392","1":"product","2":"type-product","3":"status-publish","5":"pwb-brand-delphi","6":"product_cat-jarrupalat","7":"desktop-align-left","8":"tablet-align-left","9":"mobile-align-left","11":"first","12":"instock","13":"product-type-external"},"brands":[{"id":538,"name":"Delphi","slug":"delphi"}],"_links":{"self":[{"href":"https:\/\/www.autonvaraosahaku.fi\/index.php?rest_route=\/wp\/v2\/product\/104392","targetHints":{"allow":["GET"]}}],"collection":[{"href":"https:\/\/www.autonvaraosahaku.fi\/index.php?rest_route=\/wp\/v2\/product"}],"about":[{"href":"https:\/\/www.autonvaraosahaku.fi\/index.php?rest_route=\/wp\/v2\/types\/product"}],"wp:attachment":[{"href":"https:\/\/www.autonvaraosahaku.fi\/index.php?rest_route=%2Fwp%2Fv2%2Fmedia&parent=104392"}],"wp:term":[{"taxonomy":"pwb-brand","embeddable":true,"href":"https:\/\/www.autonvaraosahaku.fi\/index.php?rest_route=%2Fwp%2Fv2%2Fpwb-brand&post=104392"},{"taxonomy":"product_cat","embeddable":true,"href":"https:\/\/www.autonvaraosahaku.fi\/index.php?rest_route=%2Fwp%2Fv2%2Fproduct_cat&post=104392"},{"taxonomy":"product_tag","embeddable":true,"href":"https:\/\/www.autonvaraosahaku.fi\/index.php?rest_route=%2Fwp%2Fv2%2Fproduct_tag&post=104392"}],"curies":[{"name":"wp","href":"https:\/\/api.w.org\/{rel}","templated":true}]}}