{"id":104407,"date":"2021-02-21T23:02:43","date_gmt":"2021-02-21T23:02:43","guid":{"rendered":"https:\/\/www.autonvaraosahaku.fi\/?product=delphi-ts10252-jaahdytysnesteen-lampotila-anturi"},"modified":"2021-02-21T23:02:47","modified_gmt":"2021-02-21T23:02:47","slug":"delphi-ts10252-jaahdytysnesteen-lampotila-anturi","status":"publish","type":"product","link":"https:\/\/www.autonvaraosahaku.fi\/?product=delphi-ts10252-jaahdytysnesteen-lampotila-anturi","title":{"rendered":"Delphi TS10252 J\u00e4\u00e4hdytysnesteen l\u00e4mp\u00f6tila anturi"},"content":{"rendered":"<p>K\u00e4yt\u00f6ss\u00e4 koskettimia: 2; V\u00e4ri: Vihre\u00e4; Kierremitta: M12; Avainv\u00e4li: 19mm; Vaihtoehtoinen korjaussarja: Harness: 9001-923; Valmistusvuoteen: 12\/2012; ABARTH: 500 \/ 595 312_,500C \/ 595C 312_,PUNTO 199_,PUNTO EVO 199_; SAAB: 9-3 YS3F,9-5 Kombi YS3E,9-3 Kombi YS3F,9-5 YS3E,9-3 Cabriolet YS3F; SUZUKI: SWIFT III MZ, EZ,SWIFT IV FZ, NZ,SX4 EY, GY,WAGON R+ MM,IGNIS II; OPEL: CORSA D,CORSA C F08, F68,ZAFIRA B A05,ASTRA H Caravan L35,MERIVA,ASTRA H L48,VECTRA C Caravan,ASTRA H GTC L08,SIGNUM,VECTRA C,AGILA A H00,VECTRA C GTS,TIGRA TwinTop,ASTRA H TwinTop L67,COMBO Kasten\/Kombi,ZAFIRA B Van,COMBO Tour,AGILA B H08,CORSA D Van,CORSA C Kasten F08, W5L,ASTRA H Stufenheck L69,ASTRA H Kasten L70,ASTRA CLASSIC L48; LANCIA: YPSILON 843,MUSA 350,THESIS 841AX,YPSILON 312, 846; FORD: KA RU8; FIAT: GRANDE PUNTO 199,PUNTO 188,PANDA 169,500 312,STILO 192,BRAVO II 198,SEICENTO 187,DOBLO Cargo 223,500 C 312,STILO Multi Wagon 192,DOBLO 119,CROMA 194,PANDA Van 169,PUNTO 199,IDEA,PANDA 312,SEDICI,QUBO 225,500L,FIORINO Kasten\/Kombi 225,PALIO Weekend 178DX,LINEA 323,PUNTO Van 199,DOBLO Pritsche\/Fahrgestell 263,PALIO 178BX,500X,SIENA 178_,TIPO Schr\u00e4gheck 356_,PANDA VAN 312,TIPO Kombi 356_,TIPO Stufenheck 356_,PUNTO EVO Van 199_; ALFA ROMEO: 147 937,159 Sportwagon 939,GIULIETTA 940,MITO 955,159 939,GT 937,BRERA,SPIDER 939; VAUXHALL: CORSA Mk III D L_8,ZAFIRA Mk II B M75,ASTRA Mk V H CC,VECTRA Mk II C CC,CORSA Mk II C W5L, F08,ASTRA Mk V H Estate,VECTRA Mk II C Estate,ASTRA Mk V H Convertible,VECTRA Mk II C,AGILA Mk II B,MERIVA Mk I A,SIGNUM,CORSAVAN Mk II C,CORSAVAN Mk III D,TIGRA Convertible,ASTRAVAN Mk V H,COMBO TOUR Mk II C F25,COMBO Mk II C Kasten\/Kombi F25; 55190791, 77363465, 46554621, 55188058, 55190791, 55193203, 77363465, 55188058, 55190791, 55193203, 77363457, 77363465, 1538606, 9S5112A648BA, 55188058, 55190791, 55193203, 77363465, 1338040, 4708762, 55188058, 55193203, 6338023, 6338038, 93177344, 93184155, 93193586, 55193203, 93177344, 93184155, 1365079J50000, 1365084E50000, 1365084E51000, 1338040, 4708762, 55188058, 55193203, 6338023, 6338038, 93177344, 93184155, 93193586; J\u00e4\u00e4hdytysnestel\u00e4mp\u00f6tilan Sensori<\/p>\n","protected":false},"excerpt":{"rendered":"<p>DELPHI J\u00e4\u00e4hdytysnesteen L\u00e4mp\u00f6tila Anturi TS10252 J\u00e4\u00e4hdytysnestel\u00e4mp\u00f6tilan Sensori ABARTH,SAAB,SUZUKI,500 \/ 595 312_,500C \/ 595C 312_,PUNTO 199_<\/p>\n","protected":false},"featured_media":0,"template":"","meta":{"site-sidebar-layout":"default","site-content-layout":"default","ast-global-header-display":"","ast-main-header-display":"","ast-hfb-above-header-display":"","ast-hfb-below-header-display":"","ast-hfb-mobile-header-display":"","site-post-title":"","ast-breadcrumbs-content":"","ast-featured-img":"","footer-sml-layout":"","theme-transparent-header-meta":"","adv-header-id-meta":"","stick-header-meta":"","header-above-stick-meta":"","header-main-stick-meta":"","header-below-stick-meta":""},"pwb-brand":[538],"product_cat":[200],"product_tag":[],"class_list":{"0":"post-104407","1":"product","2":"type-product","3":"status-publish","5":"pwb-brand-delphi","6":"product_cat-jaahdytysnesteen-lampotila-anturi","7":"desktop-align-left","8":"tablet-align-left","9":"mobile-align-left","11":"first","12":"instock","13":"product-type-external"},"brands":[{"id":538,"name":"Delphi","slug":"delphi"}],"_links":{"self":[{"href":"https:\/\/www.autonvaraosahaku.fi\/index.php?rest_route=\/wp\/v2\/product\/104407","targetHints":{"allow":["GET"]}}],"collection":[{"href":"https:\/\/www.autonvaraosahaku.fi\/index.php?rest_route=\/wp\/v2\/product"}],"about":[{"href":"https:\/\/www.autonvaraosahaku.fi\/index.php?rest_route=\/wp\/v2\/types\/product"}],"wp:attachment":[{"href":"https:\/\/www.autonvaraosahaku.fi\/index.php?rest_route=%2Fwp%2Fv2%2Fmedia&parent=104407"}],"wp:term":[{"taxonomy":"pwb-brand","embeddable":true,"href":"https:\/\/www.autonvaraosahaku.fi\/index.php?rest_route=%2Fwp%2Fv2%2Fpwb-brand&post=104407"},{"taxonomy":"product_cat","embeddable":true,"href":"https:\/\/www.autonvaraosahaku.fi\/index.php?rest_route=%2Fwp%2Fv2%2Fproduct_cat&post=104407"},{"taxonomy":"product_tag","embeddable":true,"href":"https:\/\/www.autonvaraosahaku.fi\/index.php?rest_route=%2Fwp%2Fv2%2Fproduct_tag&post=104407"}],"curies":[{"name":"wp","href":"https:\/\/api.w.org\/{rel}","templated":true}]}}