{"id":104449,"date":"2021-02-21T23:02:55","date_gmt":"2021-02-21T23:02:55","guid":{"rendered":"https:\/\/www.autonvaraosahaku.fi\/?product=delphi-ta470-raidetangon-paa"},"modified":"2021-02-21T23:03:01","modified_gmt":"2021-02-21T23:03:01","slug":"delphi-ta470-raidetangon-paa","status":"publish","type":"product","link":"https:\/\/www.autonvaraosahaku.fi\/?product=delphi-ta470-raidetangon-paa","title":{"rendered":"Delphi TA470 Raidetangon p\u00e4\u00e4"},"content":{"rendered":"<p>Pituus (mm): 90; Leveys (mm): 38; Korkeus (mm): 62; Kierremalli: sis\u00e4kierteell\u00e4, Oikealla kierteell\u00e4, Oikealla kierteell\u00e4; Valmistusvuoteen: 08\/1981; FORD: FIESTA III GFJ,ESCORT IV Cabriolet ALF,FIESTA I GFBT,ESCORT IV GAF, AWF, ABFT,FIESTA II FBD,CAPRI III GECP,ESCORT III GAA,ESCORT I AFH, ATH,ESCORT III Cabriolet ALD,CAPRI II GECP,FIESTA Kasten F3L, F5L,FIESTA Kasten FVD,ORION II AFF,ESCORT IV Kombi AWF, AVF,ESCORT &#8217;86 Express AVF,FIESTA Kasten WFVT,ESCORT III Kombi AWA,ORION I AFD,ESCORT I Kombi ADH,ESCORT &#8217;81 Express AVA; 1447222, 1571221, 5021410, 6081391, 6128814, 69AB3289AA, 81AB3289AA, 84AB3289AA, 880X3270AA<\/p>\n","protected":false},"excerpt":{"rendered":"<p>DELPHI Raidetangon P\u00e4\u00e4 TA470  FORD,FIESTA III GFJ,ESCORT IV Cabriolet ALF,FIESTA I GFBT,ESCORT IV GAF, AWF, ABFT,FIESTA II FBD,CAPRI III GECP<\/p>\n","protected":false},"featured_media":0,"template":"","meta":{"site-sidebar-layout":"default","site-content-layout":"default","ast-global-header-display":"","ast-main-header-display":"","ast-hfb-above-header-display":"","ast-hfb-below-header-display":"","ast-hfb-mobile-header-display":"","site-post-title":"","ast-breadcrumbs-content":"","ast-featured-img":"","footer-sml-layout":"","theme-transparent-header-meta":"","adv-header-id-meta":"","stick-header-meta":"","header-above-stick-meta":"","header-main-stick-meta":"","header-below-stick-meta":""},"pwb-brand":[538],"product_cat":[96],"product_tag":[],"class_list":{"0":"post-104449","1":"product","2":"type-product","3":"status-publish","5":"pwb-brand-delphi","6":"product_cat-raidetangon-paa","7":"desktop-align-left","8":"tablet-align-left","9":"mobile-align-left","11":"first","12":"instock","13":"product-type-external"},"brands":[{"id":538,"name":"Delphi","slug":"delphi"}],"_links":{"self":[{"href":"https:\/\/www.autonvaraosahaku.fi\/index.php?rest_route=\/wp\/v2\/product\/104449","targetHints":{"allow":["GET"]}}],"collection":[{"href":"https:\/\/www.autonvaraosahaku.fi\/index.php?rest_route=\/wp\/v2\/product"}],"about":[{"href":"https:\/\/www.autonvaraosahaku.fi\/index.php?rest_route=\/wp\/v2\/types\/product"}],"wp:attachment":[{"href":"https:\/\/www.autonvaraosahaku.fi\/index.php?rest_route=%2Fwp%2Fv2%2Fmedia&parent=104449"}],"wp:term":[{"taxonomy":"pwb-brand","embeddable":true,"href":"https:\/\/www.autonvaraosahaku.fi\/index.php?rest_route=%2Fwp%2Fv2%2Fpwb-brand&post=104449"},{"taxonomy":"product_cat","embeddable":true,"href":"https:\/\/www.autonvaraosahaku.fi\/index.php?rest_route=%2Fwp%2Fv2%2Fproduct_cat&post=104449"},{"taxonomy":"product_tag","embeddable":true,"href":"https:\/\/www.autonvaraosahaku.fi\/index.php?rest_route=%2Fwp%2Fv2%2Fproduct_tag&post=104449"}],"curies":[{"name":"wp","href":"https:\/\/api.w.org\/{rel}","templated":true}]}}