{"id":104455,"date":"2021-02-21T23:03:02","date_gmt":"2021-02-21T23:03:02","guid":{"rendered":"https:\/\/www.autonvaraosahaku.fi\/?product=delphi-ta1607-raidetangon-paa"},"modified":"2021-02-21T23:03:03","modified_gmt":"2021-02-21T23:03:03","slug":"delphi-ta1607-raidetangon-paa","status":"publish","type":"product","link":"https:\/\/www.autonvaraosahaku.fi\/?product=delphi-ta1607-raidetangon-paa","title":{"rendered":"Delphi TA1607 Raidetangon p\u00e4\u00e4"},"content":{"rendered":"<p>Pituus (mm): 95; Leveys (mm): 38; Korkeus (mm): 73; Kierremalli: sis\u00e4kierteell\u00e4, Oikealla kierteell\u00e4, Oikealla kierteell\u00e4; Valmistusvuoteen: 05\/2000; LANCIA: ZETA 220; FIAT: ULYSSE 220,SCUDO Kasten 220L,SCUDO Combinato 220P,SCUDO Pritsche\/Fahrgestell 220_; CITRO\u00cbN: EVASION 22, U6,JUMPY U6U,JUMPY Kasten BS_, BT_, BY_, BZ_,JUMPY Pritsche\/Fahrgestell BU_, BV_, BW_, BX_; PEUGEOT: 806 221,EXPERT Kasten 222,EXPERT 224,EXPERT Pritsche\/Fahrgestell 223; 405909, 9404059080, 1306003080, 405909, 9404059080, 9404059098, 9404059580, 1306003080, 9404059080, 9404059580, 405909<\/p>\n","protected":false},"excerpt":{"rendered":"<p>DELPHI Raidetangon P\u00e4\u00e4 TA1607  LANCIA,FIAT,CITRO\u00cbN,ZETA 220,ULYSSE 220,SCUDO Kasten 220L,SCUDO Combinato 220P,SCUDO Pritsche\/Fahrgestell 220_<\/p>\n","protected":false},"featured_media":0,"template":"","meta":{"site-sidebar-layout":"default","site-content-layout":"default","ast-global-header-display":"","ast-main-header-display":"","ast-hfb-above-header-display":"","ast-hfb-below-header-display":"","ast-hfb-mobile-header-display":"","site-post-title":"","ast-breadcrumbs-content":"","ast-featured-img":"","footer-sml-layout":"","theme-transparent-header-meta":"","adv-header-id-meta":"","stick-header-meta":"","header-above-stick-meta":"","header-main-stick-meta":"","header-below-stick-meta":""},"pwb-brand":[538],"product_cat":[96],"product_tag":[],"class_list":{"0":"post-104455","1":"product","2":"type-product","3":"status-publish","5":"pwb-brand-delphi","6":"product_cat-raidetangon-paa","7":"desktop-align-left","8":"tablet-align-left","9":"mobile-align-left","11":"first","12":"instock","13":"product-type-external"},"brands":[{"id":538,"name":"Delphi","slug":"delphi"}],"_links":{"self":[{"href":"https:\/\/www.autonvaraosahaku.fi\/index.php?rest_route=\/wp\/v2\/product\/104455","targetHints":{"allow":["GET"]}}],"collection":[{"href":"https:\/\/www.autonvaraosahaku.fi\/index.php?rest_route=\/wp\/v2\/product"}],"about":[{"href":"https:\/\/www.autonvaraosahaku.fi\/index.php?rest_route=\/wp\/v2\/types\/product"}],"wp:attachment":[{"href":"https:\/\/www.autonvaraosahaku.fi\/index.php?rest_route=%2Fwp%2Fv2%2Fmedia&parent=104455"}],"wp:term":[{"taxonomy":"pwb-brand","embeddable":true,"href":"https:\/\/www.autonvaraosahaku.fi\/index.php?rest_route=%2Fwp%2Fv2%2Fpwb-brand&post=104455"},{"taxonomy":"product_cat","embeddable":true,"href":"https:\/\/www.autonvaraosahaku.fi\/index.php?rest_route=%2Fwp%2Fv2%2Fproduct_cat&post=104455"},{"taxonomy":"product_tag","embeddable":true,"href":"https:\/\/www.autonvaraosahaku.fi\/index.php?rest_route=%2Fwp%2Fv2%2Fproduct_tag&post=104455"}],"curies":[{"name":"wp","href":"https:\/\/api.w.org\/{rel}","templated":true}]}}