{"id":104459,"date":"2021-02-21T23:03:02","date_gmt":"2021-02-21T23:03:02","guid":{"rendered":"https:\/\/www.autonvaraosahaku.fi\/?product=delphi-lw80125-takajarrusylinteri"},"modified":"2021-02-21T23:03:04","modified_gmt":"2021-02-21T23:03:04","slug":"delphi-lw80125-takajarrusylinteri","status":"publish","type":"product","link":"https:\/\/www.autonvaraosahaku.fi\/?product=delphi-lw80125-takajarrusylinteri","title":{"rendered":"Delphi LW80125 Takajarrusylinteri"},"content":{"rendered":"<p>Reik\u00e4-\u00d8 [mm]: 19; Jarruj\u00e4rjestelm\u00e4: Lockheed; Asennuspuoli: Hinterachse; FORD: FIESTA V JH_, JD_,FIESTA VI,FIESTA IV JA_, JB_,FUSION JU_,KA RB_,STREET KA RL2,FIESTA V Van,FIESTA VI Van,FIESTA Kasten JV_; MAZDA: 2 DY; 1145295, 1522960, 1E0426610A, 2S612261AA, 2S612261AB, 1E0426610A, DDY226710, DDY226710A; Py\u00f6r\u00e4n Jarrusylinteri,Jarrusylinteri<\/p>\n","protected":false},"excerpt":{"rendered":"<p>DELPHI Takajarrusylinteri LW80125 Py\u00f6r\u00e4n Jarrusylinteri,Jarrusylinteri FORD,MAZDA,FIESTA V JH_, JD_,FIESTA VI,FIESTA IV JA_, JB_,FUSION JU_,KA RB_<\/p>\n","protected":false},"featured_media":0,"template":"","meta":{"site-sidebar-layout":"default","site-content-layout":"default","ast-global-header-display":"","ast-main-header-display":"","ast-hfb-above-header-display":"","ast-hfb-below-header-display":"","ast-hfb-mobile-header-display":"","site-post-title":"","ast-breadcrumbs-content":"","ast-featured-img":"","footer-sml-layout":"","theme-transparent-header-meta":"","adv-header-id-meta":"","stick-header-meta":"","header-above-stick-meta":"","header-main-stick-meta":"","header-below-stick-meta":""},"pwb-brand":[538],"product_cat":[158],"product_tag":[],"class_list":{"0":"post-104459","1":"product","2":"type-product","3":"status-publish","5":"pwb-brand-delphi","6":"product_cat-takajarrusylinteri","7":"desktop-align-left","8":"tablet-align-left","9":"mobile-align-left","11":"first","12":"instock","13":"product-type-external"},"brands":[{"id":538,"name":"Delphi","slug":"delphi"}],"_links":{"self":[{"href":"https:\/\/www.autonvaraosahaku.fi\/index.php?rest_route=\/wp\/v2\/product\/104459","targetHints":{"allow":["GET"]}}],"collection":[{"href":"https:\/\/www.autonvaraosahaku.fi\/index.php?rest_route=\/wp\/v2\/product"}],"about":[{"href":"https:\/\/www.autonvaraosahaku.fi\/index.php?rest_route=\/wp\/v2\/types\/product"}],"wp:attachment":[{"href":"https:\/\/www.autonvaraosahaku.fi\/index.php?rest_route=%2Fwp%2Fv2%2Fmedia&parent=104459"}],"wp:term":[{"taxonomy":"pwb-brand","embeddable":true,"href":"https:\/\/www.autonvaraosahaku.fi\/index.php?rest_route=%2Fwp%2Fv2%2Fpwb-brand&post=104459"},{"taxonomy":"product_cat","embeddable":true,"href":"https:\/\/www.autonvaraosahaku.fi\/index.php?rest_route=%2Fwp%2Fv2%2Fproduct_cat&post=104459"},{"taxonomy":"product_tag","embeddable":true,"href":"https:\/\/www.autonvaraosahaku.fi\/index.php?rest_route=%2Fwp%2Fv2%2Fproduct_tag&post=104459"}],"curies":[{"name":"wp","href":"https:\/\/api.w.org\/{rel}","templated":true}]}}