{"id":104462,"date":"2021-02-21T23:03:02","date_gmt":"2021-02-21T23:03:02","guid":{"rendered":"https:\/\/www.autonvaraosahaku.fi\/?product=delphi-es20135-12b1-lambda-anturi"},"modified":"2021-02-21T23:03:05","modified_gmt":"2021-02-21T23:03:05","slug":"delphi-es20135-12b1-lambda-anturi","status":"publish","type":"product","link":"https:\/\/www.autonvaraosahaku.fi\/?product=delphi-es20135-12b1-lambda-anturi","title":{"rendered":"Delphi ES20135-12B1 Lambda anturi"},"content":{"rendered":"<p>Pituus (mm): 400; K\u00e4yt\u00f6ss\u00e4 koskettimia: 4; Lambdatunnistin: L\u00e4mmitetty; Valmistusvuosi alkaen: 02\/1998; OPEL: ZAFIRA A F75_,ASTRA G CC F48_, F08_,ASTRA G Caravan F35_,VECTRA B 36_,VECTRA B Caravan 31_,ASTRA G Cabriolet F67,ASTRA G Coupe F07_,ASTRA G Stufenheck F69_,VECTRA B CC 38_,ASTRA F Cabriolet 53_B,ASTRA F CLASSIC CC,ASTRA F CLASSIC Stufenheck,ASTRA F CLASSIC Caravan,ASTRA G Kasten F70; CHEVROLET: NUBIRA Kombi,KALOS,AVEO Schr\u00e4gheck T250, T255,EPICA KL1_,LACETTI J200,AVEO Stufenheck T250, T255,KALOS Stufenheck,EVANDA,NUBIRA Stufenheck,LACETTI Kombi J200; DAEWOO: KALOS KLAS,EVANDA KLAL,LACETTI Schr\u00e4gheck KLAN,NUBIRA Stufenheck KLAN,KALOS Stufenheck KLAS,NUBIRA Wagon KLAN,LACETTI Stufenheck J200; VAUXHALL: ZAFIRA Mk I A F75,ASTRA Mk IV G CC,ASTRA Mk IV G Sedan,VECTRA B CC,VECTRA B,ASTRA Mk IV G Coupe F67,ASTRA Mk IV G Convertible,ASTRA Mk IV G Estate; ISUZU: TROOPER,TROOPER Soft Top; 19209818, 25327985, 25361764, 96394003, 96394004, 8972240110, 855345, 855380, 9118698, 97224011, 25177596, 855380, 9118698, 97224011; Lambdatunnistin,Happianturi<\/p>\n","protected":false},"excerpt":{"rendered":"<p>DELPHI Lambda Anturi ES20135-12B1 Lambdatunnistin,Happianturi OPEL,CHEVROLET,DAEWOO,ZAFIRA A F75_,ASTRA G CC F48_, F08_,ASTRA G Caravan F35_<\/p>\n","protected":false},"featured_media":0,"template":"","meta":{"site-sidebar-layout":"default","site-content-layout":"default","ast-global-header-display":"","ast-main-header-display":"","ast-hfb-above-header-display":"","ast-hfb-below-header-display":"","ast-hfb-mobile-header-display":"","site-post-title":"","ast-breadcrumbs-content":"","ast-featured-img":"","footer-sml-layout":"","theme-transparent-header-meta":"","adv-header-id-meta":"","stick-header-meta":"","header-above-stick-meta":"","header-main-stick-meta":"","header-below-stick-meta":""},"pwb-brand":[538],"product_cat":[264],"product_tag":[],"class_list":{"0":"post-104462","1":"product","2":"type-product","3":"status-publish","5":"pwb-brand-delphi","6":"product_cat-lambda-anturi","7":"desktop-align-left","8":"tablet-align-left","9":"mobile-align-left","11":"first","12":"instock","13":"product-type-external"},"brands":[{"id":538,"name":"Delphi","slug":"delphi"}],"_links":{"self":[{"href":"https:\/\/www.autonvaraosahaku.fi\/index.php?rest_route=\/wp\/v2\/product\/104462","targetHints":{"allow":["GET"]}}],"collection":[{"href":"https:\/\/www.autonvaraosahaku.fi\/index.php?rest_route=\/wp\/v2\/product"}],"about":[{"href":"https:\/\/www.autonvaraosahaku.fi\/index.php?rest_route=\/wp\/v2\/types\/product"}],"wp:attachment":[{"href":"https:\/\/www.autonvaraosahaku.fi\/index.php?rest_route=%2Fwp%2Fv2%2Fmedia&parent=104462"}],"wp:term":[{"taxonomy":"pwb-brand","embeddable":true,"href":"https:\/\/www.autonvaraosahaku.fi\/index.php?rest_route=%2Fwp%2Fv2%2Fpwb-brand&post=104462"},{"taxonomy":"product_cat","embeddable":true,"href":"https:\/\/www.autonvaraosahaku.fi\/index.php?rest_route=%2Fwp%2Fv2%2Fproduct_cat&post=104462"},{"taxonomy":"product_tag","embeddable":true,"href":"https:\/\/www.autonvaraosahaku.fi\/index.php?rest_route=%2Fwp%2Fv2%2Fproduct_tag&post=104462"}],"curies":[{"name":"wp","href":"https:\/\/api.w.org\/{rel}","templated":true}]}}