{"id":104466,"date":"2021-02-21T23:03:02","date_gmt":"2021-02-21T23:03:02","guid":{"rendered":"https:\/\/www.autonvaraosahaku.fi\/?product=delphi-bg4094c-jarrulevyt"},"modified":"2021-02-21T23:03:06","modified_gmt":"2021-02-21T23:03:06","slug":"delphi-bg4094c-jarrulevyt","status":"publish","type":"product","link":"https:\/\/www.autonvaraosahaku.fi\/?product=delphi-bg4094c-jarrulevyt","title":{"rendered":"Delphi BG4094C Jarrulevyt"},"content":{"rendered":"<p>Jarrulevytyyppi: Tuuletettu; L\u00e4pimitta [mm]: 300; Jarrulevyn paksuus (mm): 28; V\u00e4himm\u00e4ispaksuus (mm): 26; keskitt\u00e4misl\u00e4pimitta [mm]: 64; Syvyys (mm): 52; testausnormin mukainen: R90 Approved, R90 Approved, R90 Approved; Reikien m\u00e4\u00e4r\u00e4: 5; Asennuspuoli: Vorderachse; LAND ROVER: FREELANDER 2 FA_,RANGE ROVER EVOQUE LV,DISCOVERY SPORT LC,RANGE ROVER EVOQUE Cabriolet LV_; VOLVO: V70 III BW,V60,XC70 II,S80 II AS,S60 II; FORD: MONDEO IV Turnier BA7,S-MAX WA6,GALAXY WA6,MONDEO IV BA7,MONDEO IV Stufenheck BA7; 1379965, 1384689, 1405510, 1420600, 1420601, 1469085, 1500158, 1500159, 1514427, 6G912C375CD, 6G912C375F1B, 6G912C375FA, 6G912C375FB, 7G911125BA, 7G911125EA, LR000571, LR007055, LR068925, 30736311, 30769056, 31202327, 31202331, 31341382; Jarrulevy<\/p>\n","protected":false},"excerpt":{"rendered":"<p>DELPHI Jarrulevyt BG4094C Jarrulevy LAND ROVER,VOLVO,FORD,FREELANDER 2 FA_,RANGE ROVER EVOQUE LV,DISCOVERY SPORT LC,RANGE ROVER EVOQUE Cabriolet LV_<\/p>\n","protected":false},"featured_media":0,"template":"","meta":{"site-sidebar-layout":"default","site-content-layout":"default","ast-global-header-display":"","ast-main-header-display":"","ast-hfb-above-header-display":"","ast-hfb-below-header-display":"","ast-hfb-mobile-header-display":"","site-post-title":"","ast-breadcrumbs-content":"","ast-featured-img":"","footer-sml-layout":"","theme-transparent-header-meta":"","adv-header-id-meta":"","stick-header-meta":"","header-above-stick-meta":"","header-main-stick-meta":"","header-below-stick-meta":""},"pwb-brand":[538],"product_cat":[66],"product_tag":[],"class_list":{"0":"post-104466","1":"product","2":"type-product","3":"status-publish","5":"pwb-brand-delphi","6":"product_cat-jarrulevyt","7":"desktop-align-left","8":"tablet-align-left","9":"mobile-align-left","11":"first","12":"instock","13":"product-type-external"},"brands":[{"id":538,"name":"Delphi","slug":"delphi"}],"_links":{"self":[{"href":"https:\/\/www.autonvaraosahaku.fi\/index.php?rest_route=\/wp\/v2\/product\/104466","targetHints":{"allow":["GET"]}}],"collection":[{"href":"https:\/\/www.autonvaraosahaku.fi\/index.php?rest_route=\/wp\/v2\/product"}],"about":[{"href":"https:\/\/www.autonvaraosahaku.fi\/index.php?rest_route=\/wp\/v2\/types\/product"}],"wp:attachment":[{"href":"https:\/\/www.autonvaraosahaku.fi\/index.php?rest_route=%2Fwp%2Fv2%2Fmedia&parent=104466"}],"wp:term":[{"taxonomy":"pwb-brand","embeddable":true,"href":"https:\/\/www.autonvaraosahaku.fi\/index.php?rest_route=%2Fwp%2Fv2%2Fpwb-brand&post=104466"},{"taxonomy":"product_cat","embeddable":true,"href":"https:\/\/www.autonvaraosahaku.fi\/index.php?rest_route=%2Fwp%2Fv2%2Fproduct_cat&post=104466"},{"taxonomy":"product_tag","embeddable":true,"href":"https:\/\/www.autonvaraosahaku.fi\/index.php?rest_route=%2Fwp%2Fv2%2Fproduct_tag&post=104466"}],"curies":[{"name":"wp","href":"https:\/\/api.w.org\/{rel}","templated":true}]}}