{"id":104467,"date":"2021-02-21T23:03:02","date_gmt":"2021-02-21T23:03:02","guid":{"rendered":"https:\/\/www.autonvaraosahaku.fi\/?product=delphi-bg3897c-jarrulevyt"},"modified":"2021-02-21T23:03:06","modified_gmt":"2021-02-21T23:03:06","slug":"delphi-bg3897c-jarrulevyt","status":"publish","type":"product","link":"https:\/\/www.autonvaraosahaku.fi\/?product=delphi-bg3897c-jarrulevyt","title":{"rendered":"Delphi BG3897C Jarrulevyt"},"content":{"rendered":"<p>Jarrulevytyyppi: Vakiomalli; L\u00e4pimitta [mm]: 280; Jarrulevyn paksuus (mm): 11; V\u00e4himm\u00e4ispaksuus (mm): 9; keskitt\u00e4misl\u00e4pimitta [mm]: 64; Syvyys (mm): 41; testausnormin mukainen: R90 Approved, R90 Approved, R90 Approved; Reikien m\u00e4\u00e4r\u00e4: 5; Asennuspuoli: Hinterachse; VOLVO: V50 MW,C30,S40 II MS,C70 II Cabriolet,V40 Schr\u00e4gheck; FORD: FOCUS II Kombi DA_,FOCUS II DA_,FOCUS C-MAX,C-MAX DM2,FOCUS II Stufenheck DA_,FOCUS II Cabriolet; 1223566, 1223568, 1253962, 1253963, 1323551, 1373361, 1469081, 1500156, 2025944, 3M512A315DB, 3M512A315E1D, 3M512A315EA, 3M512A315EB, 3M512A315EC, 3M512A315ED, 7M512A315BA, ME7M5J2A315BA, 30666802, 30769113, 31341645, 31341646; Jarrulevy<\/p>\n","protected":false},"excerpt":{"rendered":"<p>DELPHI Jarrulevyt BG3897C Jarrulevy VOLVO,FORD,V50 MW,C30,S40 II MS,C70 II Cabriolet,V40 Schr\u00e4gheck,FOCUS II Kombi DA_,FOCUS II DA_,FOCUS C-MAX<\/p>\n","protected":false},"featured_media":0,"template":"","meta":{"site-sidebar-layout":"default","site-content-layout":"default","ast-global-header-display":"","ast-main-header-display":"","ast-hfb-above-header-display":"","ast-hfb-below-header-display":"","ast-hfb-mobile-header-display":"","site-post-title":"","ast-breadcrumbs-content":"","ast-featured-img":"","footer-sml-layout":"","theme-transparent-header-meta":"","adv-header-id-meta":"","stick-header-meta":"","header-above-stick-meta":"","header-main-stick-meta":"","header-below-stick-meta":""},"pwb-brand":[538],"product_cat":[66],"product_tag":[],"class_list":{"0":"post-104467","1":"product","2":"type-product","3":"status-publish","5":"pwb-brand-delphi","6":"product_cat-jarrulevyt","7":"desktop-align-left","8":"tablet-align-left","9":"mobile-align-left","11":"first","12":"instock","13":"product-type-external"},"brands":[{"id":538,"name":"Delphi","slug":"delphi"}],"_links":{"self":[{"href":"https:\/\/www.autonvaraosahaku.fi\/index.php?rest_route=\/wp\/v2\/product\/104467","targetHints":{"allow":["GET"]}}],"collection":[{"href":"https:\/\/www.autonvaraosahaku.fi\/index.php?rest_route=\/wp\/v2\/product"}],"about":[{"href":"https:\/\/www.autonvaraosahaku.fi\/index.php?rest_route=\/wp\/v2\/types\/product"}],"wp:attachment":[{"href":"https:\/\/www.autonvaraosahaku.fi\/index.php?rest_route=%2Fwp%2Fv2%2Fmedia&parent=104467"}],"wp:term":[{"taxonomy":"pwb-brand","embeddable":true,"href":"https:\/\/www.autonvaraosahaku.fi\/index.php?rest_route=%2Fwp%2Fv2%2Fpwb-brand&post=104467"},{"taxonomy":"product_cat","embeddable":true,"href":"https:\/\/www.autonvaraosahaku.fi\/index.php?rest_route=%2Fwp%2Fv2%2Fproduct_cat&post=104467"},{"taxonomy":"product_tag","embeddable":true,"href":"https:\/\/www.autonvaraosahaku.fi\/index.php?rest_route=%2Fwp%2Fv2%2Fproduct_tag&post=104467"}],"curies":[{"name":"wp","href":"https:\/\/api.w.org\/{rel}","templated":true}]}}