{"id":104480,"date":"2021-02-21T23:03:08","date_gmt":"2021-02-21T23:03:08","guid":{"rendered":"https:\/\/www.autonvaraosahaku.fi\/?product=eps-1-830-099-oljyn-lampotila-anturi"},"modified":"2021-02-21T23:03:10","modified_gmt":"2021-02-21T23:03:10","slug":"eps-1-830-099-oljyn-lampotila-anturi","status":"publish","type":"product","link":"https:\/\/www.autonvaraosahaku.fi\/?product=eps-1-830-099-oljyn-lampotila-anturi","title":{"rendered":"EPS 1.830.099 \u00d6ljyn l\u00e4mp\u00f6tila anturi"},"content":{"rendered":"<p>Kierremitta: M16x1,5; Avainv\u00e4li: 22; lis\u00e4tieto: Made in Italy &#8211; OE Equivalent; Moottorinumero: B6D (XU5JA); PEUGEOT: 205 II 20A\/C,205 I Cabriolet 741B, 20D,205 I 741A\/C,405 II 4B,405 II Break 4E; CITRO\u00cbN: ZX N2,BX XB-_,ZX Break N2,BX Break XB-_; 024250, 91517505, 95635573, 024250; Tunnistin, \u00d6ljyl\u00e4mp\u00f6tila<\/p>\n","protected":false},"excerpt":{"rendered":"<p>EPS \u00d6ljyn L\u00e4mp\u00f6tila Anturi 1.830.099 Tunnistin, \u00d6ljyl\u00e4mp\u00f6tila PEUGEOT,CITRO\u00cbN,205 II 20A\/C,205 I Cabriolet 741B, 20D,205 I 741A\/C,405 II 4B<\/p>\n","protected":false},"featured_media":0,"template":"","meta":{"site-sidebar-layout":"default","site-content-layout":"default","ast-global-header-display":"","ast-main-header-display":"","ast-hfb-above-header-display":"","ast-hfb-below-header-display":"","ast-hfb-mobile-header-display":"","site-post-title":"","ast-breadcrumbs-content":"","ast-featured-img":"","footer-sml-layout":"","theme-transparent-header-meta":"","adv-header-id-meta":"","stick-header-meta":"","header-above-stick-meta":"","header-main-stick-meta":"","header-below-stick-meta":""},"pwb-brand":[540],"product_cat":[275],"product_tag":[],"class_list":{"0":"post-104480","1":"product","2":"type-product","3":"status-publish","5":"pwb-brand-eps","6":"product_cat-oljyn-lampotila-anturi","7":"desktop-align-left","8":"tablet-align-left","9":"mobile-align-left","11":"first","12":"instock","13":"product-type-external"},"brands":[{"id":540,"name":"EPS","slug":"eps"}],"_links":{"self":[{"href":"https:\/\/www.autonvaraosahaku.fi\/index.php?rest_route=\/wp\/v2\/product\/104480","targetHints":{"allow":["GET"]}}],"collection":[{"href":"https:\/\/www.autonvaraosahaku.fi\/index.php?rest_route=\/wp\/v2\/product"}],"about":[{"href":"https:\/\/www.autonvaraosahaku.fi\/index.php?rest_route=\/wp\/v2\/types\/product"}],"wp:attachment":[{"href":"https:\/\/www.autonvaraosahaku.fi\/index.php?rest_route=%2Fwp%2Fv2%2Fmedia&parent=104480"}],"wp:term":[{"taxonomy":"pwb-brand","embeddable":true,"href":"https:\/\/www.autonvaraosahaku.fi\/index.php?rest_route=%2Fwp%2Fv2%2Fpwb-brand&post=104480"},{"taxonomy":"product_cat","embeddable":true,"href":"https:\/\/www.autonvaraosahaku.fi\/index.php?rest_route=%2Fwp%2Fv2%2Fproduct_cat&post=104480"},{"taxonomy":"product_tag","embeddable":true,"href":"https:\/\/www.autonvaraosahaku.fi\/index.php?rest_route=%2Fwp%2Fv2%2Fproduct_tag&post=104480"}],"curies":[{"name":"wp","href":"https:\/\/api.w.org\/{rel}","templated":true}]}}