{"id":104496,"date":"2021-02-21T23:03:14","date_gmt":"2021-02-21T23:03:14","guid":{"rendered":"https:\/\/www.autonvaraosahaku.fi\/?product=eps-1-880-927-termostaatti"},"modified":"2021-02-21T23:03:15","modified_gmt":"2021-02-21T23:03:15","slug":"eps-1-880-927-termostaatti","status":"publish","type":"product","link":"https:\/\/www.autonvaraosahaku.fi\/?product=eps-1-880-927-termostaatti","title":{"rendered":"EPS 1.880.927 Termostaatti"},"content":{"rendered":"<p>Avausl\u00e4mp\u00f6tila [\u00b0C]: 105; Kotelomalli: Integroitu koppi; lis\u00e4tieto: Made in Italy &#8211; OE Equivalent; Moottorinumero: 5FV (EP6CDT); PEUGEOT: 207 WA_, WC_,207 CC WD_,207 SW WK_,308 SW,308 4A_, 4C_,5008,3008,RCZ,308 CC; CITRO\u00cbN: C4 Picasso I UD_,C4 Grand Picasso I UA_,C4 I LC_,DS3,C4 Coupe LA_,C4 II B7,DS3 Cabriolet; MINI: MINI R56,MINI CLUBMAN R55,MINI Cabriolet R57,MINI COUNTRYMAN R60,MINI Coupe R58,MINI Roadster R59,MINI CLUBVAN R55; 11538699290, 8699290, 9810916980, 11537534521, 11538699290, 7534521, 9810916980; Termostaatti, J\u00e4\u00e4hdytysneste<\/p>\n","protected":false},"excerpt":{"rendered":"<p>EPS Termostaatti 1.880.927 Termostaatti, J\u00e4\u00e4hdytysneste PEUGEOT,CITRO\u00cbN,MINI,207 WA_, WC_,207 CC WD_,207 SW WK_,308 SW,308 4A_, 4C_,5008,3008,RCZ<\/p>\n","protected":false},"featured_media":0,"template":"","meta":{"site-sidebar-layout":"default","site-content-layout":"default","ast-global-header-display":"","ast-main-header-display":"","ast-hfb-above-header-display":"","ast-hfb-below-header-display":"","ast-hfb-mobile-header-display":"","site-post-title":"","ast-breadcrumbs-content":"","ast-featured-img":"","footer-sml-layout":"","theme-transparent-header-meta":"","adv-header-id-meta":"","stick-header-meta":"","header-above-stick-meta":"","header-main-stick-meta":"","header-below-stick-meta":""},"pwb-brand":[540],"product_cat":[174],"product_tag":[],"class_list":{"0":"post-104496","1":"product","2":"type-product","3":"status-publish","5":"pwb-brand-eps","6":"product_cat-termostaatti","7":"desktop-align-left","8":"tablet-align-left","9":"mobile-align-left","11":"first","12":"instock","13":"product-type-external"},"brands":[{"id":540,"name":"EPS","slug":"eps"}],"_links":{"self":[{"href":"https:\/\/www.autonvaraosahaku.fi\/index.php?rest_route=\/wp\/v2\/product\/104496","targetHints":{"allow":["GET"]}}],"collection":[{"href":"https:\/\/www.autonvaraosahaku.fi\/index.php?rest_route=\/wp\/v2\/product"}],"about":[{"href":"https:\/\/www.autonvaraosahaku.fi\/index.php?rest_route=\/wp\/v2\/types\/product"}],"wp:attachment":[{"href":"https:\/\/www.autonvaraosahaku.fi\/index.php?rest_route=%2Fwp%2Fv2%2Fmedia&parent=104496"}],"wp:term":[{"taxonomy":"pwb-brand","embeddable":true,"href":"https:\/\/www.autonvaraosahaku.fi\/index.php?rest_route=%2Fwp%2Fv2%2Fpwb-brand&post=104496"},{"taxonomy":"product_cat","embeddable":true,"href":"https:\/\/www.autonvaraosahaku.fi\/index.php?rest_route=%2Fwp%2Fv2%2Fproduct_cat&post=104496"},{"taxonomy":"product_tag","embeddable":true,"href":"https:\/\/www.autonvaraosahaku.fi\/index.php?rest_route=%2Fwp%2Fv2%2Fproduct_tag&post=104496"}],"curies":[{"name":"wp","href":"https:\/\/api.w.org\/{rel}","templated":true}]}}