{"id":104514,"date":"2021-02-21T23:03:20","date_gmt":"2021-02-21T23:03:20","guid":{"rendered":"https:\/\/www.autonvaraosahaku.fi\/?product=eps-1-830-143-jaahdytysnesteen-lampotila-anturi"},"modified":"2021-02-21T23:03:22","modified_gmt":"2021-02-21T23:03:22","slug":"eps-1-830-143-jaahdytysnesteen-lampotila-anturi","status":"publish","type":"product","link":"https:\/\/www.autonvaraosahaku.fi\/?product=eps-1-830-143-jaahdytysnesteen-lampotila-anturi","title":{"rendered":"EPS 1.830.143 J\u00e4\u00e4hdytysnesteen l\u00e4mp\u00f6tila anturi"},"content":{"rendered":"<p>Kierremitta: M12x1,5; Avainv\u00e4li: 19; V\u00e4ri: Vaaleansininen; Kopan v\u00e4ri: Sininen; V\u00e4rimerkint\u00e4: Sininen; Versio: Weber Spi, Weber; lis\u00e4tieto: Made in Italy &#8211; OE Equivalent; Moottorinumero: AR 67203; OPEL: VECTRA B 36_,ASTRA F CC 53_, 54_, 58_, 59_,OMEGA B Caravan 21_, 22_, 23_,OMEGA B 25_, 26_, 27_,VECTRA B Caravan 31_,ASTRA F Caravan 51_, 52_,CALIBRA A 85_,VECTRA B CC 38_,VECTRA A 86_, 87_,ASTRA F Cabriolet 53_B,MOVANO Kasten F9,ASTRA F 56_, 57_,VECTRA A CC 88_, 89_,MOVANO Pritsche\/Fahrgestell U9, E9,MOVANO Kipper H9; FORD: ESCORT VI GAL; RENAULT: MASTER I Kasten T__,MASTER I Pritsche\/Fahrgestell P__; FIAT: DUCATO Pritsche\/Fahrgestell 230,DUCATO Bus 230,PUNTO 176,DUCATO Kasten 230L,CINQUECENTO 170,PANDA 141A_,COUPE FA\/175,STRADA Pick-up 178E,PUNTO Cabriolet 176C,MAREA Weekend 185,UNO 146A\/E,PALIO Weekend 178DX,SEICENTO Van 187,TIPO 160,CROMA 154,PANDA Van 141_,MAREA 185,TEMPRA 159,PUNTO Van 176L,TEMPRA S.W. 159,PALIO 178BX,SIENA 178_; PEUGEOT: BOXER Kasten 230L,BOXER Bus 230P,BOXER Pritsche\/Fahrgestell ZCT_; CITRO\u00cbN: JUMPER Kasten 230L,JUMPER Bus 230P,JUMPER Pritsche\/Fahrgestell 230; ALFA ROMEO: 155 167; IVECO: DAILY III Pritsche\/Fahrgestell,DAILY III Kasten\/Kombi,DAILY II Pritsche\/Fahrgestell,DAILY II Kasten\/Kombi,DAILY II Kipper,DAILY III Bus; LANCIA: Y 840A,DELTA I 831AB0,THEMA 834,DELTA II 836,DEDRA 835,DEDRA SW 835,THEMA SW 834,PRISMA 831AB0; RENAULT TRUCKS: MASCOTT Pritsche\/Fahrgestell,MASCOTT Kasten\/Kombi; 46477022, 60806379, 60813751, 1338A5, 46477022, 4850371, 60806379, 60813751, 7547977, 7695581, 1639283, V86HF12A648AA, 90411977, 46477022, 46477022, 4850371, 46477022, 60806379, 60813751, 7547977, 7695581, 1342850, 4416020, 4500001, 90411977, 9160301, 93184580, 1338A5, 5000288398, 5001865578, 5000288398, 5001865578, 90411977, 9160301, 93184580, 02690616112; J\u00e4\u00e4hdytysnestel\u00e4mp\u00f6tilan Sensori<\/p>\n","protected":false},"excerpt":{"rendered":"<p>EPS J\u00e4\u00e4hdytysnesteen L\u00e4mp\u00f6tila Anturi 1.830.143 J\u00e4\u00e4hdytysnestel\u00e4mp\u00f6tilan Sensori OPEL,FORD,RENAULT,VECTRA B 36_,ASTRA F CC 53_, 54_, 58_, 59_<\/p>\n","protected":false},"featured_media":0,"template":"","meta":{"site-sidebar-layout":"default","site-content-layout":"default","ast-global-header-display":"","ast-main-header-display":"","ast-hfb-above-header-display":"","ast-hfb-below-header-display":"","ast-hfb-mobile-header-display":"","site-post-title":"","ast-breadcrumbs-content":"","ast-featured-img":"","footer-sml-layout":"","theme-transparent-header-meta":"","adv-header-id-meta":"","stick-header-meta":"","header-above-stick-meta":"","header-main-stick-meta":"","header-below-stick-meta":""},"pwb-brand":[540],"product_cat":[200],"product_tag":[],"class_list":{"0":"post-104514","1":"product","2":"type-product","3":"status-publish","5":"pwb-brand-eps","6":"product_cat-jaahdytysnesteen-lampotila-anturi","7":"desktop-align-left","8":"tablet-align-left","9":"mobile-align-left","11":"first","12":"instock","13":"product-type-external"},"brands":[{"id":540,"name":"EPS","slug":"eps"}],"_links":{"self":[{"href":"https:\/\/www.autonvaraosahaku.fi\/index.php?rest_route=\/wp\/v2\/product\/104514","targetHints":{"allow":["GET"]}}],"collection":[{"href":"https:\/\/www.autonvaraosahaku.fi\/index.php?rest_route=\/wp\/v2\/product"}],"about":[{"href":"https:\/\/www.autonvaraosahaku.fi\/index.php?rest_route=\/wp\/v2\/types\/product"}],"wp:attachment":[{"href":"https:\/\/www.autonvaraosahaku.fi\/index.php?rest_route=%2Fwp%2Fv2%2Fmedia&parent=104514"}],"wp:term":[{"taxonomy":"pwb-brand","embeddable":true,"href":"https:\/\/www.autonvaraosahaku.fi\/index.php?rest_route=%2Fwp%2Fv2%2Fpwb-brand&post=104514"},{"taxonomy":"product_cat","embeddable":true,"href":"https:\/\/www.autonvaraosahaku.fi\/index.php?rest_route=%2Fwp%2Fv2%2Fproduct_cat&post=104514"},{"taxonomy":"product_tag","embeddable":true,"href":"https:\/\/www.autonvaraosahaku.fi\/index.php?rest_route=%2Fwp%2Fv2%2Fproduct_tag&post=104514"}],"curies":[{"name":"wp","href":"https:\/\/api.w.org\/{rel}","templated":true}]}}