{"id":104516,"date":"2021-02-21T23:03:20","date_gmt":"2021-02-21T23:03:20","guid":{"rendered":"https:\/\/www.autonvaraosahaku.fi\/?product=eps-1-415-091-virranjakajan-pyorija"},"modified":"2021-02-21T23:03:22","modified_gmt":"2021-02-21T23:03:22","slug":"eps-1-415-091-virranjakajan-pyorija","status":"publish","type":"product","link":"https:\/\/www.autonvaraosahaku.fi\/?product=eps-1-415-091-virranjakajan-pyorija","title":{"rendered":"EPS 1.415.091 Virranjakajan py\u00f6rij\u00e4"},"content":{"rendered":"<p>Versio: Ducellier; lis\u00e4tieto: Made in Italy &#8211; OE Equivalent; Moottorinumero: 800 705; RENAULT: CLIO I B\/C57_, 5\/357_,4 112_,SUPER 5 B\/C40_,5 122_,RAPID Kasten F40_, G40_,TRAFIC Kasten TXX,9 L42_,11 B\/C37_,MASTER I Kasten T__,TRAFIC Kasten T1, T3, T4,CLIO I Kasten S57_,TRAFIC Bus T5, T6, T7,11 Kasten S37_,MASTER I Bus T__,20 127_,TRAFIC Pritsche\/Fahrgestell P6,MASTER I Pritsche\/Fahrgestell P__,SUPER 5 Kasten S40_; FIAT: DUCATO Kasten 280,DUCATO Panorama 280,132; PEUGEOT: 504 A_, M_,505 551A,305 I 581A,J9 Kasten; SEAT: IBIZA I 021A; CITRO\u00cbN: CX I MA,CX I Break MA; DACIA: 1310 Stufenheck U, X; LAND ROVER: 90\/110 DHMC; 60748377, 700295, 83300126, 5452421, 5452421W, 5508170, 95610822, DM21116, 224885, 9934708, A790X12200DA, RTC3341, RTC3616, RTC4933, 593705, 593716, 593734, 0854120600, 7701021981, GRA2123, 0009934708, SE141914004D, 0017671100, 13500300, 513500300, 75066002<\/p>\n","protected":false},"excerpt":{"rendered":"<p>EPS Virranjakajan Py\u00f6rij\u00e4 1.415.091  RENAULT,FIAT,PEUGEOT,CLIO I B\/C57_, 5\/357_,4 112_,SUPER 5 B\/C40_,5 122_,RAPID Kasten F40_, G40_,TRAFIC Kasten TXX<\/p>\n","protected":false},"featured_media":0,"template":"","meta":{"site-sidebar-layout":"default","site-content-layout":"default","ast-global-header-display":"","ast-main-header-display":"","ast-hfb-above-header-display":"","ast-hfb-below-header-display":"","ast-hfb-mobile-header-display":"","site-post-title":"","ast-breadcrumbs-content":"","ast-featured-img":"","footer-sml-layout":"","theme-transparent-header-meta":"","adv-header-id-meta":"","stick-header-meta":"","header-above-stick-meta":"","header-main-stick-meta":"","header-below-stick-meta":""},"pwb-brand":[540],"product_cat":[94],"product_tag":[],"class_list":{"0":"post-104516","1":"product","2":"type-product","3":"status-publish","5":"pwb-brand-eps","6":"product_cat-virranjakajan-pyorija","7":"desktop-align-left","8":"tablet-align-left","9":"mobile-align-left","11":"first","12":"instock","13":"product-type-external"},"brands":[{"id":540,"name":"EPS","slug":"eps"}],"_links":{"self":[{"href":"https:\/\/www.autonvaraosahaku.fi\/index.php?rest_route=\/wp\/v2\/product\/104516","targetHints":{"allow":["GET"]}}],"collection":[{"href":"https:\/\/www.autonvaraosahaku.fi\/index.php?rest_route=\/wp\/v2\/product"}],"about":[{"href":"https:\/\/www.autonvaraosahaku.fi\/index.php?rest_route=\/wp\/v2\/types\/product"}],"wp:attachment":[{"href":"https:\/\/www.autonvaraosahaku.fi\/index.php?rest_route=%2Fwp%2Fv2%2Fmedia&parent=104516"}],"wp:term":[{"taxonomy":"pwb-brand","embeddable":true,"href":"https:\/\/www.autonvaraosahaku.fi\/index.php?rest_route=%2Fwp%2Fv2%2Fpwb-brand&post=104516"},{"taxonomy":"product_cat","embeddable":true,"href":"https:\/\/www.autonvaraosahaku.fi\/index.php?rest_route=%2Fwp%2Fv2%2Fproduct_cat&post=104516"},{"taxonomy":"product_tag","embeddable":true,"href":"https:\/\/www.autonvaraosahaku.fi\/index.php?rest_route=%2Fwp%2Fv2%2Fproduct_tag&post=104516"}],"curies":[{"name":"wp","href":"https:\/\/api.w.org\/{rel}","templated":true}]}}