{"id":104521,"date":"2021-02-21T23:03:20","date_gmt":"2021-02-21T23:03:20","guid":{"rendered":"https:\/\/www.autonvaraosahaku.fi\/?product=eps-1-810-283-jarruvalokytkin"},"modified":"2021-02-21T23:03:24","modified_gmt":"2021-02-21T23:03:24","slug":"eps-1-810-283-jarruvalokytkin","status":"publish","type":"product","link":"https:\/\/www.autonvaraosahaku.fi\/?product=eps-1-810-283-jarruvalokytkin","title":{"rendered":"EPS 1.810.283 Jarruvalokytkin"},"content":{"rendered":"<p>K\u00e4ytt\u00f6: Mekaaninen, Mekaaninen; Versio: 1; lis\u00e4tieto: Made in Italy &#8211; OE Equivalent; Moottorinumero: 5FS (EP6C); OPEL: CROSSLAND X,GRANDLAND X A18; PEUGEOT: 207 WA_, WC_,207 CC WD_,207 SW WK_,308 SW,208,308 4A_, 4C_,5008,3008,PARTNER Tepee,RCZ,308 CC,2008,PARTNER Kasten,207 Stufenheck,308 II,301,308 SW II,207 Van,PARTNER Pritsche\/Fahrgestell,3008 SUV,5008 II,208 Kasten; CITRO\u00cbN: BERLINGO B9,C4 Picasso I UD_,C4 Grand Picasso I UA_,DS3,C3 Picasso,C3 II,C4 II B7,BERLINGO Kasten B9,C4 Grand Picasso II,C4 Picasso II,DS4,DS5,DS3 Cabriolet,BERLINGO Pritsche\/Fahrgestell B9,C-ELYSEE,C4 CACTUS,C3 III SX,C3 AIRCROSS II; DS: DS 3,DS5,DS 4 \/ DS 4 CROSSBACK,DS 3 Cabriolet; VAUXHALL: CROSSLAND X,GRANDLAND X A18; 453470, 9670430580, 9804869480, 9818232480, 453470, 9804869480, 9818232480, 3637699, 3647106, 9818232480, 453470, 9804869480, 9818232480, 3637699, 3647106, 9818232480; Jarruvalokatkaisin<\/p>\n","protected":false},"excerpt":{"rendered":"<p>EPS Jarruvalokytkin 1.810.283 Jarruvalokatkaisin OPEL,PEUGEOT,CITRO\u00cbN,CROSSLAND X,GRANDLAND X A18,207 WA_, WC_,207 CC WD_,207 SW WK_,308 SW,208<\/p>\n","protected":false},"featured_media":0,"template":"","meta":{"site-sidebar-layout":"default","site-content-layout":"default","ast-global-header-display":"","ast-main-header-display":"","ast-hfb-above-header-display":"","ast-hfb-below-header-display":"","ast-hfb-mobile-header-display":"","site-post-title":"","ast-breadcrumbs-content":"","ast-featured-img":"","footer-sml-layout":"","theme-transparent-header-meta":"","adv-header-id-meta":"","stick-header-meta":"","header-above-stick-meta":"","header-main-stick-meta":"","header-below-stick-meta":""},"pwb-brand":[540],"product_cat":[117],"product_tag":[],"class_list":{"0":"post-104521","1":"product","2":"type-product","3":"status-publish","5":"pwb-brand-eps","6":"product_cat-jarruvalokytkin","7":"desktop-align-left","8":"tablet-align-left","9":"mobile-align-left","11":"first","12":"instock","13":"product-type-external"},"brands":[{"id":540,"name":"EPS","slug":"eps"}],"_links":{"self":[{"href":"https:\/\/www.autonvaraosahaku.fi\/index.php?rest_route=\/wp\/v2\/product\/104521","targetHints":{"allow":["GET"]}}],"collection":[{"href":"https:\/\/www.autonvaraosahaku.fi\/index.php?rest_route=\/wp\/v2\/product"}],"about":[{"href":"https:\/\/www.autonvaraosahaku.fi\/index.php?rest_route=\/wp\/v2\/types\/product"}],"wp:attachment":[{"href":"https:\/\/www.autonvaraosahaku.fi\/index.php?rest_route=%2Fwp%2Fv2%2Fmedia&parent=104521"}],"wp:term":[{"taxonomy":"pwb-brand","embeddable":true,"href":"https:\/\/www.autonvaraosahaku.fi\/index.php?rest_route=%2Fwp%2Fv2%2Fpwb-brand&post=104521"},{"taxonomy":"product_cat","embeddable":true,"href":"https:\/\/www.autonvaraosahaku.fi\/index.php?rest_route=%2Fwp%2Fv2%2Fproduct_cat&post=104521"},{"taxonomy":"product_tag","embeddable":true,"href":"https:\/\/www.autonvaraosahaku.fi\/index.php?rest_route=%2Fwp%2Fv2%2Fproduct_tag&post=104521"}],"curies":[{"name":"wp","href":"https:\/\/api.w.org\/{rel}","templated":true}]}}