{"id":104536,"date":"2021-02-21T23:03:27","date_gmt":"2021-02-21T23:03:27","guid":{"rendered":"https:\/\/www.autonvaraosahaku.fi\/?product=gsp-218295-vetoakseli"},"modified":"2021-02-21T23:03:28","modified_gmt":"2021-02-21T23:03:28","slug":"gsp-218295-vetoakseli","status":"publish","type":"product","link":"https:\/\/www.autonvaraosahaku.fi\/?product=gsp-218295-vetoakseli","title":{"rendered":"GSP 218295 Vetoakseli"},"content":{"rendered":"<p>Tiivisteen l\u00e4pimitta [mm]: 63; Ulkohammastus tasauspy\u00f6r\u00e4st\u00f6puoli: 26, 26; Ulkohammastus, py\u00f6r\u00e4npuoli: 27, 27; Pituus (mm): 637; Asennuspuoli: Py\u00f6r\u00e4n paikka 1; Vaihteistomalli: Schaltgetriebe 6 Gang; FORD: FOCUS III Turnier,FOCUS III,C-MAX II,GRAND C-MAX,FOCUS III Stufenheck,GRAND C-MAX Van,C-MAX II Van,FOCUS III Kasten\/Schr\u00e4gheck; 1686194, 1686592, 1774249, 1828482, 1840141, 1840142, 1840152, 2006995, AV613B437CB, AV613B437CC, BV613B437CA, BV613B437TA, BV613B437TB, F1F63B437GA, RMAV613B437C2C, RMBV613B437T2A<\/p>\n","protected":false},"excerpt":{"rendered":"<p>GSP Vetoakseli 218295  FORD,FOCUS III Turnier,FOCUS III,C-MAX II,GRAND C-MAX,FOCUS III Stufenheck,GRAND C-MAX Van,C-MAX II Van<\/p>\n","protected":false},"featured_media":0,"template":"","meta":{"site-sidebar-layout":"default","site-content-layout":"default","ast-global-header-display":"","ast-main-header-display":"","ast-hfb-above-header-display":"","ast-hfb-below-header-display":"","ast-hfb-mobile-header-display":"","site-post-title":"","ast-breadcrumbs-content":"","ast-featured-img":"","footer-sml-layout":"","theme-transparent-header-meta":"","adv-header-id-meta":"","stick-header-meta":"","header-above-stick-meta":"","header-main-stick-meta":"","header-below-stick-meta":""},"pwb-brand":[543],"product_cat":[215],"product_tag":[],"class_list":{"0":"post-104536","1":"product","2":"type-product","3":"status-publish","5":"pwb-brand-gsp","6":"product_cat-vetoakseli","7":"desktop-align-left","8":"tablet-align-left","9":"mobile-align-left","11":"first","12":"instock","13":"product-type-external"},"brands":[{"id":543,"name":"GSP","slug":"gsp"}],"_links":{"self":[{"href":"https:\/\/www.autonvaraosahaku.fi\/index.php?rest_route=\/wp\/v2\/product\/104536","targetHints":{"allow":["GET"]}}],"collection":[{"href":"https:\/\/www.autonvaraosahaku.fi\/index.php?rest_route=\/wp\/v2\/product"}],"about":[{"href":"https:\/\/www.autonvaraosahaku.fi\/index.php?rest_route=\/wp\/v2\/types\/product"}],"wp:attachment":[{"href":"https:\/\/www.autonvaraosahaku.fi\/index.php?rest_route=%2Fwp%2Fv2%2Fmedia&parent=104536"}],"wp:term":[{"taxonomy":"pwb-brand","embeddable":true,"href":"https:\/\/www.autonvaraosahaku.fi\/index.php?rest_route=%2Fwp%2Fv2%2Fpwb-brand&post=104536"},{"taxonomy":"product_cat","embeddable":true,"href":"https:\/\/www.autonvaraosahaku.fi\/index.php?rest_route=%2Fwp%2Fv2%2Fproduct_cat&post=104536"},{"taxonomy":"product_tag","embeddable":true,"href":"https:\/\/www.autonvaraosahaku.fi\/index.php?rest_route=%2Fwp%2Fv2%2Fproduct_tag&post=104536"}],"curies":[{"name":"wp","href":"https:\/\/api.w.org\/{rel}","templated":true}]}}