{"id":104542,"date":"2021-02-21T23:03:27","date_gmt":"2021-02-21T23:03:27","guid":{"rendered":"https:\/\/www.autonvaraosahaku.fi\/?product=gsp-299212-vetoakseli"},"modified":"2021-02-21T23:03:30","modified_gmt":"2021-02-21T23:03:30","slug":"gsp-299212-vetoakseli","status":"publish","type":"product","link":"https:\/\/www.autonvaraosahaku.fi\/?product=gsp-299212-vetoakseli","title":{"rendered":"GSP 299212 Vetoakseli"},"content":{"rendered":"<p>Tiivisteen l\u00e4pimitta [mm]: 57,4; Ulkohammastus tasauspy\u00f6r\u00e4st\u00f6puoli: 26; Ulkohammastus, py\u00f6r\u00e4npuoli: 40; Pituus (mm): 945; Asennuspuoli: Py\u00f6r\u00e4n paikka 1; Vaihteistomalli: Schaltgetriebe 6 Gang; VOLVO: V70 III BW,V60,S80 II AS; FORD: MONDEO IV Turnier BA7,S-MAX WA6,GALAXY WA6,MONDEO IV BA7,MONDEO IV Stufenheck BA7; 1380033, 1424194, 1431395, 1437705, 1437735, 1459738, 1460786, 1460803, 1460805, 1667811, 1670061, 1788201, 1788202, 1840132, 1840133, 6G913B436BE, 6G913B436BF, 6G913B436DA, 6G913B436DB, 6G913B436DC, 6G913B436DD, 6G913B436EA, 6G913B436EB, 6G913B436EC, 6G913B436FC, 6G913B436FD, 6G913B436FE, RM6G913B436B2F, RM6G913B436F2E<\/p>\n","protected":false},"excerpt":{"rendered":"<p>GSP Vetoakseli 299212  VOLVO,FORD,V70 III BW,V60,S80 II AS,MONDEO IV Turnier BA7,S-MAX WA6,GALAXY WA6,MONDEO IV BA7,MONDEO IV Stufenheck BA7<\/p>\n","protected":false},"featured_media":0,"template":"","meta":{"site-sidebar-layout":"default","site-content-layout":"default","ast-global-header-display":"","ast-main-header-display":"","ast-hfb-above-header-display":"","ast-hfb-below-header-display":"","ast-hfb-mobile-header-display":"","site-post-title":"","ast-breadcrumbs-content":"","ast-featured-img":"","footer-sml-layout":"","theme-transparent-header-meta":"","adv-header-id-meta":"","stick-header-meta":"","header-above-stick-meta":"","header-main-stick-meta":"","header-below-stick-meta":""},"pwb-brand":[543],"product_cat":[215],"product_tag":[],"class_list":{"0":"post-104542","1":"product","2":"type-product","3":"status-publish","5":"pwb-brand-gsp","6":"product_cat-vetoakseli","7":"desktop-align-left","8":"tablet-align-left","9":"mobile-align-left","11":"first","12":"instock","13":"product-type-external"},"brands":[{"id":543,"name":"GSP","slug":"gsp"}],"_links":{"self":[{"href":"https:\/\/www.autonvaraosahaku.fi\/index.php?rest_route=\/wp\/v2\/product\/104542","targetHints":{"allow":["GET"]}}],"collection":[{"href":"https:\/\/www.autonvaraosahaku.fi\/index.php?rest_route=\/wp\/v2\/product"}],"about":[{"href":"https:\/\/www.autonvaraosahaku.fi\/index.php?rest_route=\/wp\/v2\/types\/product"}],"wp:attachment":[{"href":"https:\/\/www.autonvaraosahaku.fi\/index.php?rest_route=%2Fwp%2Fv2%2Fmedia&parent=104542"}],"wp:term":[{"taxonomy":"pwb-brand","embeddable":true,"href":"https:\/\/www.autonvaraosahaku.fi\/index.php?rest_route=%2Fwp%2Fv2%2Fpwb-brand&post=104542"},{"taxonomy":"product_cat","embeddable":true,"href":"https:\/\/www.autonvaraosahaku.fi\/index.php?rest_route=%2Fwp%2Fv2%2Fproduct_cat&post=104542"},{"taxonomy":"product_tag","embeddable":true,"href":"https:\/\/www.autonvaraosahaku.fi\/index.php?rest_route=%2Fwp%2Fv2%2Fproduct_tag&post=104542"}],"curies":[{"name":"wp","href":"https:\/\/api.w.org\/{rel}","templated":true}]}}