{"id":104551,"date":"2021-02-21T23:03:33","date_gmt":"2021-02-21T23:03:33","guid":{"rendered":"https:\/\/www.autonvaraosahaku.fi\/?product=gsp-218201-vetoakseli"},"modified":"2021-02-21T23:03:33","modified_gmt":"2021-02-21T23:03:33","slug":"gsp-218201-vetoakseli","status":"publish","type":"product","link":"https:\/\/www.autonvaraosahaku.fi\/?product=gsp-218201-vetoakseli","title":{"rendered":"GSP 218201 Vetoakseli"},"content":{"rendered":"<p>Tiivisteen l\u00e4pimitta [mm]: 53,3; Ulkohammastus tasauspy\u00f6r\u00e4st\u00f6puoli: 23; Ulkohammastus, py\u00f6r\u00e4npuoli: 25; Pituus (mm): 919; Asennuspuoli: Py\u00f6r\u00e4n paikka 1; Vaihteistomalli: 4AT\/5MT; FORD: FIESTA V JH_, JD_,FIESTA VI,FUSION JU_,B-MAX JK,FIESTA V Van,FIESTA VI Van; 1142790, 1142791, 1334284, 1341965, 1359342, 1361897, 1416717, 1468572, 1471723, 1478994, 1489439, 1490474, 1493222, 1506723, 1513993, 1514106, 1514107, 1514108, 1538077, 1538078, 1547749, 1547915, 1564070, 1564075, 1599953, 1600353, 1697349, 1697488, 1716096, 1716542, 1742888, 1749260, 1756196, 1756197, 1799209, 1799212, 1807540, 1821964, 1822704, 1840187, 1840189, 2002893, 2S613B436AB, 2S613B436AC, 2S613B436AD, 2S613B436AE, 2S613B436AF, 2S613B436AG, 2S613B436BB, 2S613B436BC, 2S613B436BD, 2S613B436BE, 2S613B436BF, 2S613B436BG, 2S6W3B436AA, 2S6W3B436FA, 2S6W3B436FB, 2S6W3B436FC, 2S6W3B436FD, 4330604, 8V513B436AAA, 8V513B436AAB, 8V513B436AAC, 8V513B436AAD, 8V513B436AAE, 8V513B436AAF, 8V513B436CA, 8V513B436CB, 8V513B436CC, 8V513B436CD, 8V513B436HE, RM2S6W3B436FA, RM2S6W3B436FC, RM8V513B436AA2E<\/p>\n","protected":false},"excerpt":{"rendered":"<p>GSP Vetoakseli 218201  FORD,FIESTA V JH_, JD_,FIESTA VI,FUSION JU_,B-MAX JK,FIESTA V Van,FIESTA VI Van<\/p>\n","protected":false},"featured_media":0,"template":"","meta":{"site-sidebar-layout":"default","site-content-layout":"default","ast-global-header-display":"","ast-main-header-display":"","ast-hfb-above-header-display":"","ast-hfb-below-header-display":"","ast-hfb-mobile-header-display":"","site-post-title":"","ast-breadcrumbs-content":"","ast-featured-img":"","footer-sml-layout":"","theme-transparent-header-meta":"","adv-header-id-meta":"","stick-header-meta":"","header-above-stick-meta":"","header-main-stick-meta":"","header-below-stick-meta":""},"pwb-brand":[543],"product_cat":[215],"product_tag":[],"class_list":{"0":"post-104551","1":"product","2":"type-product","3":"status-publish","5":"pwb-brand-gsp","6":"product_cat-vetoakseli","7":"desktop-align-left","8":"tablet-align-left","9":"mobile-align-left","11":"first","12":"instock","13":"product-type-external"},"brands":[{"id":543,"name":"GSP","slug":"gsp"}],"_links":{"self":[{"href":"https:\/\/www.autonvaraosahaku.fi\/index.php?rest_route=\/wp\/v2\/product\/104551","targetHints":{"allow":["GET"]}}],"collection":[{"href":"https:\/\/www.autonvaraosahaku.fi\/index.php?rest_route=\/wp\/v2\/product"}],"about":[{"href":"https:\/\/www.autonvaraosahaku.fi\/index.php?rest_route=\/wp\/v2\/types\/product"}],"wp:attachment":[{"href":"https:\/\/www.autonvaraosahaku.fi\/index.php?rest_route=%2Fwp%2Fv2%2Fmedia&parent=104551"}],"wp:term":[{"taxonomy":"pwb-brand","embeddable":true,"href":"https:\/\/www.autonvaraosahaku.fi\/index.php?rest_route=%2Fwp%2Fv2%2Fpwb-brand&post=104551"},{"taxonomy":"product_cat","embeddable":true,"href":"https:\/\/www.autonvaraosahaku.fi\/index.php?rest_route=%2Fwp%2Fv2%2Fproduct_cat&post=104551"},{"taxonomy":"product_tag","embeddable":true,"href":"https:\/\/www.autonvaraosahaku.fi\/index.php?rest_route=%2Fwp%2Fv2%2Fproduct_tag&post=104551"}],"curies":[{"name":"wp","href":"https:\/\/api.w.org\/{rel}","templated":true}]}}