{"id":104552,"date":"2021-02-21T23:03:33","date_gmt":"2021-02-21T23:03:33","guid":{"rendered":"https:\/\/www.autonvaraosahaku.fi\/?product=gsp-210238-vetoakseli"},"modified":"2021-02-21T23:03:33","modified_gmt":"2021-02-21T23:03:33","slug":"gsp-210238-vetoakseli","status":"publish","type":"product","link":"https:\/\/www.autonvaraosahaku.fi\/?product=gsp-210238-vetoakseli","title":{"rendered":"GSP 210238 Vetoakseli"},"content":{"rendered":"<p>Tiivisteen l\u00e4pimitta [mm]: 58,5; Ulkohammastus tasauspy\u00f6r\u00e4st\u00f6puoli: 24, 24; Ulkohammastus, py\u00f6r\u00e4npuoli: 28; Pituus (mm): 669; Vaihteistomalli: K\u00e4sivaihteisto, K\u00e4sivaihteisto; Asennuspuoli: Vorderachse links; FIAT: SCUDO 270_,SCUDO Kasten 270_,SCUDO Pritsche\/Fahrgestell 270_; PEUGEOT: 407 SW 6E_,508 SW,407 6D_,508; CITRO\u00cbN: C5 III Break TD_,C5 III RD_; 3272NK, 3272NL, 3272XN, 3272YF, 3272YG, 1440100688, 1497191080, 1497191088, 1497196080, 71765687, 3272NK, 3272NL, 3272XN<\/p>\n","protected":false},"excerpt":{"rendered":"<p>GSP Vetoakseli 210238  FIAT,PEUGEOT,CITRO\u00cbN,SCUDO 270_,SCUDO Kasten 270_,SCUDO Pritsche\/Fahrgestell 270_,407 SW 6E_,508 SW,407 6D_,508<\/p>\n","protected":false},"featured_media":0,"template":"","meta":{"site-sidebar-layout":"default","site-content-layout":"default","ast-global-header-display":"","ast-main-header-display":"","ast-hfb-above-header-display":"","ast-hfb-below-header-display":"","ast-hfb-mobile-header-display":"","site-post-title":"","ast-breadcrumbs-content":"","ast-featured-img":"","footer-sml-layout":"","theme-transparent-header-meta":"","adv-header-id-meta":"","stick-header-meta":"","header-above-stick-meta":"","header-main-stick-meta":"","header-below-stick-meta":""},"pwb-brand":[543],"product_cat":[215],"product_tag":[],"class_list":{"0":"post-104552","1":"product","2":"type-product","3":"status-publish","5":"pwb-brand-gsp","6":"product_cat-vetoakseli","7":"desktop-align-left","8":"tablet-align-left","9":"mobile-align-left","11":"first","12":"instock","13":"product-type-external"},"brands":[{"id":543,"name":"GSP","slug":"gsp"}],"_links":{"self":[{"href":"https:\/\/www.autonvaraosahaku.fi\/index.php?rest_route=\/wp\/v2\/product\/104552","targetHints":{"allow":["GET"]}}],"collection":[{"href":"https:\/\/www.autonvaraosahaku.fi\/index.php?rest_route=\/wp\/v2\/product"}],"about":[{"href":"https:\/\/www.autonvaraosahaku.fi\/index.php?rest_route=\/wp\/v2\/types\/product"}],"wp:attachment":[{"href":"https:\/\/www.autonvaraosahaku.fi\/index.php?rest_route=%2Fwp%2Fv2%2Fmedia&parent=104552"}],"wp:term":[{"taxonomy":"pwb-brand","embeddable":true,"href":"https:\/\/www.autonvaraosahaku.fi\/index.php?rest_route=%2Fwp%2Fv2%2Fpwb-brand&post=104552"},{"taxonomy":"product_cat","embeddable":true,"href":"https:\/\/www.autonvaraosahaku.fi\/index.php?rest_route=%2Fwp%2Fv2%2Fproduct_cat&post=104552"},{"taxonomy":"product_tag","embeddable":true,"href":"https:\/\/www.autonvaraosahaku.fi\/index.php?rest_route=%2Fwp%2Fv2%2Fproduct_tag&post=104552"}],"curies":[{"name":"wp","href":"https:\/\/api.w.org\/{rel}","templated":true}]}}