{"id":104554,"date":"2021-02-21T23:03:33","date_gmt":"2021-02-21T23:03:33","guid":{"rendered":"https:\/\/www.autonvaraosahaku.fi\/?product=gsp-218340-vetoakseli"},"modified":"2021-02-21T23:03:34","modified_gmt":"2021-02-21T23:03:34","slug":"gsp-218340-vetoakseli","status":"publish","type":"product","link":"https:\/\/www.autonvaraosahaku.fi\/?product=gsp-218340-vetoakseli","title":{"rendered":"GSP 218340 Vetoakseli"},"content":{"rendered":"<p>Tiivisteen l\u00e4pimitta [mm]: 57,4; Ulkohammastus tasauspy\u00f6r\u00e4st\u00f6puoli: 28, 28; Ulkohammastus, py\u00f6r\u00e4npuoli: 40, 40; Pituus (mm): 592; Asennuspuoli: Py\u00f6r\u00e4n paikka 1; Vaihteistomalli: f\u00fcr Doppelkupplungsgetriebe 6 Gang; FORD: MONDEO IV Turnier BA7,S-MAX WA6,GALAXY WA6,MONDEO IV BA7,MONDEO IV Stufenheck BA7; 1675007, 1683417, 1727260, 1752117, 1754170, 1757879, 1786064, 1803654, 8G913B437BA, AG913B437DA, AG913B437DB, AG913B437DC, AG913B437JA, AG913B437JB, AG913B437JC, RMAG913B437D1C<\/p>\n","protected":false},"excerpt":{"rendered":"<p>GSP Vetoakseli 218340  FORD,MONDEO IV Turnier BA7,S-MAX WA6,GALAXY WA6,MONDEO IV BA7,MONDEO IV Stufenheck BA7<\/p>\n","protected":false},"featured_media":0,"template":"","meta":{"site-sidebar-layout":"default","site-content-layout":"default","ast-global-header-display":"","ast-main-header-display":"","ast-hfb-above-header-display":"","ast-hfb-below-header-display":"","ast-hfb-mobile-header-display":"","site-post-title":"","ast-breadcrumbs-content":"","ast-featured-img":"","footer-sml-layout":"","theme-transparent-header-meta":"","adv-header-id-meta":"","stick-header-meta":"","header-above-stick-meta":"","header-main-stick-meta":"","header-below-stick-meta":""},"pwb-brand":[543],"product_cat":[215],"product_tag":[],"class_list":{"0":"post-104554","1":"product","2":"type-product","3":"status-publish","5":"pwb-brand-gsp","6":"product_cat-vetoakseli","7":"desktop-align-left","8":"tablet-align-left","9":"mobile-align-left","11":"first","12":"instock","13":"product-type-external"},"brands":[{"id":543,"name":"GSP","slug":"gsp"}],"_links":{"self":[{"href":"https:\/\/www.autonvaraosahaku.fi\/index.php?rest_route=\/wp\/v2\/product\/104554","targetHints":{"allow":["GET"]}}],"collection":[{"href":"https:\/\/www.autonvaraosahaku.fi\/index.php?rest_route=\/wp\/v2\/product"}],"about":[{"href":"https:\/\/www.autonvaraosahaku.fi\/index.php?rest_route=\/wp\/v2\/types\/product"}],"wp:attachment":[{"href":"https:\/\/www.autonvaraosahaku.fi\/index.php?rest_route=%2Fwp%2Fv2%2Fmedia&parent=104554"}],"wp:term":[{"taxonomy":"pwb-brand","embeddable":true,"href":"https:\/\/www.autonvaraosahaku.fi\/index.php?rest_route=%2Fwp%2Fv2%2Fpwb-brand&post=104554"},{"taxonomy":"product_cat","embeddable":true,"href":"https:\/\/www.autonvaraosahaku.fi\/index.php?rest_route=%2Fwp%2Fv2%2Fproduct_cat&post=104554"},{"taxonomy":"product_tag","embeddable":true,"href":"https:\/\/www.autonvaraosahaku.fi\/index.php?rest_route=%2Fwp%2Fv2%2Fproduct_tag&post=104554"}],"curies":[{"name":"wp","href":"https:\/\/api.w.org\/{rel}","templated":true}]}}