{"id":104557,"date":"2021-02-21T23:03:33","date_gmt":"2021-02-21T23:03:33","guid":{"rendered":"https:\/\/www.autonvaraosahaku.fi\/?product=gsp-299069-vetoakseli"},"modified":"2021-02-21T23:03:35","modified_gmt":"2021-02-21T23:03:35","slug":"gsp-299069-vetoakseli","status":"publish","type":"product","link":"https:\/\/www.autonvaraosahaku.fi\/?product=gsp-299069-vetoakseli","title":{"rendered":"GSP 299069 Vetoakseli"},"content":{"rendered":"<p>Hammasluku, ABS-keh\u00e4: 29; Tiivisteen l\u00e4pimitta [mm]: 52; Ulkohammastus tasauspy\u00f6r\u00e4st\u00f6puoli: 22; Ulkohammastus, py\u00f6r\u00e4npuoli: 22; Pituus (mm): 584; Asennuspuoli: Py\u00f6r\u00e4n paikka 1, links; Vaihteistomalli: AT\/MT; OPEL: CORSA C F08, F68,MERIVA,TIGRA TwinTop,COMBO Kasten\/Kombi,COMBO Tour,CORSA C Kasten F08, W5L; VAUXHALL: CORSA Mk II C W5L, F08,MERIVA Mk I A,CORSAVAN Mk II C,TIGRA Convertible,COMBO TOUR Mk II C F25,COMBO Mk II C Kasten\/Kombi F25; 26076878, 26076879, 26076878<\/p>\n","protected":false},"excerpt":{"rendered":"<p>GSP Vetoakseli 299069  OPEL,VAUXHALL,CORSA C F08, F68,MERIVA,TIGRA TwinTop,COMBO Kasten\/Kombi,COMBO Tour,CORSA C Kasten F08, W5L<\/p>\n","protected":false},"featured_media":0,"template":"","meta":{"site-sidebar-layout":"default","site-content-layout":"default","ast-global-header-display":"","ast-main-header-display":"","ast-hfb-above-header-display":"","ast-hfb-below-header-display":"","ast-hfb-mobile-header-display":"","site-post-title":"","ast-breadcrumbs-content":"","ast-featured-img":"","footer-sml-layout":"","theme-transparent-header-meta":"","adv-header-id-meta":"","stick-header-meta":"","header-above-stick-meta":"","header-main-stick-meta":"","header-below-stick-meta":""},"pwb-brand":[543],"product_cat":[215],"product_tag":[],"class_list":{"0":"post-104557","1":"product","2":"type-product","3":"status-publish","5":"pwb-brand-gsp","6":"product_cat-vetoakseli","7":"desktop-align-left","8":"tablet-align-left","9":"mobile-align-left","11":"first","12":"instock","13":"product-type-external"},"brands":[{"id":543,"name":"GSP","slug":"gsp"}],"_links":{"self":[{"href":"https:\/\/www.autonvaraosahaku.fi\/index.php?rest_route=\/wp\/v2\/product\/104557","targetHints":{"allow":["GET"]}}],"collection":[{"href":"https:\/\/www.autonvaraosahaku.fi\/index.php?rest_route=\/wp\/v2\/product"}],"about":[{"href":"https:\/\/www.autonvaraosahaku.fi\/index.php?rest_route=\/wp\/v2\/types\/product"}],"wp:attachment":[{"href":"https:\/\/www.autonvaraosahaku.fi\/index.php?rest_route=%2Fwp%2Fv2%2Fmedia&parent=104557"}],"wp:term":[{"taxonomy":"pwb-brand","embeddable":true,"href":"https:\/\/www.autonvaraosahaku.fi\/index.php?rest_route=%2Fwp%2Fv2%2Fpwb-brand&post=104557"},{"taxonomy":"product_cat","embeddable":true,"href":"https:\/\/www.autonvaraosahaku.fi\/index.php?rest_route=%2Fwp%2Fv2%2Fproduct_cat&post=104557"},{"taxonomy":"product_tag","embeddable":true,"href":"https:\/\/www.autonvaraosahaku.fi\/index.php?rest_route=%2Fwp%2Fv2%2Fproduct_tag&post=104557"}],"curies":[{"name":"wp","href":"https:\/\/api.w.org\/{rel}","templated":true}]}}