{"id":104558,"date":"2021-02-21T23:03:33","date_gmt":"2021-02-21T23:03:33","guid":{"rendered":"https:\/\/www.autonvaraosahaku.fi\/?product=gsp-203322-vetoakseli"},"modified":"2021-02-21T23:03:35","modified_gmt":"2021-02-21T23:03:35","slug":"gsp-203322-vetoakseli","status":"publish","type":"product","link":"https:\/\/www.autonvaraosahaku.fi\/?product=gsp-203322-vetoakseli","title":{"rendered":"GSP 203322 Vetoakseli"},"content":{"rendered":"<p>L\u00e4pimitta 2 [mm]: 108; Tiivisteen l\u00e4pimitta [mm]: 59,5; Ulkohammastus, py\u00f6r\u00e4npuoli: 36; Pituus (mm): 613; Asennuspuoli: Py\u00f6r\u00e4n paikka 1; Vaihteistomalli: Schaltgetriebe; VW: GOLF IV 1J1,NEW BEETLE 9C1, 1C1; AUDI: A3 8L1,TT 8N3,TT 8J3,TT Roadster 8N9,TT Roadster 8J9; 8J0407272N, 8N0407272E, 8N0407452X<\/p>\n","protected":false},"excerpt":{"rendered":"<p>GSP Vetoakseli 203322  VW,AUDI,GOLF IV 1J1,NEW BEETLE 9C1, 1C1,A3 8L1,TT 8N3,TT 8J3,TT Roadster 8N9,TT Roadster 8J9<\/p>\n","protected":false},"featured_media":0,"template":"","meta":{"site-sidebar-layout":"default","site-content-layout":"default","ast-global-header-display":"","ast-main-header-display":"","ast-hfb-above-header-display":"","ast-hfb-below-header-display":"","ast-hfb-mobile-header-display":"","site-post-title":"","ast-breadcrumbs-content":"","ast-featured-img":"","footer-sml-layout":"","theme-transparent-header-meta":"","adv-header-id-meta":"","stick-header-meta":"","header-above-stick-meta":"","header-main-stick-meta":"","header-below-stick-meta":""},"pwb-brand":[543],"product_cat":[215],"product_tag":[],"class_list":{"0":"post-104558","1":"product","2":"type-product","3":"status-publish","5":"pwb-brand-gsp","6":"product_cat-vetoakseli","7":"desktop-align-left","8":"tablet-align-left","9":"mobile-align-left","11":"first","12":"instock","13":"product-type-external"},"brands":[{"id":543,"name":"GSP","slug":"gsp"}],"_links":{"self":[{"href":"https:\/\/www.autonvaraosahaku.fi\/index.php?rest_route=\/wp\/v2\/product\/104558","targetHints":{"allow":["GET"]}}],"collection":[{"href":"https:\/\/www.autonvaraosahaku.fi\/index.php?rest_route=\/wp\/v2\/product"}],"about":[{"href":"https:\/\/www.autonvaraosahaku.fi\/index.php?rest_route=\/wp\/v2\/types\/product"}],"wp:attachment":[{"href":"https:\/\/www.autonvaraosahaku.fi\/index.php?rest_route=%2Fwp%2Fv2%2Fmedia&parent=104558"}],"wp:term":[{"taxonomy":"pwb-brand","embeddable":true,"href":"https:\/\/www.autonvaraosahaku.fi\/index.php?rest_route=%2Fwp%2Fv2%2Fpwb-brand&post=104558"},{"taxonomy":"product_cat","embeddable":true,"href":"https:\/\/www.autonvaraosahaku.fi\/index.php?rest_route=%2Fwp%2Fv2%2Fproduct_cat&post=104558"},{"taxonomy":"product_tag","embeddable":true,"href":"https:\/\/www.autonvaraosahaku.fi\/index.php?rest_route=%2Fwp%2Fv2%2Fproduct_tag&post=104558"}],"curies":[{"name":"wp","href":"https:\/\/api.w.org\/{rel}","templated":true}]}}