{"id":104574,"date":"2021-02-21T23:03:39","date_gmt":"2021-02-21T23:03:39","guid":{"rendered":"https:\/\/www.autonvaraosahaku.fi\/?product=gsp-217111-vetoakseli"},"modified":"2021-02-21T23:03:40","modified_gmt":"2021-02-21T23:03:40","slug":"gsp-217111-vetoakseli","status":"publish","type":"product","link":"https:\/\/www.autonvaraosahaku.fi\/?product=gsp-217111-vetoakseli","title":{"rendered":"GSP 217111 Vetoakseli"},"content":{"rendered":"<p>Tiivisteen l\u00e4pimitta [mm]: 51,2; Ulkohammastus tasauspy\u00f6r\u00e4st\u00f6puoli: 22, 22; Ulkohammastus, py\u00f6r\u00e4npuoli: 22, 22; Pituus (mm): 887; Asennuspuoli: Py\u00f6r\u00e4n paikka 1; Vaihteistomalli: Schaltgetriebe 5 Gang; FIAT: GRANDE PUNTO 199,PUNTO EVO 199,PUNTO 199,PUNTO Van 199,PUNTO EVO Van 199_; ALFA ROMEO: MITO 955; 55700559, 71791084, 71796831, 55700559, 71791084, 71796831, 46308339, 51754513, 51947021, 55700557, 55700559, 71789837, 71791082, 71791084, 71796831<\/p>\n","protected":false},"excerpt":{"rendered":"<p>GSP Vetoakseli 217111  FIAT,ALFA ROMEO,GRANDE PUNTO 199,PUNTO EVO 199,PUNTO 199,PUNTO Van 199,PUNTO EVO Van 199_,MITO 955<\/p>\n","protected":false},"featured_media":0,"template":"","meta":{"site-sidebar-layout":"default","site-content-layout":"default","ast-global-header-display":"","ast-main-header-display":"","ast-hfb-above-header-display":"","ast-hfb-below-header-display":"","ast-hfb-mobile-header-display":"","site-post-title":"","ast-breadcrumbs-content":"","ast-featured-img":"","footer-sml-layout":"","theme-transparent-header-meta":"","adv-header-id-meta":"","stick-header-meta":"","header-above-stick-meta":"","header-main-stick-meta":"","header-below-stick-meta":""},"pwb-brand":[543],"product_cat":[215],"product_tag":[],"class_list":{"0":"post-104574","1":"product","2":"type-product","3":"status-publish","5":"pwb-brand-gsp","6":"product_cat-vetoakseli","7":"desktop-align-left","8":"tablet-align-left","9":"mobile-align-left","11":"first","12":"instock","13":"product-type-external"},"brands":[{"id":543,"name":"GSP","slug":"gsp"}],"_links":{"self":[{"href":"https:\/\/www.autonvaraosahaku.fi\/index.php?rest_route=\/wp\/v2\/product\/104574","targetHints":{"allow":["GET"]}}],"collection":[{"href":"https:\/\/www.autonvaraosahaku.fi\/index.php?rest_route=\/wp\/v2\/product"}],"about":[{"href":"https:\/\/www.autonvaraosahaku.fi\/index.php?rest_route=\/wp\/v2\/types\/product"}],"wp:attachment":[{"href":"https:\/\/www.autonvaraosahaku.fi\/index.php?rest_route=%2Fwp%2Fv2%2Fmedia&parent=104574"}],"wp:term":[{"taxonomy":"pwb-brand","embeddable":true,"href":"https:\/\/www.autonvaraosahaku.fi\/index.php?rest_route=%2Fwp%2Fv2%2Fpwb-brand&post=104574"},{"taxonomy":"product_cat","embeddable":true,"href":"https:\/\/www.autonvaraosahaku.fi\/index.php?rest_route=%2Fwp%2Fv2%2Fproduct_cat&post=104574"},{"taxonomy":"product_tag","embeddable":true,"href":"https:\/\/www.autonvaraosahaku.fi\/index.php?rest_route=%2Fwp%2Fv2%2Fproduct_tag&post=104574"}],"curies":[{"name":"wp","href":"https:\/\/api.w.org\/{rel}","templated":true}]}}