{"id":104589,"date":"2021-02-21T23:03:39","date_gmt":"2021-02-21T23:03:39","guid":{"rendered":"https:\/\/www.autonvaraosahaku.fi\/?product=gsp-203273-vetoakseli"},"modified":"2021-02-21T23:03:44","modified_gmt":"2021-02-21T23:03:44","slug":"gsp-203273-vetoakseli","status":"publish","type":"product","link":"https:\/\/www.autonvaraosahaku.fi\/?product=gsp-203273-vetoakseli","title":{"rendered":"GSP 203273 Vetoakseli"},"content":{"rendered":"<p>L\u00e4pimitta 2 [mm]: 123; Tiivisteen l\u00e4pimitta [mm]: 76,5; Ulkohammastus, py\u00f6r\u00e4npuoli: 42; Kierremitta: M16x1,5; Pituus (mm): 460; Asennuspuoli: Py\u00f6r\u00e4n paikka 1; Vaihteistomalli: f\u00fcr Getriebeautomatik 7 Gang; AUDI: A4 Avant 8K5, B8,A4 8K2, B8,A5 8T3,A5 Sportback 8TA,A4 Allroad 8KH, B8,A5 Cabriolet 8F7,A4 Avant 8W5, B9,A4 8W2, B9,A5 Sportback F5A,A5 F53,A4 Allroad 8WH, B9,A5 Cabriolet F57; 8K0407271AH, 8K0407271AJ, 8K0407271AK, 8K0407271D, 8K0407271F, 8K0407271Q, 8K0407271R, 8K0407451AV, 8K0407451GX, 8K0407451HX, 8K0407451KX, 8K0407451L, 8K0407451LX, 8KD407271A, 8W0407271E, 8W0407271F, 8K0407271D, 8K0407451AV, 8W0407271F, 8K0407271D, 8K0407451AV, 8W0407271F, 8K0407271D, 8K0407451AV, 8W0407271F<\/p>\n","protected":false},"excerpt":{"rendered":"<p>GSP Vetoakseli 203273  AUDI,A4 Avant 8K5, B8,A4 8K2, B8,A5 8T3,A5 Sportback 8TA,A4 Allroad 8KH, B8,A5 Cabriolet 8F7,A4 Avant 8W5, B9,A4 8W2, B9<\/p>\n","protected":false},"featured_media":0,"template":"","meta":{"site-sidebar-layout":"default","site-content-layout":"default","ast-global-header-display":"","ast-main-header-display":"","ast-hfb-above-header-display":"","ast-hfb-below-header-display":"","ast-hfb-mobile-header-display":"","site-post-title":"","ast-breadcrumbs-content":"","ast-featured-img":"","footer-sml-layout":"","theme-transparent-header-meta":"","adv-header-id-meta":"","stick-header-meta":"","header-above-stick-meta":"","header-main-stick-meta":"","header-below-stick-meta":""},"pwb-brand":[543],"product_cat":[215],"product_tag":[],"class_list":{"0":"post-104589","1":"product","2":"type-product","3":"status-publish","5":"pwb-brand-gsp","6":"product_cat-vetoakseli","7":"desktop-align-left","8":"tablet-align-left","9":"mobile-align-left","11":"first","12":"instock","13":"product-type-external"},"brands":[{"id":543,"name":"GSP","slug":"gsp"}],"_links":{"self":[{"href":"https:\/\/www.autonvaraosahaku.fi\/index.php?rest_route=\/wp\/v2\/product\/104589","targetHints":{"allow":["GET"]}}],"collection":[{"href":"https:\/\/www.autonvaraosahaku.fi\/index.php?rest_route=\/wp\/v2\/product"}],"about":[{"href":"https:\/\/www.autonvaraosahaku.fi\/index.php?rest_route=\/wp\/v2\/types\/product"}],"wp:attachment":[{"href":"https:\/\/www.autonvaraosahaku.fi\/index.php?rest_route=%2Fwp%2Fv2%2Fmedia&parent=104589"}],"wp:term":[{"taxonomy":"pwb-brand","embeddable":true,"href":"https:\/\/www.autonvaraosahaku.fi\/index.php?rest_route=%2Fwp%2Fv2%2Fpwb-brand&post=104589"},{"taxonomy":"product_cat","embeddable":true,"href":"https:\/\/www.autonvaraosahaku.fi\/index.php?rest_route=%2Fwp%2Fv2%2Fproduct_cat&post=104589"},{"taxonomy":"product_tag","embeddable":true,"href":"https:\/\/www.autonvaraosahaku.fi\/index.php?rest_route=%2Fwp%2Fv2%2Fproduct_tag&post=104589"}],"curies":[{"name":"wp","href":"https:\/\/api.w.org\/{rel}","templated":true}]}}