{"id":10459,"date":"2021-02-21T14:08:53","date_gmt":"2021-02-21T14:08:53","guid":{"rendered":"https:\/\/www.autonvaraosahaku.fi\/?product=metzger-0917263-lammityslaitteen-puhaltimen-vastus"},"modified":"2021-02-21T14:08:53","modified_gmt":"2021-02-21T14:08:53","slug":"metzger-0917263-lammityslaitteen-puhaltimen-vastus","status":"publish","type":"product","link":"https:\/\/www.autonvaraosahaku.fi\/?product=metzger-0917263-lammityslaitteen-puhaltimen-vastus","title":{"rendered":"METZGER 0917263 L\u00e4mmityslaitteen puhaltimen vastus"},"content":{"rendered":"<p>Varusteet: Autoihin, joissa ilmastointi; Napojen m\u00e4\u00e4r\u00e4: 4; J\u00e4nnite (V): 12; Vasen \/ oikea liikenne: f\u00fcr Linkslenker; FORD: FIESTA IV JA_, JB_,KA RB_,STREET KA RL2,PUMA EC_,TRANSIT  MK-5 Bus E_ _,TRANSIT MK-5 Pritsche\/Fahrgestell E_ _,TRANSIT MK-5 Kasten E_ _,KA Van RB,TRANSIT TOURNEO E_; 1006913, 1049715, 1078188, 1104100, 96FW18B647BA, 96FW18B647BB, 96FW18B647BC, XS6H18B647AA; Vastus, Sis\u00e4ilmantuuletin<\/p>\n","protected":false},"excerpt":{"rendered":"<p>METZGER L\u00e4mmityslaitteen Puhaltimen Vastus 0917263 Vastus, Sis\u00e4ilmantuuletin FORD,FIESTA IV JA_, JB_,KA RB_,STREET KA RL2,PUMA EC_<\/p>\n","protected":false},"featured_media":0,"template":"","meta":{"site-sidebar-layout":"default","site-content-layout":"default","ast-global-header-display":"","ast-main-header-display":"","ast-hfb-above-header-display":"","ast-hfb-below-header-display":"","ast-hfb-mobile-header-display":"","site-post-title":"","ast-breadcrumbs-content":"","ast-featured-img":"","footer-sml-layout":"","theme-transparent-header-meta":"","adv-header-id-meta":"","stick-header-meta":"","header-above-stick-meta":"","header-main-stick-meta":"","header-below-stick-meta":""},"pwb-brand":[69],"product_cat":[134],"product_tag":[],"class_list":{"0":"post-10459","1":"product","2":"type-product","3":"status-publish","5":"pwb-brand-metzger","6":"product_cat-lammityslaitteen-puhaltimen-vastus","7":"desktop-align-left","8":"tablet-align-left","9":"mobile-align-left","11":"first","12":"instock","13":"product-type-external"},"brands":[{"id":69,"name":"METZGER","slug":"metzger"}],"_links":{"self":[{"href":"https:\/\/www.autonvaraosahaku.fi\/index.php?rest_route=\/wp\/v2\/product\/10459","targetHints":{"allow":["GET"]}}],"collection":[{"href":"https:\/\/www.autonvaraosahaku.fi\/index.php?rest_route=\/wp\/v2\/product"}],"about":[{"href":"https:\/\/www.autonvaraosahaku.fi\/index.php?rest_route=\/wp\/v2\/types\/product"}],"wp:attachment":[{"href":"https:\/\/www.autonvaraosahaku.fi\/index.php?rest_route=%2Fwp%2Fv2%2Fmedia&parent=10459"}],"wp:term":[{"taxonomy":"pwb-brand","embeddable":true,"href":"https:\/\/www.autonvaraosahaku.fi\/index.php?rest_route=%2Fwp%2Fv2%2Fpwb-brand&post=10459"},{"taxonomy":"product_cat","embeddable":true,"href":"https:\/\/www.autonvaraosahaku.fi\/index.php?rest_route=%2Fwp%2Fv2%2Fproduct_cat&post=10459"},{"taxonomy":"product_tag","embeddable":true,"href":"https:\/\/www.autonvaraosahaku.fi\/index.php?rest_route=%2Fwp%2Fv2%2Fproduct_tag&post=10459"}],"curies":[{"name":"wp","href":"https:\/\/api.w.org\/{rel}","templated":true}]}}