{"id":104601,"date":"2021-02-21T23:03:45","date_gmt":"2021-02-21T23:03:45","guid":{"rendered":"https:\/\/www.autonvaraosahaku.fi\/?product=gsp-857009-vetonivel"},"modified":"2021-02-21T23:03:48","modified_gmt":"2021-02-21T23:03:48","slug":"gsp-857009-vetonivel","status":"publish","type":"product","link":"https:\/\/www.autonvaraosahaku.fi\/?product=gsp-857009-vetonivel","title":{"rendered":"GSP 857009 Vetonivel"},"content":{"rendered":"<p>Erittely: Inner groove; Tiivisteen l\u00e4pimitta [mm]: 48; Sis\u00e4hammastus, py\u00f6r\u00e4npuoli: 30; Ulkohammastus, py\u00f6r\u00e4npuoli: 26; Kierremitta: M8; Pituus (mm): 181,5; Asennuspuoli: Py\u00f6r\u00e4n puoli, Vorderachse rechts; SUZUKI: GRAND VITARA I FT,VITARA ET, TA,VITARA Cabrio ET, TA,GRAND VITARA I Cabriolet GT; 4410167D00, 4410167D01, 4410178E00, 4410267D00, 4410278E00; Nivelsarja, Vetoakseli<\/p>\n","protected":false},"excerpt":{"rendered":"<p>GSP Vetonivel 857009 Nivelsarja, Vetoakseli SUZUKI,GRAND VITARA I FT,VITARA ET, TA,VITARA Cabrio ET, TA,GRAND VITARA I Cabriolet GT<\/p>\n","protected":false},"featured_media":0,"template":"","meta":{"site-sidebar-layout":"default","site-content-layout":"default","ast-global-header-display":"","ast-main-header-display":"","ast-hfb-above-header-display":"","ast-hfb-below-header-display":"","ast-hfb-mobile-header-display":"","site-post-title":"","ast-breadcrumbs-content":"","ast-featured-img":"","footer-sml-layout":"","theme-transparent-header-meta":"","adv-header-id-meta":"","stick-header-meta":"","header-above-stick-meta":"","header-main-stick-meta":"","header-below-stick-meta":""},"pwb-brand":[543],"product_cat":[175],"product_tag":[],"class_list":{"0":"post-104601","1":"product","2":"type-product","3":"status-publish","5":"pwb-brand-gsp","6":"product_cat-vetonivel","7":"desktop-align-left","8":"tablet-align-left","9":"mobile-align-left","11":"first","12":"instock","13":"product-type-external"},"brands":[{"id":543,"name":"GSP","slug":"gsp"}],"_links":{"self":[{"href":"https:\/\/www.autonvaraosahaku.fi\/index.php?rest_route=\/wp\/v2\/product\/104601","targetHints":{"allow":["GET"]}}],"collection":[{"href":"https:\/\/www.autonvaraosahaku.fi\/index.php?rest_route=\/wp\/v2\/product"}],"about":[{"href":"https:\/\/www.autonvaraosahaku.fi\/index.php?rest_route=\/wp\/v2\/types\/product"}],"wp:attachment":[{"href":"https:\/\/www.autonvaraosahaku.fi\/index.php?rest_route=%2Fwp%2Fv2%2Fmedia&parent=104601"}],"wp:term":[{"taxonomy":"pwb-brand","embeddable":true,"href":"https:\/\/www.autonvaraosahaku.fi\/index.php?rest_route=%2Fwp%2Fv2%2Fpwb-brand&post=104601"},{"taxonomy":"product_cat","embeddable":true,"href":"https:\/\/www.autonvaraosahaku.fi\/index.php?rest_route=%2Fwp%2Fv2%2Fproduct_cat&post=104601"},{"taxonomy":"product_tag","embeddable":true,"href":"https:\/\/www.autonvaraosahaku.fi\/index.php?rest_route=%2Fwp%2Fv2%2Fproduct_tag&post=104601"}],"curies":[{"name":"wp","href":"https:\/\/api.w.org\/{rel}","templated":true}]}}