{"id":104603,"date":"2021-02-21T23:03:45","date_gmt":"2021-02-21T23:03:45","guid":{"rendered":"https:\/\/www.autonvaraosahaku.fi\/?product=gsp-235001-vetoakseli"},"modified":"2021-02-21T23:03:49","modified_gmt":"2021-02-21T23:03:49","slug":"gsp-235001-vetoakseli","status":"publish","type":"product","link":"https:\/\/www.autonvaraosahaku.fi\/?product=gsp-235001-vetoakseli","title":{"rendered":"GSP 235001 Vetoakseli"},"content":{"rendered":"<p>L\u00e4pimitta 2 [mm]: 100, 100; Tiivisteen l\u00e4pimitta [mm]: 62; Ulkohammastus, py\u00f6r\u00e4npuoli: 25; Pituus (mm): 665; Asennuspuoli: Taka-akseli, molemminpuolinen; Vaihteistomalli: AT\/MT, AT\/MT; Jarru-\/ajodynamiikka: f\u00fcr Fahrzeuge ohne ASD; MERCEDES-BENZ: Stufenheck W124; 1243502910, 1243508810, 1343508810, A1243508810<\/p>\n","protected":false},"excerpt":{"rendered":"<p>GSP Vetoakseli 235001  MERCEDES-BENZ,Stufenheck W124<\/p>\n","protected":false},"featured_media":0,"template":"","meta":{"site-sidebar-layout":"default","site-content-layout":"default","ast-global-header-display":"","ast-main-header-display":"","ast-hfb-above-header-display":"","ast-hfb-below-header-display":"","ast-hfb-mobile-header-display":"","site-post-title":"","ast-breadcrumbs-content":"","ast-featured-img":"","footer-sml-layout":"","theme-transparent-header-meta":"","adv-header-id-meta":"","stick-header-meta":"","header-above-stick-meta":"","header-main-stick-meta":"","header-below-stick-meta":""},"pwb-brand":[543],"product_cat":[215],"product_tag":[],"class_list":{"0":"post-104603","1":"product","2":"type-product","3":"status-publish","5":"pwb-brand-gsp","6":"product_cat-vetoakseli","7":"desktop-align-left","8":"tablet-align-left","9":"mobile-align-left","11":"first","12":"instock","13":"product-type-external"},"brands":[{"id":543,"name":"GSP","slug":"gsp"}],"_links":{"self":[{"href":"https:\/\/www.autonvaraosahaku.fi\/index.php?rest_route=\/wp\/v2\/product\/104603","targetHints":{"allow":["GET"]}}],"collection":[{"href":"https:\/\/www.autonvaraosahaku.fi\/index.php?rest_route=\/wp\/v2\/product"}],"about":[{"href":"https:\/\/www.autonvaraosahaku.fi\/index.php?rest_route=\/wp\/v2\/types\/product"}],"wp:attachment":[{"href":"https:\/\/www.autonvaraosahaku.fi\/index.php?rest_route=%2Fwp%2Fv2%2Fmedia&parent=104603"}],"wp:term":[{"taxonomy":"pwb-brand","embeddable":true,"href":"https:\/\/www.autonvaraosahaku.fi\/index.php?rest_route=%2Fwp%2Fv2%2Fpwb-brand&post=104603"},{"taxonomy":"product_cat","embeddable":true,"href":"https:\/\/www.autonvaraosahaku.fi\/index.php?rest_route=%2Fwp%2Fv2%2Fproduct_cat&post=104603"},{"taxonomy":"product_tag","embeddable":true,"href":"https:\/\/www.autonvaraosahaku.fi\/index.php?rest_route=%2Fwp%2Fv2%2Fproduct_tag&post=104603"}],"curies":[{"name":"wp","href":"https:\/\/api.w.org\/{rel}","templated":true}]}}