{"id":104608,"date":"2021-02-21T23:03:45","date_gmt":"2021-02-21T23:03:45","guid":{"rendered":"https:\/\/www.autonvaraosahaku.fi\/?product=gsp-803087-vetonivel"},"modified":"2021-02-21T23:03:50","modified_gmt":"2021-02-21T23:03:50","slug":"gsp-803087-vetonivel","status":"publish","type":"product","link":"https:\/\/www.autonvaraosahaku.fi\/?product=gsp-803087-vetonivel","title":{"rendered":"GSP 803087 Vetonivel"},"content":{"rendered":"<p>Erittely: Middle groove; Tiivisteen l\u00e4pimitta [mm]: 76,5, 76,5; Sis\u00e4hammastus, py\u00f6r\u00e4npuoli: 27; Ulkohammastus, py\u00f6r\u00e4npuoli: 42; Kierremitta: M16x1,5; Pituus (mm): 88,5; Asennuspuoli: Vorderachse; AUDI: A4 Avant 8K5, B8,A4 8K2, B8,Q5 8R,A5 8T3,A5 Sportback 8TA,A7 Sportback 4GA, 4GF,A5 Cabriolet 8F7,A8 4H_; 8K0498099CX, 8K0498099D, 8K0498099DX; Nivelsarja, Vetoakseli<\/p>\n","protected":false},"excerpt":{"rendered":"<p>GSP Vetonivel 803087 Nivelsarja, Vetoakseli AUDI,A4 Avant 8K5, B8,A4 8K2, B8,Q5 8R,A5 8T3,A5 Sportback 8TA,A7 Sportback 4GA, 4GF,A5 Cabriolet 8F7<\/p>\n","protected":false},"featured_media":0,"template":"","meta":{"site-sidebar-layout":"default","site-content-layout":"default","ast-global-header-display":"","ast-main-header-display":"","ast-hfb-above-header-display":"","ast-hfb-below-header-display":"","ast-hfb-mobile-header-display":"","site-post-title":"","ast-breadcrumbs-content":"","ast-featured-img":"","footer-sml-layout":"","theme-transparent-header-meta":"","adv-header-id-meta":"","stick-header-meta":"","header-above-stick-meta":"","header-main-stick-meta":"","header-below-stick-meta":""},"pwb-brand":[543],"product_cat":[175],"product_tag":[],"class_list":{"0":"post-104608","1":"product","2":"type-product","3":"status-publish","5":"pwb-brand-gsp","6":"product_cat-vetonivel","7":"desktop-align-left","8":"tablet-align-left","9":"mobile-align-left","11":"first","12":"instock","13":"product-type-external"},"brands":[{"id":543,"name":"GSP","slug":"gsp"}],"_links":{"self":[{"href":"https:\/\/www.autonvaraosahaku.fi\/index.php?rest_route=\/wp\/v2\/product\/104608","targetHints":{"allow":["GET"]}}],"collection":[{"href":"https:\/\/www.autonvaraosahaku.fi\/index.php?rest_route=\/wp\/v2\/product"}],"about":[{"href":"https:\/\/www.autonvaraosahaku.fi\/index.php?rest_route=\/wp\/v2\/types\/product"}],"wp:attachment":[{"href":"https:\/\/www.autonvaraosahaku.fi\/index.php?rest_route=%2Fwp%2Fv2%2Fmedia&parent=104608"}],"wp:term":[{"taxonomy":"pwb-brand","embeddable":true,"href":"https:\/\/www.autonvaraosahaku.fi\/index.php?rest_route=%2Fwp%2Fv2%2Fpwb-brand&post=104608"},{"taxonomy":"product_cat","embeddable":true,"href":"https:\/\/www.autonvaraosahaku.fi\/index.php?rest_route=%2Fwp%2Fv2%2Fproduct_cat&post=104608"},{"taxonomy":"product_tag","embeddable":true,"href":"https:\/\/www.autonvaraosahaku.fi\/index.php?rest_route=%2Fwp%2Fv2%2Fproduct_tag&post=104608"}],"curies":[{"name":"wp","href":"https:\/\/api.w.org\/{rel}","templated":true}]}}