{"id":104617,"date":"2021-02-21T23:03:51","date_gmt":"2021-02-21T23:03:51","guid":{"rendered":"https:\/\/www.autonvaraosahaku.fi\/?product=gsp-810067-vetonivel"},"modified":"2021-02-21T23:03:53","modified_gmt":"2021-02-21T23:03:53","slug":"gsp-810067-vetonivel","status":"publish","type":"product","link":"https:\/\/www.autonvaraosahaku.fi\/?product=gsp-810067-vetonivel","title":{"rendered":"GSP 810067 Vetonivel"},"content":{"rendered":"<p>Erittely: Inner groove; Hammasluku, ABS-keh\u00e4: 48; Tiivisteen l\u00e4pimitta [mm]: 58,5, 58,5; Sis\u00e4hammastus, py\u00f6r\u00e4npuoli: 34; Ulkohammastus, py\u00f6r\u00e4npuoli: 25; Kierremitta: M24x1,5; Pituus (mm): 134; Asennuspuoli: radseitig; PEUGEOT: 308 SW,208,308 4A_, 4C_,PARTNER Combispace 5F,2008,PARTNER Kasten 5,PARTNER Pritsche\/Fahrgestell; CITRO\u00cbN: BERLINGO MF,XSARA PICASSO N68,DS3,BERLINGO Kasten M_,C3 Picasso,C3 II,XSARA N1,XSARA Break N2,DS4,XSARA Coupe N0,DS3 Cabriolet,XSARA Kasten,XSARA Kasten\/Schr\u00e4gheck; 3272FG, 3272KL, 3272LP, 3272LE, 3272LG, 3273KR; Nivelsarja, Vetoakseli<\/p>\n","protected":false},"excerpt":{"rendered":"<p>GSP Vetonivel 810067 Nivelsarja, Vetoakseli PEUGEOT,CITRO\u00cbN,308 SW,208,308 4A_, 4C_,PARTNER Combispace 5F,2008,PARTNER Kasten 5<\/p>\n","protected":false},"featured_media":0,"template":"","meta":{"site-sidebar-layout":"default","site-content-layout":"default","ast-global-header-display":"","ast-main-header-display":"","ast-hfb-above-header-display":"","ast-hfb-below-header-display":"","ast-hfb-mobile-header-display":"","site-post-title":"","ast-breadcrumbs-content":"","ast-featured-img":"","footer-sml-layout":"","theme-transparent-header-meta":"","adv-header-id-meta":"","stick-header-meta":"","header-above-stick-meta":"","header-main-stick-meta":"","header-below-stick-meta":""},"pwb-brand":[543],"product_cat":[175],"product_tag":[],"class_list":{"0":"post-104617","1":"product","2":"type-product","3":"status-publish","5":"pwb-brand-gsp","6":"product_cat-vetonivel","7":"desktop-align-left","8":"tablet-align-left","9":"mobile-align-left","11":"first","12":"instock","13":"product-type-external"},"brands":[{"id":543,"name":"GSP","slug":"gsp"}],"_links":{"self":[{"href":"https:\/\/www.autonvaraosahaku.fi\/index.php?rest_route=\/wp\/v2\/product\/104617","targetHints":{"allow":["GET"]}}],"collection":[{"href":"https:\/\/www.autonvaraosahaku.fi\/index.php?rest_route=\/wp\/v2\/product"}],"about":[{"href":"https:\/\/www.autonvaraosahaku.fi\/index.php?rest_route=\/wp\/v2\/types\/product"}],"wp:attachment":[{"href":"https:\/\/www.autonvaraosahaku.fi\/index.php?rest_route=%2Fwp%2Fv2%2Fmedia&parent=104617"}],"wp:term":[{"taxonomy":"pwb-brand","embeddable":true,"href":"https:\/\/www.autonvaraosahaku.fi\/index.php?rest_route=%2Fwp%2Fv2%2Fpwb-brand&post=104617"},{"taxonomy":"product_cat","embeddable":true,"href":"https:\/\/www.autonvaraosahaku.fi\/index.php?rest_route=%2Fwp%2Fv2%2Fproduct_cat&post=104617"},{"taxonomy":"product_tag","embeddable":true,"href":"https:\/\/www.autonvaraosahaku.fi\/index.php?rest_route=%2Fwp%2Fv2%2Fproduct_tag&post=104617"}],"curies":[{"name":"wp","href":"https:\/\/api.w.org\/{rel}","templated":true}]}}