{"id":104620,"date":"2021-02-21T23:03:51","date_gmt":"2021-02-21T23:03:51","guid":{"rendered":"https:\/\/www.autonvaraosahaku.fi\/?product=gsp-823023-vetonivel"},"modified":"2021-02-21T23:03:54","modified_gmt":"2021-02-21T23:03:54","slug":"gsp-823023-vetonivel","status":"publish","type":"product","link":"https:\/\/www.autonvaraosahaku.fi\/?product=gsp-823023-vetonivel","title":{"rendered":"GSP 823023 Vetonivel"},"content":{"rendered":"<p>Erittely: Middle groove; Tiivisteen l\u00e4pimitta [mm]: 55; Sis\u00e4hammastus, py\u00f6r\u00e4npuoli: 30; Ulkohammastus, py\u00f6r\u00e4npuoli: 26; Kierremitta: M22x1,5; Pituus (mm): 135; Asennuspuoli: Py\u00f6r\u00e4n paikka 1, radseitig; HONDA: CRX III EH, EG,CIVIC V Hatchback EG,CIVIC V Stufenheck EG, EH; 44010S04J01, 44010SR1003, 44010SR3020, 44010SR3030, 44010SR3040, 44010SR3901, 44010SR3902, 44010SR3903, 44010SR3952, 44010ST7900, 44011S04J01, 44011SR3020, 44011SR3030, 44011SR3040, 44011SR3901, 44011SR3902, 44011SR3903, 44011SR3952, 44011ST7900, 44014SR3C00; Nivelsarja, Vetoakseli<\/p>\n","protected":false},"excerpt":{"rendered":"<p>GSP Vetonivel 823023 Nivelsarja, Vetoakseli HONDA,CRX III EH, EG,CIVIC V Hatchback EG,CIVIC V Stufenheck EG, EH<\/p>\n","protected":false},"featured_media":0,"template":"","meta":{"site-sidebar-layout":"default","site-content-layout":"default","ast-global-header-display":"","ast-main-header-display":"","ast-hfb-above-header-display":"","ast-hfb-below-header-display":"","ast-hfb-mobile-header-display":"","site-post-title":"","ast-breadcrumbs-content":"","ast-featured-img":"","footer-sml-layout":"","theme-transparent-header-meta":"","adv-header-id-meta":"","stick-header-meta":"","header-above-stick-meta":"","header-main-stick-meta":"","header-below-stick-meta":""},"pwb-brand":[543],"product_cat":[175],"product_tag":[],"class_list":{"0":"post-104620","1":"product","2":"type-product","3":"status-publish","5":"pwb-brand-gsp","6":"product_cat-vetonivel","7":"desktop-align-left","8":"tablet-align-left","9":"mobile-align-left","11":"first","12":"instock","13":"product-type-external"},"brands":[{"id":543,"name":"GSP","slug":"gsp"}],"_links":{"self":[{"href":"https:\/\/www.autonvaraosahaku.fi\/index.php?rest_route=\/wp\/v2\/product\/104620","targetHints":{"allow":["GET"]}}],"collection":[{"href":"https:\/\/www.autonvaraosahaku.fi\/index.php?rest_route=\/wp\/v2\/product"}],"about":[{"href":"https:\/\/www.autonvaraosahaku.fi\/index.php?rest_route=\/wp\/v2\/types\/product"}],"wp:attachment":[{"href":"https:\/\/www.autonvaraosahaku.fi\/index.php?rest_route=%2Fwp%2Fv2%2Fmedia&parent=104620"}],"wp:term":[{"taxonomy":"pwb-brand","embeddable":true,"href":"https:\/\/www.autonvaraosahaku.fi\/index.php?rest_route=%2Fwp%2Fv2%2Fpwb-brand&post=104620"},{"taxonomy":"product_cat","embeddable":true,"href":"https:\/\/www.autonvaraosahaku.fi\/index.php?rest_route=%2Fwp%2Fv2%2Fproduct_cat&post=104620"},{"taxonomy":"product_tag","embeddable":true,"href":"https:\/\/www.autonvaraosahaku.fi\/index.php?rest_route=%2Fwp%2Fv2%2Fproduct_tag&post=104620"}],"curies":[{"name":"wp","href":"https:\/\/api.w.org\/{rel}","templated":true}]}}