{"id":104638,"date":"2021-02-21T23:03:57","date_gmt":"2021-02-21T23:03:57","guid":{"rendered":"https:\/\/www.autonvaraosahaku.fi\/?product=gsp-810025-vetonivel"},"modified":"2021-02-21T23:03:59","modified_gmt":"2021-02-21T23:03:59","slug":"gsp-810025-vetonivel","status":"publish","type":"product","link":"https:\/\/www.autonvaraosahaku.fi\/?product=gsp-810025-vetonivel","title":{"rendered":"GSP 810025 Vetonivel"},"content":{"rendered":"<p>Erittely: Inner groove; Tiivisteen l\u00e4pimitta [mm]: 60; Sis\u00e4hammastus, py\u00f6r\u00e4npuoli: 22; Ulkohammastus, py\u00f6r\u00e4npuoli: 25; Kierremitta: M24x1,5; Pituus (mm): 134, 134; Asennuspuoli: Py\u00f6r\u00e4n paikka 1, radseitig; CITRO\u00cbN: C4 I LC_,C4 Coupe LA_; PEUGEOT: 207 WA_, WC_,307 SW 3H,307 CC 3B,307 3A\/C,207 SW WK_,307 Break 3E; 32725X, 32725X, 3272KY, 3272LA, 3273AH, 3273KL, 3273KP; Nivelsarja, Vetoakseli<\/p>\n","protected":false},"excerpt":{"rendered":"<p>GSP Vetonivel 810025 Nivelsarja, Vetoakseli CITRO\u00cbN,PEUGEOT,C4 I LC_,C4 Coupe LA_,207 WA_, WC_,307 SW 3H,307 CC 3B,307 3A\/C,207 SW WK_,307 Break 3E<\/p>\n","protected":false},"featured_media":0,"template":"","meta":{"site-sidebar-layout":"default","site-content-layout":"default","ast-global-header-display":"","ast-main-header-display":"","ast-hfb-above-header-display":"","ast-hfb-below-header-display":"","ast-hfb-mobile-header-display":"","site-post-title":"","ast-breadcrumbs-content":"","ast-featured-img":"","footer-sml-layout":"","theme-transparent-header-meta":"","adv-header-id-meta":"","stick-header-meta":"","header-above-stick-meta":"","header-main-stick-meta":"","header-below-stick-meta":""},"pwb-brand":[543],"product_cat":[175],"product_tag":[],"class_list":{"0":"post-104638","1":"product","2":"type-product","3":"status-publish","5":"pwb-brand-gsp","6":"product_cat-vetonivel","7":"desktop-align-left","8":"tablet-align-left","9":"mobile-align-left","11":"first","12":"instock","13":"product-type-external"},"brands":[{"id":543,"name":"GSP","slug":"gsp"}],"_links":{"self":[{"href":"https:\/\/www.autonvaraosahaku.fi\/index.php?rest_route=\/wp\/v2\/product\/104638","targetHints":{"allow":["GET"]}}],"collection":[{"href":"https:\/\/www.autonvaraosahaku.fi\/index.php?rest_route=\/wp\/v2\/product"}],"about":[{"href":"https:\/\/www.autonvaraosahaku.fi\/index.php?rest_route=\/wp\/v2\/types\/product"}],"wp:attachment":[{"href":"https:\/\/www.autonvaraosahaku.fi\/index.php?rest_route=%2Fwp%2Fv2%2Fmedia&parent=104638"}],"wp:term":[{"taxonomy":"pwb-brand","embeddable":true,"href":"https:\/\/www.autonvaraosahaku.fi\/index.php?rest_route=%2Fwp%2Fv2%2Fpwb-brand&post=104638"},{"taxonomy":"product_cat","embeddable":true,"href":"https:\/\/www.autonvaraosahaku.fi\/index.php?rest_route=%2Fwp%2Fv2%2Fproduct_cat&post=104638"},{"taxonomy":"product_tag","embeddable":true,"href":"https:\/\/www.autonvaraosahaku.fi\/index.php?rest_route=%2Fwp%2Fv2%2Fproduct_tag&post=104638"}],"curies":[{"name":"wp","href":"https:\/\/api.w.org\/{rel}","templated":true}]}}