{"id":104644,"date":"2021-02-21T23:03:57","date_gmt":"2021-02-21T23:03:57","guid":{"rendered":"https:\/\/www.autonvaraosahaku.fi\/?product=gsp-218263-vetoakseli"},"modified":"2021-02-21T23:04:01","modified_gmt":"2021-02-21T23:04:01","slug":"gsp-218263-vetoakseli","status":"publish","type":"product","link":"https:\/\/www.autonvaraosahaku.fi\/?product=gsp-218263-vetoakseli","title":{"rendered":"GSP 218263 Vetoakseli"},"content":{"rendered":"<p>Tiivisteen l\u00e4pimitta [mm]: 54; Ulkohammastus tasauspy\u00f6r\u00e4st\u00f6puoli: 26; Ulkohammastus, py\u00f6r\u00e4npuoli: 25; Pituus (mm): 628; Valmistusvuosi alkaen: 03\/2003; FORD: TOURNEO CONNECT; 1328365, 1383755, 1417751, 1451465, 1501263, 2T143B437CA, 2T143B437CB, 2T143B437CC, 2T143B437CD, 2T143B437CE, 2T143B437FA, 2T143B437FB, 2T143B437FC, 2T143B437FD, 4490558, 4501957, 4994093, 5083616, 9T163B437AA, 9T163B437AAD, RM2T143B437CB<\/p>\n","protected":false},"excerpt":{"rendered":"<p>GSP Vetoakseli 218263  FORD,TOURNEO CONNECT<\/p>\n","protected":false},"featured_media":0,"template":"","meta":{"site-sidebar-layout":"default","site-content-layout":"default","ast-global-header-display":"","ast-main-header-display":"","ast-hfb-above-header-display":"","ast-hfb-below-header-display":"","ast-hfb-mobile-header-display":"","site-post-title":"","ast-breadcrumbs-content":"","ast-featured-img":"","footer-sml-layout":"","theme-transparent-header-meta":"","adv-header-id-meta":"","stick-header-meta":"","header-above-stick-meta":"","header-main-stick-meta":"","header-below-stick-meta":""},"pwb-brand":[543],"product_cat":[215],"product_tag":[],"class_list":{"0":"post-104644","1":"product","2":"type-product","3":"status-publish","5":"pwb-brand-gsp","6":"product_cat-vetoakseli","7":"desktop-align-left","8":"tablet-align-left","9":"mobile-align-left","11":"first","12":"instock","13":"product-type-external"},"brands":[{"id":543,"name":"GSP","slug":"gsp"}],"_links":{"self":[{"href":"https:\/\/www.autonvaraosahaku.fi\/index.php?rest_route=\/wp\/v2\/product\/104644","targetHints":{"allow":["GET"]}}],"collection":[{"href":"https:\/\/www.autonvaraosahaku.fi\/index.php?rest_route=\/wp\/v2\/product"}],"about":[{"href":"https:\/\/www.autonvaraosahaku.fi\/index.php?rest_route=\/wp\/v2\/types\/product"}],"wp:attachment":[{"href":"https:\/\/www.autonvaraosahaku.fi\/index.php?rest_route=%2Fwp%2Fv2%2Fmedia&parent=104644"}],"wp:term":[{"taxonomy":"pwb-brand","embeddable":true,"href":"https:\/\/www.autonvaraosahaku.fi\/index.php?rest_route=%2Fwp%2Fv2%2Fpwb-brand&post=104644"},{"taxonomy":"product_cat","embeddable":true,"href":"https:\/\/www.autonvaraosahaku.fi\/index.php?rest_route=%2Fwp%2Fv2%2Fproduct_cat&post=104644"},{"taxonomy":"product_tag","embeddable":true,"href":"https:\/\/www.autonvaraosahaku.fi\/index.php?rest_route=%2Fwp%2Fv2%2Fproduct_tag&post=104644"}],"curies":[{"name":"wp","href":"https:\/\/api.w.org\/{rel}","templated":true}]}}