{"id":104645,"date":"2021-02-21T23:03:57","date_gmt":"2021-02-21T23:03:57","guid":{"rendered":"https:\/\/www.autonvaraosahaku.fi\/?product=gsp-824072-vetonivel"},"modified":"2021-02-21T23:04:01","modified_gmt":"2021-02-21T23:04:01","slug":"gsp-824072-vetonivel","status":"publish","type":"product","link":"https:\/\/www.autonvaraosahaku.fi\/?product=gsp-824072-vetonivel","title":{"rendered":"GSP 824072 Vetonivel"},"content":{"rendered":"<p>Erittely: Inner groove; Hammasluku, ABS-keh\u00e4: 52; Tiivisteen l\u00e4pimitta [mm]: 54; Sis\u00e4hammastus, py\u00f6r\u00e4npuoli: 36; Ulkohammastus, py\u00f6r\u00e4npuoli: 30; Kierremitta: M22x1,5; Pituus (mm): 164,5, 164,5; Asennuspuoli: radseitig; HYUNDAI: SANTA F\u00c9 II CM,SANTA F\u00c9 III DM; KIA: SORENTO II XM; 495002B000, 495002B010, 495002B110, 495002B350, 495002B360, 495002B500, 495002B510, 495002B520, 495002P100, 495002P200, 495003J000, 495003J050, 495003J100, 495003J120, 495012B850, 495012P200, 495012P300, 495002B520, 495002P100, 495003J120, 495012P300; Nivelsarja, Vetoakseli<\/p>\n","protected":false},"excerpt":{"rendered":"<p>GSP Vetonivel 824072 Nivelsarja, Vetoakseli HYUNDAI,KIA,SANTA F\u00c9 II CM,SANTA F\u00c9 III DM,SORENTO II XM<\/p>\n","protected":false},"featured_media":0,"template":"","meta":{"site-sidebar-layout":"default","site-content-layout":"default","ast-global-header-display":"","ast-main-header-display":"","ast-hfb-above-header-display":"","ast-hfb-below-header-display":"","ast-hfb-mobile-header-display":"","site-post-title":"","ast-breadcrumbs-content":"","ast-featured-img":"","footer-sml-layout":"","theme-transparent-header-meta":"","adv-header-id-meta":"","stick-header-meta":"","header-above-stick-meta":"","header-main-stick-meta":"","header-below-stick-meta":""},"pwb-brand":[543],"product_cat":[175],"product_tag":[],"class_list":{"0":"post-104645","1":"product","2":"type-product","3":"status-publish","5":"pwb-brand-gsp","6":"product_cat-vetonivel","7":"desktop-align-left","8":"tablet-align-left","9":"mobile-align-left","11":"first","12":"instock","13":"product-type-external"},"brands":[{"id":543,"name":"GSP","slug":"gsp"}],"_links":{"self":[{"href":"https:\/\/www.autonvaraosahaku.fi\/index.php?rest_route=\/wp\/v2\/product\/104645","targetHints":{"allow":["GET"]}}],"collection":[{"href":"https:\/\/www.autonvaraosahaku.fi\/index.php?rest_route=\/wp\/v2\/product"}],"about":[{"href":"https:\/\/www.autonvaraosahaku.fi\/index.php?rest_route=\/wp\/v2\/types\/product"}],"wp:attachment":[{"href":"https:\/\/www.autonvaraosahaku.fi\/index.php?rest_route=%2Fwp%2Fv2%2Fmedia&parent=104645"}],"wp:term":[{"taxonomy":"pwb-brand","embeddable":true,"href":"https:\/\/www.autonvaraosahaku.fi\/index.php?rest_route=%2Fwp%2Fv2%2Fpwb-brand&post=104645"},{"taxonomy":"product_cat","embeddable":true,"href":"https:\/\/www.autonvaraosahaku.fi\/index.php?rest_route=%2Fwp%2Fv2%2Fproduct_cat&post=104645"},{"taxonomy":"product_tag","embeddable":true,"href":"https:\/\/www.autonvaraosahaku.fi\/index.php?rest_route=%2Fwp%2Fv2%2Fproduct_tag&post=104645"}],"curies":[{"name":"wp","href":"https:\/\/api.w.org\/{rel}","templated":true}]}}